{"id":1091,"date":"2007-02-28T11:32:29","date_gmt":"2007-02-28T11:32:29","guid":{"rendered":""},"modified":"2025-12-03T10:50:03","modified_gmt":"2025-12-03T09:50:03","slug":"shop","status":"publish","type":"page","link":"https:\/\/biofeedback.co.at\/en\/shop\/","title":{"rendered":"Shop f\u00fcr Biofeedback &#038; Neurofeedback"},"content":{"rendered":"<p>[et_pb_section fb_built=&#8220;1&#8243; _builder_version=&#8220;4.23.4&#8243; _module_preset=&#8220;default&#8220; background_color=&#8220;#004363&#8243; global_colors_info=&#8220;{}&#8220;][et_pb_row _builder_version=&#8220;4.23.4&#8243; _module_preset=&#8220;default&#8220; global_colors_info=&#8220;{}&#8220;][et_pb_column type=&#8220;4_4&#8243; _builder_version=&#8220;4.23.4&#8243; _module_preset=&#8220;default&#8220; global_colors_info=&#8220;{}&#8220;][et_pb_heading title=&#8220;Insight Instruments Shop&#8220; _builder_version=&#8220;4.25.1&#8243; _module_preset=&#8220;default&#8220; title_font=&#8220;|700|||||||&#8220; title_text_color=&#8220;#FFFFFF&#8220; title_font_size=&#8220;40px&#8220; title_font_size_tablet=&#8220;40px&#8220; title_font_size_phone=&#8220;32px&#8220; title_font_size_last_edited=&#8220;on|phone&#8220; global_colors_info=&#8220;{}&#8220;][\/et_pb_heading][\/et_pb_column][\/et_pb_row][\/et_pb_section][et_pb_section fb_built=&#8220;1&#8243; _builder_version=&#8220;4.23.4&#8243; _module_preset=&#8220;default&#8220; global_colors_info=&#8220;{}&#8220;][et_pb_row column_structure=&#8220;1_3,1_3,1_3&#8243; _builder_version=&#8220;4.23.4&#8243; _module_preset=&#8220;default&#8220; global_colors_info=&#8220;{}&#8220;][et_pb_column type=&#8220;1_3&#8243; _builder_version=&#8220;4.23.4&#8243; _module_preset=&#8220;default&#8220; global_colors_info=&#8220;{}&#8220;][et_pb_text _builder_version=&#8220;4.23.4&#8243; _module_preset=&#8220;default&#8220; global_colors_info=&#8220;{}&#8220;]<\/p>\n<h2>Hardware<\/h2>\n<p>[\/et_pb_text][\/et_pb_column][et_pb_column type=&#8220;1_3&#8243; _builder_version=&#8220;4.23.4&#8243; _module_preset=&#8220;default&#8220; global_colors_info=&#8220;{}&#8220;][et_pb_blurb title=&#8220;Elektroden und Zubeh\u00f6r&#8220; url=&#8220;\/produkt-kategorie\/elektroden\/&#8220; image=&#8220;https:\/\/biofeedback.co.at\/wp-content\/uploads\/2024\/01\/electrode-1.png&#8220; alt=&#8220;Electroden&#8220; image_icon_width=&#8220;100px&#8220; image_icon_width_tablet=&#8220;80px&#8220; image_icon_width_phone=&#8220;60px&#8220; image_icon_width_last_edited=&#8220;on|phone&#8220; _builder_version=&#8220;4.25.1&#8243; _module_preset=&#8220;default&#8220; header_level=&#8220;h3&#8243; header_font=&#8220;|700|||||||&#8220; header_text_color=&#8220;#FFFFFF&#8220; body_font=&#8220;|300|||||||&#8220; body_text_color=&#8220;#FFFFFF&#8220; body_font_size=&#8220;14px&#8220; background_color=&#8220;#004363&#8243; background_layout=&#8220;dark&#8220; width_tablet=&#8220;&#8220; width_phone=&#8220;&#8220; width_last_edited=&#8220;on|desktop&#8220; custom_margin=&#8220;||20px||false|false&#8220; custom_padding=&#8220;15px|15px|15px|15px|true|true&#8220; link_option_url=&#8220;\/produkt-kategorie\/elektroden\/&#8220; body_font_size_tablet=&#8220;14px&#8220; body_font_size_phone=&#8220;14px&#8220; body_font_size_last_edited=&#8220;on|desktop&#8220; border_radii=&#8220;on|5px|5px|5px|5px&#8220; border_radii_image=&#8220;on|3px|3px|3px|3px&#8220; box_shadow_style=&#8220;preset3&#8243; box_shadow_blur=&#8220;16px&#8220; box_shadow_spread=&#8220;-17px&#8220; box_shadow_color=&#8220;#ffffff&#8220; locked=&#8220;off&#8220; global_colors_info=&#8220;{}&#8220; background__hover_enabled=&#8220;on|hover&#8220; background_color__hover=&#8220;#dbf9f9&#8243; background_enable_color__hover=&#8220;on&#8220; icon_color__hover_enabled=&#8220;on|hover&#8220; icon_color__hover=&#8220;#004363&#8243; header_text_color__hover_enabled=&#8220;on|hover&#8220; header_text_color__hover=&#8220;#004363&#8243; body_text_color__hover_enabled=&#8220;on|hover&#8220; body_text_color__hover=&#8220;#004363&#8243;]<\/p>\n<p>Hier finden Sie alles, was Sie f\u00fcr EMG- und EKG-Biofeedback ben\u00f6tigen, einschlie\u00dflich:<\/p>\n<ul>\n<li><strong>Elektroden<\/strong> f\u00fcr EMG- und EKG-Biofeedback<\/li>\n<li><strong>Adapter<\/strong> f\u00fcr Vaginal- und Anal-Elektroden<\/li>\n<li><strong>Zubeh\u00f6r,<\/strong> wie EEG-B\u00e4nder und Vorbereitungs-Gele<\/li>\n<\/ul>\n<p>[\/et_pb_blurb][\/et_pb_column][et_pb_column type=&#8220;1_3&#8243; _builder_version=&#8220;4.23.4&#8243; _module_preset=&#8220;default&#8220; global_colors_info=&#8220;{}&#8220;][et_pb_blurb title=&#8220;Neuromodul-Sensoren&#8220; url=&#8220;\/produkt-kategorie\/sensoren\/&#8220; image=&#8220;https:\/\/biofeedback.co.at\/wp-content\/uploads\/2024\/01\/sensor.png&#8220; alt=&#8220;Neuromaster Sensoren&#8220; image_icon_width=&#8220;100px&#8220; image_icon_width_tablet=&#8220;80px&#8220; image_icon_width_phone=&#8220;60px&#8220; image_icon_width_last_edited=&#8220;on|phone&#8220; _builder_version=&#8220;4.25.1&#8243; _module_preset=&#8220;default&#8220; header_level=&#8220;h3&#8243; header_font=&#8220;|700|||||||&#8220; header_text_color=&#8220;#FFFFFF&#8220; body_font=&#8220;|300|||||||&#8220; body_text_color=&#8220;#FFFFFF&#8220; body_font_size=&#8220;14px&#8220; background_color=&#8220;#004363&#8243; background_layout=&#8220;dark&#8220; width_tablet=&#8220;&#8220; width_phone=&#8220;&#8220; width_last_edited=&#8220;on|desktop&#8220; custom_margin=&#8220;||20px||false|false&#8220; custom_padding=&#8220;15px|15px|15px|15px|true|true&#8220; link_option_url=&#8220;\/produkt-kategorie\/sensoren\/&#8220; body_font_size_tablet=&#8220;14px&#8220; body_font_size_phone=&#8220;14px&#8220; body_font_size_last_edited=&#8220;on|desktop&#8220; border_radii=&#8220;on|5px|5px|5px|5px&#8220; border_radii_image=&#8220;on|3px|3px|3px|3px&#8220; box_shadow_style=&#8220;preset3&#8243; box_shadow_blur=&#8220;16px&#8220; box_shadow_spread=&#8220;-17px&#8220; box_shadow_color=&#8220;#ffffff&#8220; locked=&#8220;off&#8220; global_colors_info=&#8220;{}&#8220; background__hover_enabled=&#8220;on|hover&#8220; background_color__hover=&#8220;#dbf9f9&#8243; background_enable_color__hover=&#8220;on&#8220; icon_color__hover_enabled=&#8220;on|hover&#8220; icon_color__hover=&#8220;#004363&#8243; header_text_color__hover_enabled=&#8220;on|hover&#8220; header_text_color__hover=&#8220;#004363&#8243; body_text_color__hover_enabled=&#8220;on|hover&#8220; body_text_color__hover=&#8220;#004363&#8243;]<\/p>\n<p>Unsere sechs verschiedenen Sensoren erfassen bis zu 28 Parameter. Sie sind speziell entwickelt, um Messartefakte durch Kabelbewegungen nahezu vollst\u00e4ndig zu eliminieren!<\/p>\n<p>[\/et_pb_blurb][\/et_pb_column][\/et_pb_row][et_pb_row column_structure=&#8220;1_3,1_3,1_3&#8243; _builder_version=&#8220;4.23.4&#8243; _module_preset=&#8220;default&#8220; global_colors_info=&#8220;{}&#8220;][et_pb_column type=&#8220;1_3&#8243; _builder_version=&#8220;4.23.4&#8243; _module_preset=&#8220;default&#8220; global_colors_info=&#8220;{}&#8220;][et_pb_text _builder_version=&#8220;4.23.4&#8243; _module_preset=&#8220;default&#8220; global_colors_info=&#8220;{}&#8220;]<\/p>\n<h2>Software<\/h2>\n<p>[\/et_pb_text][\/et_pb_column][et_pb_column type=&#8220;1_3&#8243; _builder_version=&#8220;4.23.4&#8243; _module_preset=&#8220;default&#8220; global_colors_info=&#8220;{}&#8220;][et_pb_blurb title=&#8220;Updates und Upgrades&#8220; url=&#8220;\/produkt-kategorie\/erweiterungspakete\/&#8220; image=&#8220;https:\/\/biofeedback.co.at\/wp-content\/uploads\/2024\/01\/computer.png&#8220; alt=&#8220;Biolife Updates und Upgrades&#8220; image_icon_width=&#8220;100px&#8220; image_icon_width_tablet=&#8220;80px&#8220; image_icon_width_phone=&#8220;60px&#8220; image_icon_width_last_edited=&#8220;on|phone&#8220; _builder_version=&#8220;4.25.1&#8243; _module_preset=&#8220;default&#8220; header_level=&#8220;h3&#8243; header_font=&#8220;|700|||||||&#8220; header_text_color=&#8220;#FFFFFF&#8220; body_font=&#8220;|300|||||||&#8220; body_text_color=&#8220;#FFFFFF&#8220; body_font_size=&#8220;14px&#8220; background_color=&#8220;#004363&#8243; background_layout=&#8220;dark&#8220; width_tablet=&#8220;&#8220; width_phone=&#8220;&#8220; width_last_edited=&#8220;on|desktop&#8220; custom_margin=&#8220;||20px||false|false&#8220; custom_padding=&#8220;15px|15px|15px|15px|true|true&#8220; link_option_url=&#8220;\/produkt-kategorie\/erweiterungspakete\/&#8220; body_font_size_tablet=&#8220;14px&#8220; body_font_size_phone=&#8220;14px&#8220; body_font_size_last_edited=&#8220;on|desktop&#8220; border_radii=&#8220;on|5px|5px|5px|5px&#8220; border_radii_image=&#8220;on|3px|3px|3px|3px&#8220; box_shadow_style=&#8220;preset3&#8243; box_shadow_blur=&#8220;16px&#8220; box_shadow_spread=&#8220;-17px&#8220; box_shadow_color=&#8220;#ffffff&#8220; locked=&#8220;off&#8220; global_colors_info=&#8220;{}&#8220; background__hover_enabled=&#8220;on|hover&#8220; background_color__hover=&#8220;#dbf9f9&#8243; background_enable_color__hover=&#8220;on&#8220; icon_color__hover_enabled=&#8220;on|hover&#8220; icon_color__hover=&#8220;#004363&#8243; header_text_color__hover_enabled=&#8220;on|hover&#8220; header_text_color__hover=&#8220;#004363&#8243; body_text_color__hover_enabled=&#8220;on|hover&#8220; body_text_color__hover=&#8220;#004363&#8243;]<\/p>\n<p>Die Biolife-Software wird kontinuierlich aktualisiert und erweitert. Hier k\u00f6nnen Sie die neuesten Updates und Upgrades f\u00fcr Ihr Neuromaster-System finden.<\/p>\n<p>[\/et_pb_blurb][et_pb_blurb title=&#8220;Brainboost-Neurofeedback-Software&#8220; image=&#8220;https:\/\/biofeedback.co.at\/wp-content\/uploads\/2024\/05\/idea.webp&#8220; alt=&#8220;brainboost neurofeedback software&#8220; image_icon_width=&#8220;100px&#8220; image_icon_width_tablet=&#8220;80px&#8220; image_icon_width_phone=&#8220;60px&#8220; image_icon_width_last_edited=&#8220;on|phone&#8220; _builder_version=&#8220;4.25.1&#8243; _module_preset=&#8220;default&#8220; header_level=&#8220;h3&#8243; header_font=&#8220;|700|||||||&#8220; header_text_color=&#8220;#FFFFFF&#8220; body_font=&#8220;|300|||||||&#8220; body_text_color=&#8220;#FFFFFF&#8220; body_font_size=&#8220;14px&#8220; background_color=&#8220;#004363&#8243; background_layout=&#8220;dark&#8220; width_tablet=&#8220;&#8220; width_phone=&#8220;&#8220; width_last_edited=&#8220;on|desktop&#8220; custom_margin=&#8220;||20px||false|false&#8220; custom_padding=&#8220;15px|15px|15px|15px|true|true&#8220; link_option_url=&#8220;\/produkt-kategorie\/brain-assistant\/&#8220; body_font_size_tablet=&#8220;14px&#8220; body_font_size_phone=&#8220;14px&#8220; body_font_size_last_edited=&#8220;on|desktop&#8220; border_radii=&#8220;on|5px|5px|5px|5px&#8220; border_radii_image=&#8220;on|3px|3px|3px|3px&#8220; box_shadow_style=&#8220;preset3&#8243; box_shadow_blur=&#8220;16px&#8220; box_shadow_spread=&#8220;-17px&#8220; box_shadow_color=&#8220;#ffffff&#8220; locked=&#8220;off&#8220; global_colors_info=&#8220;{}&#8220; background__hover_enabled=&#8220;on|hover&#8220; background_color__hover=&#8220;#dbf9f9&#8243; background_enable_color__hover=&#8220;on&#8220; icon_color__hover_enabled=&#8220;on|hover&#8220; icon_color__hover=&#8220;#004363&#8243; header_text_color__hover_enabled=&#8220;on|hover&#8220; header_text_color__hover=&#8220;#004363&#8243; body_text_color__hover_enabled=&#8220;on|hover&#8220; body_text_color__hover=&#8220;#004363&#8243;]<\/p>\n<p>Neurofeedback mit motivierenden Spielen, Videos von Netflix, Youtube und anderen Plattformen, um &#8222;Belohnungseffekte&#8220; zu erzielen. Verwendbar mit dem Neuromaster mit EEG-Sensor.<\/p>\n<p>[\/et_pb_blurb][\/et_pb_column][et_pb_column type=&#8220;1_3&#8243; _builder_version=&#8220;4.23.4&#8243; _module_preset=&#8220;default&#8220; global_colors_info=&#8220;{}&#8220;][et_pb_blurb title=&#8220;Sitzungsbibliotheken&#8220; image=&#8220;https:\/\/biofeedback.co.at\/wp-content\/uploads\/2024\/01\/digital-library.png&#8220; alt=&#8220;Biofeedback Sitzungsvorlagen&#8220; image_icon_width=&#8220;100px&#8220; image_icon_width_tablet=&#8220;80px&#8220; image_icon_width_phone=&#8220;60px&#8220; image_icon_width_last_edited=&#8220;on|phone&#8220; _builder_version=&#8220;4.25.1&#8243; _module_preset=&#8220;default&#8220; header_level=&#8220;h3&#8243; header_font=&#8220;|700|||||||&#8220; header_text_color=&#8220;#FFFFFF&#8220; body_font=&#8220;|300|||||||&#8220; body_text_color=&#8220;#FFFFFF&#8220; body_font_size=&#8220;14px&#8220; background_color=&#8220;#004363&#8243; background_layout=&#8220;dark&#8220; width_tablet=&#8220;&#8220; width_phone=&#8220;&#8220; width_last_edited=&#8220;on|desktop&#8220; custom_margin=&#8220;||20px||false|false&#8220; custom_padding=&#8220;15px|15px|15px|15px|true|true&#8220; link_option_url=&#8220;\/produkt-kategorie\/therapiebibliotheken\/&#8220; body_font_size_tablet=&#8220;14px&#8220; body_font_size_phone=&#8220;14px&#8220; body_font_size_last_edited=&#8220;on|desktop&#8220; border_radii=&#8220;on|5px|5px|5px|5px&#8220; border_radii_image=&#8220;on|3px|3px|3px|3px&#8220; box_shadow_style=&#8220;preset3&#8243; box_shadow_blur=&#8220;16px&#8220; box_shadow_spread=&#8220;-17px&#8220; box_shadow_color=&#8220;#ffffff&#8220; locked=&#8220;off&#8220; global_colors_info=&#8220;{}&#8220; background__hover_enabled=&#8220;on|hover&#8220; background_color__hover=&#8220;#dbf9f9&#8243; background_enable_color__hover=&#8220;on&#8220; icon_color__hover_enabled=&#8220;on|hover&#8220; icon_color__hover=&#8220;#004363&#8243; header_text_color__hover_enabled=&#8220;on|hover&#8220; header_text_color__hover=&#8220;#004363&#8243; body_text_color__hover_enabled=&#8220;on|hover&#8220; body_text_color__hover=&#8220;#004363&#8243;]<\/p>\n<p>Sitzungsvorlagen, welche mit nur einem Klick gestartet werden k\u00f6nnen. Zus\u00e4tzlich erhalten Sie f\u00fcr jede Sitzung eine detaillierte Anleitung.<\/p>\n<p>[\/et_pb_blurb][\/et_pb_column][\/et_pb_row][\/et_pb_section]<\/p>\n","protected":false},"excerpt":{"rendered":"<p>HardwareHier finden Sie alles, was Sie f\u00fcr EMG- und EKG-Biofeedback ben\u00f6tigen, einschlie\u00dflich: Elektroden f\u00fcr EMG- und EKG-Biofeedback Adapter f\u00fcr Vaginal- und Anal-Elektroden Zubeh\u00f6r, wie EEG-B\u00e4nder und Vorbereitungs-Gele Unsere sechs verschiedenen Sensoren erfassen bis zu 28 Parameter. Sie sind speziell entwickelt, um Messartefakte durch Kabelbewegungen nahezu vollst\u00e4ndig zu eliminieren!SoftwareDie Biolife-Software wird kontinuierlich aktualisiert und erweitert. Hier [&hellip;]<\/p>\n","protected":false},"author":4,"featured_media":6025,"parent":0,"menu_order":0,"comment_status":"open","ping_status":"open","template":"","meta":{"_et_pb_use_builder":"on","_et_pb_old_content":"<div style=\"display: none;\"><b>Winter-Spezial<\/b><br \/><b>Bis zu 30% oder 3.000\u20ac sparen<\/b><\/div><h1 align=\"left\">Willkommen in unserem Shop<\/h1><div>Bitte beachten Sie: Die Informationen zu unserem prim\u00e4ren Angebot, finden Sie im Abschnitt <b><a href=\"https:\/\/biofeedback.co.at\/index.php?id=352\">Biofeedbackger\u00e4te<\/a><\/b>. Dort erhalten Sie detaillierte Informationen zum <b><a href=\"https:\/\/biofeedback.co.at\/index.php?id=352\">Neuromaster-System f\u00fcr Biofeedback und Neurofeedback.<\/a><\/b><br \/>Hier bieten wir Zubeh\u00f6r f\u00fcr dieses System (Erweiterungspakete, Elektroden und Software an), sowie einige Heimger\u00e4te f\u00fcr den privaten Gebrauch an.<\/div><div>Unter\u00a0Elektroden und Zubeh\u00f6r\u00a0finden Sie die Elektroden f\u00fcr EMG- und EKG-Biofeedback, sowie Adapter f\u00fcr Vaginal- und Anal-Elektroden. Desweiteren finden Sie dort auch s\u00e4mtliches Zubeh\u00f6r f\u00fcr den Neuromaster (Koffer, SD-Karte, Netzteil). Diese Elemente sind in unseren Lieferungen von Haus aus bereits enthalten, diese Seite ist daher prim\u00e4r f\u00fcr Ersatzteile (wenn jemals ben\u00f6tigt) relevant.<br \/>Das Neuromaster-System ist modular aufgebaut, daher finden Sie unter dem Punkt\u00a0Trainingbibliotheken\u00a0die M\u00f6glichkeit zus\u00e4tzliche Sitzungsvorlagen zu erwerben. Der Punkt\u00a0Erweiterungspakete\u00a0beinhaltet abschlie\u00dfend Sammelpakete (Ausbildung, Sensoren, Sitzungsvorlagen) jewweils f\u00fcr ganz spezielle Anwendungsgebiete. Durch diese Kopplung k\u00f6nnen diese kosteng\u00fcnstiger angeboten werden.<\/div><h2 align=\"left\">Biofeedback Heimger\u00e4te<\/h2><div><img class=\" wp-image-3854 alignright\" src=\"https:\/\/biofeedback.co.at\/wp-content\/uploads\/2019\/05\/Biofeedback-Heimger\u00e4te.jpg\" alt=\"\" width=\"124\" height=\"164\" \/>F\u00fcr jene Personen welche Biofeedback gerne einmal spielerisch kennenlernen m\u00f6chten (Anwender vor Anschaffung eines gro\u00dfen Ger\u00e4tes oder Klienten zum probieren und evtl. in Kombination mit der Behandlung) gibt es <b><a href=\"https:\/\/biofeedback.co.at\/index.php?id=375\">kleine Heimger\u00e4te<\/a><\/b>, welche z.B \u00fcber Apps auf dem Smartphone funktionieren.<br \/>Es sei aber hier ausdr\u00fccklich erw\u00e4hnt, dass wir diese Ger\u00e4te unter keinen Umst\u00e4nden zur Training empfehlen k\u00f6nnen. Um professionelle Biofeedback-Training anbieten zu k\u00f6nnen, sollten Sie einige Punkte (wie z.B eine T\u00dcV-Zertifizierung) beachten. N\u00e4here Informationen dazu finden Therapeuten\u00a0unter:\u00a0<b><a href=\"https:\/\/biofeedback.co.at\/index.php?id=425\">Was sollte ich beim Kauf eines Biofeedbackger\u00e4tes beachten.<\/a><\/b><b><\/b><\/div>","_et_gb_content_width":"","footnotes":""},"class_list":["post-1091","page","type-page","status-publish","has-post-thumbnail","hentry"],"_links":{"self":[{"href":"https:\/\/biofeedback.co.at\/en\/wp-json\/wp\/v2\/pages\/1091","targetHints":{"allow":["GET"]}}],"collection":[{"href":"https:\/\/biofeedback.co.at\/en\/wp-json\/wp\/v2\/pages"}],"about":[{"href":"https:\/\/biofeedback.co.at\/en\/wp-json\/wp\/v2\/types\/page"}],"author":[{"embeddable":true,"href":"https:\/\/biofeedback.co.at\/en\/wp-json\/wp\/v2\/users\/4"}],"replies":[{"embeddable":true,"href":"https:\/\/biofeedback.co.at\/en\/wp-json\/wp\/v2\/comments?post=1091"}],"version-history":[{"count":8,"href":"https:\/\/biofeedback.co.at\/en\/wp-json\/wp\/v2\/pages\/1091\/revisions"}],"predecessor-version":[{"id":260838,"href":"https:\/\/biofeedback.co.at\/en\/wp-json\/wp\/v2\/pages\/1091\/revisions\/260838"}],"wp:featuredmedia":[{"embeddable":true,"href":"https:\/\/biofeedback.co.at\/en\/wp-json\/wp\/v2\/media\/6025"}],"wp:attachment":[{"href":"https:\/\/biofeedback.co.at\/en\/wp-json\/wp\/v2\/media?parent=1091"}],"curies":[{"name":"wp","href":"https:\/\/api.w.org\/{rel}","templated":true}]}}