{"id":15952,"date":"2023-09-27T14:51:34","date_gmt":"2023-09-27T12:51:34","guid":{"rendered":"https:\/\/biofeedback.co.at\/?page_id=15952"},"modified":"2026-04-17T12:46:36","modified_gmt":"2026-04-17T10:46:36","slug":"leasing","status":"publish","type":"page","link":"https:\/\/biofeedback.co.at\/en\/neuromaster\/leasing\/","title":{"rendered":"Neuromaster leasing campaign"},"content":{"rendered":"<p>[et_pb_section fb_built=&#8220;1&#8243; _builder_version=&#8220;4.23.1&#8243; _module_preset=&#8220;default&#8220; min_height=&#8220;50vh&#8220; custom_margin=&#8220;||||false|false&#8220; custom_padding=&#8220;0px|0px|0px|0px|false|false&#8220; custom_css_main_element=&#8220;||&#8220; locked=&#8220;off&#8220; global_colors_info=&#8220;{}&#8220; custom_css_main_element_last_edited=&#8220;on|desktop&#8220; custom_css_main_element_tablet=&#8220;display: block;  ||&#8220; custom_css_main_element_phone=&#8220;display: block;  ||&#8220;][et_pb_row column_structure=&#8220;1_2,1_2&#8243; make_equal=&#8220;on&#8220; _builder_version=&#8220;4.23.1&#8243; _module_preset=&#8220;e296c15c-d962-4be6-a1c2-d9238ee73e45&#8243; width=&#8220;100%&#8220; width_tablet=&#8220;100%&#8220; width_phone=&#8220;100%&#8220; max_width=&#8220;100%&#8220; module_alignment=&#8220;center&#8220; min_height=&#8220;62vh&#8220; min_height_tablet=&#8220;50vh&#8220; min_height_phone=&#8220;&#8220; min_height_last_edited=&#8220;on|phone&#8220; custom_margin=&#8220;0px|0px|0px|0px|false|false&#8220; custom_padding=&#8220;0px||0px||true|false&#8220; global_colors_info=&#8220;{}&#8220; custom_css_main_element_last_edited=&#8220;on|desktop&#8220;][et_pb_column type=&#8220;1_2&#8243; _builder_version=&#8220;4.23.1&#8243; _module_preset=&#8220;default&#8220; background_image=&#8220;https:\/\/biofeedback.co.at\/wp-content\/uploads\/2023\/12\/Neuromaster-System.png&#8220; background_position=&#8220;top_left&#8220; background_blend=&#8220;luminosity&#8220; custom_padding=&#8220;0px|0px|0px|0px|true|false&#8220; custom_padding_tablet=&#8220;250px|0px|250px|0px|false|false&#8220; custom_padding_phone=&#8220;170px||150px||false|false&#8220; custom_padding_last_edited=&#8220;on|desktop&#8220; global_colors_info=&#8220;{}&#8220; custom_css_main_element_last_edited=&#8220;on|tablet&#8220;][\/et_pb_column][et_pb_column type=&#8220;1_2&#8243; _builder_version=&#8220;4.23.1&#8243; _module_preset=&#8220;default&#8220; custom_padding_tablet=&#8220;5%|3%|8%|3%|false|true&#8220; custom_padding_phone=&#8220;|5%||5%|false|true&#8220; custom_padding_last_edited=&#8220;on|phone&#8220; custom_css_main_element=&#8220;\t||display: flex; flex-direction: column; justify-content: center;&#8220; global_colors_info=&#8220;{}&#8220;][et_pb_image src=&#8220;https:\/\/biofeedback.co.at\/wp-content\/uploads\/2023\/12\/Neuromaster-System.png&#8220; alt=&#8220;Der NEuromaster ist ein Professionelles System f\u00fcr Biofeedback und Neurofeedback. Viele Therapeuten verwenden dieses System.&#8220; title_text=&#8220;Neuromaster-System&#8220; disabled_on=&#8220;on|on|on&#8220; _builder_version=&#8220;4.27.6&#8243; _module_preset=&#8220;default&#8220; hover_enabled=&#8220;0&#8243; global_colors_info=&#8220;{}&#8220; disabled=&#8220;on&#8220; sticky_enabled=&#8220;0&#8243;][\/et_pb_image][et_pb_text _builder_version=&#8220;4.27.6&#8243; _module_preset=&#8220;default&#8220; custom_padding=&#8220;|18px|6px||false|false&#8220; header_font_size_phone=&#8220;39px&#8220; global_colors_info=&#8220;{}&#8220;]<\/p>\n<h1><strong>Kauf-Leasing: Ihr Neuromaster. Sofort. Flexibel.\u00a0<\/strong><\/h1>\n<p><strong><\/strong><\/p>\n<p>Investieren Sie in die Zukunft Ihrer Praxis \u2013 mit monatlichen Raten, die sich selbst tragen.<\/p>\n<p>Es handelt sich hierbei um ein Restwert-Leasing \u00fcber 48 Monate. Nach dieser Zeit und einer Restrate von 5% geh\u00f6rt das Ger\u00e4t ganz Ihnen \u2013 es muss NICHT zur\u00fcckgegeben werden!<\/p>\n<p>&nbsp;<\/p>\n<p>[\/et_pb_text][\/et_pb_column][\/et_pb_row][\/et_pb_section][et_pb_section fb_built=&#8220;1&#8243; _builder_version=&#8220;4.23.1&#8243; _module_preset=&#8220;default&#8220; background_color=&#8220;#004363&#8243; global_colors_info=&#8220;{}&#8220;][et_pb_row _builder_version=&#8220;4.23.1&#8243; _module_preset=&#8220;default&#8220; custom_margin=&#8220;||20px||false|false&#8220; custom_padding=&#8220;||||false|false&#8220; global_colors_info=&#8220;{}&#8220; icon_color__hover=&#8220;#FFA85B&#8220; icon_color__hover_enabled=&#8220;on|desktop&#8220; body_text_color__hover=&#8220;#FFA85B&#8220; body_text_color__hover_enabled=&#8220;on|desktop&#8220;][et_pb_column type=&#8220;4_4&#8243; _builder_version=&#8220;4.23.1&#8243; _module_preset=&#8220;default&#8220; global_colors_info=&#8220;{}&#8220;][et_pb_text _builder_version=&#8220;4.23.1&#8243; _module_preset=&#8220;default&#8220; header_2_text_color=&#8220;#FFFFFF&#8220; custom_margin=&#8220;||0px||false|false&#8220; global_colors_info=&#8220;{}&#8220;]<\/p>\n<h2>Die Vorteile dieser Leasing-Methode sind:<\/h2>\n<ul><\/ul>\n<p>[\/et_pb_text][et_pb_blurb use_icon=&#8220;on&#8220; font_icon=&#8220;&#x52;||divi||400&#8243; icon_color=&#8220;#FFA85B&#8220; icon_placement=&#8220;left&#8220; image_icon_width=&#8220;20px&#8220; content_max_width=&#8220;1100px&#8220; _builder_version=&#8220;4.27.6&#8243; _module_preset=&#8220;default&#8220; header_text_align=&#8220;left&#8220; body_text_align=&#8220;left&#8220; body_text_color=&#8220;#FFFFFF&#8220; module_alignment=&#8220;left&#8220; custom_margin=&#8220;||15px||false|false&#8220; custom_css_free_form=&#8220;selector .et_pb_blurb_content{margin-left:0px}&#8220; global_colors_info=&#8220;{}&#8220;]<\/p>\n<p><strong>Liquidit\u00e4t bleibt erhalten<\/strong>\u2013 Ihr Geld bleibt im Umlauf, wo es f\u00fcr Ihre Praxis gebraucht wird.<\/p>\n<p>[\/et_pb_blurb][et_pb_blurb use_icon=&#8220;on&#8220; font_icon=&#8220;&#x52;||divi||400&#8243; icon_color=&#8220;#FFA85B&#8220; icon_placement=&#8220;left&#8220; image_icon_width=&#8220;20px&#8220; content_max_width=&#8220;1100px&#8220; _builder_version=&#8220;4.27.6&#8243; _module_preset=&#8220;default&#8220; header_text_align=&#8220;left&#8220; body_text_align=&#8220;left&#8220; body_text_color=&#8220;#FFFFFF&#8220; module_alignment=&#8220;left&#8220; custom_margin=&#8220;||15px||false|false&#8220; custom_css_free_form=&#8220;selector .et_pb_blurb_content{margin-left:0px}&#8220; global_colors_info=&#8220;{}&#8220;]<\/p>\n<p><strong>Planungssicherheit<\/strong><span> \u2013 Sie wissen genau, was auf Sie zukommt \u2013 monatlich und langfristig.<\/span><\/p>\n<p>[\/et_pb_blurb][et_pb_blurb use_icon=&#8220;on&#8220; font_icon=&#8220;&#x52;||divi||400&#8243; icon_color=&#8220;#FFA85B&#8220; icon_placement=&#8220;left&#8220; image_icon_width=&#8220;20px&#8220; content_max_width=&#8220;1100px&#8220; _builder_version=&#8220;4.27.6&#8243; _module_preset=&#8220;default&#8220; header_text_align=&#8220;left&#8220; body_text_align=&#8220;left&#8220; body_text_color=&#8220;#FFFFFF&#8220; module_alignment=&#8220;left&#8220; custom_margin=&#8220;||15px||false|false&#8220; custom_css_free_form=&#8220;selector .et_pb_blurb_content{margin-left:0px}&#8220; global_colors_info=&#8220;{}&#8220;]<\/p>\n<p><strong>Investition ohne Belastung<\/strong><span> \u2013 Keine gro\u00dfen Summen im Voraus, keine Kreditaufnahme.<\/span><\/p>\n<p>[\/et_pb_blurb][et_pb_blurb use_icon=&#8220;on&#8220; font_icon=&#8220;&#x52;||divi||400&#8243; icon_color=&#8220;#FFA85B&#8220; icon_placement=&#8220;left&#8220; image_icon_width=&#8220;20px&#8220; content_max_width=&#8220;1100px&#8220; _builder_version=&#8220;4.27.6&#8243; _module_preset=&#8220;default&#8220; header_text_align=&#8220;left&#8220; body_text_align=&#8220;left&#8220; body_text_color=&#8220;#FFFFFF&#8220; module_alignment=&#8220;left&#8220; custom_margin=&#8220;||15px||false|false&#8220; custom_css_free_form=&#8220;selector .et_pb_blurb_content{margin-left:0px}&#8220; global_colors_info=&#8220;{}&#8220;]<\/p>\n<p><strong>Amortisation durch Therapie<\/strong><span> \u2013 Das Neuromaster-System finanziert sich durch die laufenden Einnahmen aus Ihrer Arbeit.<\/span><\/p>\n<p>[\/et_pb_blurb][et_pb_text _builder_version=&#8220;4.27.6&#8243; _module_preset=&#8220;default&#8220; text_text_color=&#8220;#FFFFFF&#8220; custom_margin=&#8220;5px|||||&#8220; global_colors_info=&#8220;{}&#8220;]<\/p>\n<p><strong>So starten Sie noch heute!<\/strong><\/p>\n<p>[\/et_pb_text][et_pb_text _builder_version=&#8220;4.27.6&#8243; _module_preset=&#8220;default&#8220; header_2_text_color=&#8220;#FFFFFF&#8220; custom_margin=&#8220;||0px||false|false&#8220; global_colors_info=&#8220;{}&#8220;]<\/p>\n<h2><strong>Fragen? Wir beraten Sie gerne: unverbindlich und pers\u00f6nlich.<\/strong><\/h2>\n<ul><\/ul>\n<p>[\/et_pb_text][et_pb_button button_url=&#8220;https:\/\/insightinstruments.zohobookings.eu\/#\/212909000000034018&#8243; button_text=&#8220;Zur Beratung&#8220; _builder_version=&#8220;4.27.6&#8243; _module_preset=&#8220;default&#8220; global_colors_info=&#8220;{}&#8220;][\/et_pb_button][\/et_pb_column][\/et_pb_row][\/et_pb_section][et_pb_section fb_built=&#8220;1&#8243; _builder_version=&#8220;4.23.1&#8243; _module_preset=&#8220;default&#8220; global_colors_info=&#8220;{}&#8220;][et_pb_row column_structure=&#8220;1_3,1_3,1_3&#8243; _builder_version=&#8220;4.23.1&#8243; _module_preset=&#8220;default&#8220; global_colors_info=&#8220;{}&#8220;][et_pb_column type=&#8220;1_3&#8243; _builder_version=&#8220;4.23.1&#8243; _module_preset=&#8220;default&#8220; global_colors_info=&#8220;{}&#8220;][et_pb_text _builder_version=&#8220;4.23.1&#8243; _module_preset=&#8220;default&#8220; global_colors_info=&#8220;{}&#8220;]<\/p>\n<h2>Biofeedback-Paket<\/h2>\n<ul>\n<li><strong>Leasing Rate: 185,- \u20ac\/ Monat exkl. MwSt.<\/strong><\/li>\n<li><strong>Restwert: 5%<\/strong><\/li>\n<li><strong>Laufzeit: 48 Monate<\/strong><\/li>\n<\/ul>\n<p>[\/et_pb_text][\/et_pb_column][et_pb_column type=&#8220;1_3&#8243; _builder_version=&#8220;4.23.1&#8243; _module_preset=&#8220;default&#8220; global_colors_info=&#8220;{}&#8220;][et_pb_blurb title=&#8220;Der Neuromaster&#8220; use_icon=&#8220;on&#8220; font_icon=&#8220;&#x52;||divi||400&#8243; icon_color=&#8220;#FFA85B&#8220; icon_placement=&#8220;left&#8220; image_icon_width=&#8220;20px&#8220; _builder_version=&#8220;4.23.1&#8243; _module_preset=&#8220;default&#8220; header_font=&#8220;|700|||||||&#8220; header_text_align=&#8220;left&#8220; header_text_color=&#8220;#004363&#8243; body_font=&#8220;|300|||||||&#8220; body_text_align=&#8220;left&#8220; body_text_color=&#8220;#004363&#8243; background_color=&#8220;#e5f9f3&#8243; module_alignment=&#8220;left&#8220; custom_margin=&#8220;||15px||false|false&#8220; custom_padding=&#8220;10px|10px|10px|10px|true|true&#8220; custom_css_free_form=&#8220;selector .et_pb_blurb_content{margin-left:0px}&#8220; border_radii=&#8220;on|5px|5px|5px|5px&#8220; border_width_all=&#8220;1px&#8220; border_color_all=&#8220;#004363&#8243; locked=&#8220;off&#8220; global_colors_info=&#8220;{}&#8220;]<\/p>\n<p><span>Datenerfassungseinheit\u00a0<\/span><\/p>\n<p>[\/et_pb_blurb][et_pb_blurb title=&#8220;Software Biolife&#8220; use_icon=&#8220;on&#8220; font_icon=&#8220;&#x52;||divi||400&#8243; icon_color=&#8220;#FFA85B&#8220; icon_placement=&#8220;left&#8220; image_icon_width=&#8220;20px&#8220; _builder_version=&#8220;4.23.1&#8243; _module_preset=&#8220;default&#8220; header_font=&#8220;|700|||||||&#8220; header_text_align=&#8220;left&#8220; header_text_color=&#8220;#004363&#8243; body_font=&#8220;|300|||||||&#8220; body_text_align=&#8220;left&#8220; body_text_color=&#8220;#004363&#8243; background_color=&#8220;#e5f9f3&#8243; module_alignment=&#8220;left&#8220; custom_margin=&#8220;||15px||false|false&#8220; custom_padding=&#8220;10px|10px|10px|10px|true|true&#8220; custom_css_free_form=&#8220;selector .et_pb_blurb_content{margin-left:0px}&#8220; border_radii=&#8220;on|5px|5px|5px|5px&#8220; border_width_all=&#8220;1px&#8220; border_color_all=&#8220;#004363&#8243; locked=&#8220;off&#8220; global_colors_info=&#8220;{}&#8220;]<\/p>\n<p><span>Multimediasoftware f\u00fcr den Neuromaster\u00a0<\/span><\/p>\n<p>[\/et_pb_blurb][et_pb_blurb title=&#8220;Multisensor&#8220; use_icon=&#8220;on&#8220; font_icon=&#8220;&#x52;||divi||400&#8243; icon_color=&#8220;#FFA85B&#8220; icon_placement=&#8220;left&#8220; image_icon_width=&#8220;20px&#8220; _builder_version=&#8220;4.23.1&#8243; _module_preset=&#8220;default&#8220; header_font=&#8220;|700|||||||&#8220; header_text_align=&#8220;left&#8220; header_text_color=&#8220;#004363&#8243; body_font=&#8220;|300|||||||&#8220; body_text_align=&#8220;left&#8220; body_text_color=&#8220;#004363&#8243; background_color=&#8220;#e5f9f3&#8243; module_alignment=&#8220;left&#8220; custom_margin=&#8220;||15px||false|false&#8220; custom_padding=&#8220;10px|10px|10px|10px|true|true&#8220; custom_css_free_form=&#8220;selector .et_pb_blurb_content{margin-left:0px}&#8220; border_radii=&#8220;on|5px|5px|5px|5px&#8220; border_width_all=&#8220;1px&#8220; border_color_all=&#8220;#004363&#8243; locked=&#8220;off&#8220; global_colors_info=&#8220;{}&#8220;]<\/p>\n<p><span>f\u00fcr Hautleitwert, Temperatur und Puls<\/span><\/p>\n<p>[\/et_pb_blurb][et_pb_blurb title=&#8220;EMG-Sensor&#8220; use_icon=&#8220;on&#8220; font_icon=&#8220;&#x52;||divi||400&#8243; icon_color=&#8220;#FFA85B&#8220; icon_placement=&#8220;left&#8220; image_icon_width=&#8220;20px&#8220; _builder_version=&#8220;4.23.1&#8243; _module_preset=&#8220;default&#8220; header_font=&#8220;|700|||||||&#8220; header_text_align=&#8220;left&#8220; header_text_color=&#8220;#004363&#8243; body_font=&#8220;|300|||||||&#8220; body_text_align=&#8220;left&#8220; body_text_color=&#8220;#004363&#8243; background_color=&#8220;#e5f9f3&#8243; module_alignment=&#8220;left&#8220; custom_margin=&#8220;||15px||false|false&#8220; custom_padding=&#8220;10px|10px|10px|10px|true|true&#8220; custom_css_free_form=&#8220;selector .et_pb_blurb_content{margin-left:0px}&#8220; border_radii=&#8220;on|5px|5px|5px|5px&#8220; border_width_all=&#8220;1px&#8220; border_color_all=&#8220;#004363&#8243; locked=&#8220;off&#8220; global_colors_info=&#8220;{}&#8220;]<\/p>\n<p><span>f\u00fcr Muskelspannung<\/span><\/p>\n<p>[\/et_pb_blurb][\/et_pb_column][et_pb_column type=&#8220;1_3&#8243; _builder_version=&#8220;4.23.1&#8243; _module_preset=&#8220;default&#8220; global_colors_info=&#8220;{}&#8220;][et_pb_blurb title=&#8220;Atemsensor&#8220; use_icon=&#8220;on&#8220; font_icon=&#8220;&#x52;||divi||400&#8243; icon_color=&#8220;#FFA85B&#8220; icon_placement=&#8220;left&#8220; image_icon_width=&#8220;20px&#8220; _builder_version=&#8220;4.23.1&#8243; _module_preset=&#8220;default&#8220; header_font=&#8220;|700|||||||&#8220; header_text_align=&#8220;left&#8220; header_text_color=&#8220;#004363&#8243; body_font=&#8220;|300|||||||&#8220; body_text_align=&#8220;left&#8220; body_text_color=&#8220;#004363&#8243; background_color=&#8220;#e5f9f3&#8243; module_alignment=&#8220;left&#8220; custom_margin=&#8220;||15px||false|false&#8220; custom_padding=&#8220;10px|10px|10px|10px|true|true&#8220; custom_css_free_form=&#8220;selector .et_pb_blurb_content{margin-left:0px}&#8220; border_radii=&#8220;on|5px|5px|5px|5px&#8220; border_width_all=&#8220;1px&#8220; border_color_all=&#8220;#004363&#8243; locked=&#8220;off&#8220; global_colors_info=&#8220;{}&#8220;]<\/p>\n<p>f\u00fcr Messung der Atmung<\/p>\n<p>[\/et_pb_blurb][et_pb_blurb title=&#8220;Sitzungsbibliothek Easy-Start&#8220; use_icon=&#8220;on&#8220; font_icon=&#8220;&#x52;||divi||400&#8243; icon_color=&#8220;#FFA85B&#8220; icon_placement=&#8220;left&#8220; image_icon_width=&#8220;20px&#8220; _builder_version=&#8220;4.23.1&#8243; _module_preset=&#8220;default&#8220; header_font=&#8220;|700|||||||&#8220; header_text_align=&#8220;left&#8220; header_text_color=&#8220;#004363&#8243; body_font=&#8220;|300|||||||&#8220; body_text_align=&#8220;left&#8220; body_text_color=&#8220;#004363&#8243; background_color=&#8220;#e5f9f3&#8243; module_alignment=&#8220;left&#8220; custom_margin=&#8220;||15px||false|false&#8220; custom_padding=&#8220;10px|10px|10px|10px|true|true&#8220; custom_css_free_form=&#8220;selector .et_pb_blurb_content{margin-left:0px}&#8220; border_radii=&#8220;on|5px|5px|5px|5px&#8220; border_width_all=&#8220;1px&#8220; border_color_all=&#8220;#004363&#8243; locked=&#8220;off&#8220; global_colors_info=&#8220;{}&#8220;]<\/p>\n<p>f\u00fcr einen schnellen Einstieg<\/p>\n<p>[\/et_pb_blurb][et_pb_blurb title=&#8220;Sitzungsbibliotheken&#8220; use_icon=&#8220;on&#8220; font_icon=&#8220;&#x52;||divi||400&#8243; icon_color=&#8220;#FFA85B&#8220; icon_placement=&#8220;left&#8220; image_icon_width=&#8220;20px&#8220; _builder_version=&#8220;4.23.1&#8243; _module_preset=&#8220;default&#8220; header_font=&#8220;|700|||||||&#8220; header_text_align=&#8220;left&#8220; header_text_color=&#8220;#004363&#8243; body_font=&#8220;|300|||||||&#8220; body_text_align=&#8220;left&#8220; body_text_color=&#8220;#004363&#8243; background_color=&#8220;#e5f9f3&#8243; module_alignment=&#8220;left&#8220; custom_margin=&#8220;||15px||false|false&#8220; custom_padding=&#8220;10px|10px|10px|10px|true|true&#8220; custom_css_free_form=&#8220;selector .et_pb_blurb_content{margin-left:0px}&#8220; border_radii=&#8220;on|5px|5px|5px|5px&#8220; border_width_all=&#8220;1px&#8220; border_color_all=&#8220;#004363&#8243; locked=&#8220;off&#8220; global_colors_info=&#8220;{}&#8220;]<\/p>\n<p><span>3 Sitzungsbibliotheken nach Wahl<\/span><\/p>\n<p>[\/et_pb_blurb][et_pb_blurb title=&#8220;Einschulung&#8220; use_icon=&#8220;on&#8220; font_icon=&#8220;&#x52;||divi||400&#8243; icon_color=&#8220;#FFA85B&#8220; icon_placement=&#8220;left&#8220; image_icon_width=&#8220;20px&#8220; _builder_version=&#8220;4.23.1&#8243; _module_preset=&#8220;default&#8220; header_font=&#8220;|700|||||||&#8220; header_text_align=&#8220;left&#8220; header_text_color=&#8220;#004363&#8243; body_font=&#8220;|300|||||||&#8220; body_text_align=&#8220;left&#8220; body_text_color=&#8220;#004363&#8243; background_color=&#8220;#e5f9f3&#8243; module_alignment=&#8220;left&#8220; custom_margin=&#8220;||15px||false|false&#8220; custom_padding=&#8220;10px|10px|10px|10px|true|true&#8220; custom_css_free_form=&#8220;selector .et_pb_blurb_content{margin-left:0px}&#8220; border_radii=&#8220;on|5px|5px|5px|5px&#8220; border_width_all=&#8220;1px&#8220; border_color_all=&#8220;#004363&#8243; locked=&#8220;off&#8220; global_colors_info=&#8220;{}&#8220;]<\/p>\n<p><span>Online Einschulung \u00fcber Zoom\u00a0<\/span><\/p>\n<p>[\/et_pb_blurb][\/et_pb_column][\/et_pb_row][et_pb_row column_structure=&#8220;1_2,1_2&#8243; _builder_version=&#8220;4.23.1&#8243; _module_preset=&#8220;default&#8220; custom_padding=&#8220;||41px|||&#8220; global_colors_info=&#8220;{}&#8220;][et_pb_column type=&#8220;1_2&#8243; _builder_version=&#8220;4.16&#8243; _module_preset=&#8220;default&#8220; global_colors_info=&#8220;{}&#8220;][et_pb_text _builder_version=&#8220;4.23.1&#8243; _module_preset=&#8220;default&#8220; custom_margin=&#8220;||20px||false|false&#8220; global_colors_info=&#8220;{}&#8220;]<\/p>\n<h2>Erg\u00e4nzungen<\/h2>\n<p>[\/et_pb_text][et_pb_blurb title=&#8220;Weitere Sensoren&#8220; use_icon=&#8220;on&#8220; font_icon=&#8220;&#x50;||divi||400&#8243; icon_color=&#8220;#FFA85B&#8220; icon_placement=&#8220;left&#8220; image_icon_width=&#8220;20px&#8220; _builder_version=&#8220;4.23.1&#8243; _module_preset=&#8220;default&#8220; header_font=&#8220;|700|||||||&#8220; header_text_align=&#8220;left&#8220; header_text_color=&#8220;#004363&#8243; body_font=&#8220;|300|||||||&#8220; body_text_align=&#8220;left&#8220; body_text_color=&#8220;#004363&#8243; background_color=&#8220;#e5f9f3&#8243; module_alignment=&#8220;left&#8220; custom_margin=&#8220;||15px||false|false&#8220; custom_padding=&#8220;10px|10px|10px|10px|true|true&#8220; custom_css_free_form=&#8220;selector .et_pb_blurb_content{margin-left:0px}&#8220; border_radii=&#8220;on|5px|5px|5px|5px&#8220; border_width_all=&#8220;1px&#8220; border_color_all=&#8220;#004363&#8243; locked=&#8220;off&#8220; global_colors_info=&#8220;{}&#8220;]<\/p>\n<p><span>f\u00fcr z. B.\u00a0<\/span>Neurofeedback<\/p>\n<p><strong>19,00 \u20ac\/Monat<\/strong><\/p>\n<p>[\/et_pb_blurb][et_pb_blurb title=&#8220;Weitere Sitzungsbibliotheken&#8220; use_icon=&#8220;on&#8220; font_icon=&#8220;&#x50;||divi||400&#8243; icon_color=&#8220;#FFA85B&#8220; icon_placement=&#8220;left&#8220; image_icon_width=&#8220;20px&#8220; _builder_version=&#8220;4.23.1&#8243; _module_preset=&#8220;default&#8220; header_font=&#8220;|700|||||||&#8220; header_text_align=&#8220;left&#8220; header_text_color=&#8220;#004363&#8243; body_font=&#8220;|300|||||||&#8220; body_text_align=&#8220;left&#8220; body_text_color=&#8220;#004363&#8243; background_color=&#8220;#e5f9f3&#8243; module_alignment=&#8220;left&#8220; custom_margin=&#8220;||15px||false|false&#8220; custom_padding=&#8220;10px|10px|10px|10px|true|true&#8220; custom_css_free_form=&#8220;selector .et_pb_blurb_content{margin-left:0px}&#8220; border_radii=&#8220;on|5px|5px|5px|5px&#8220; border_width_all=&#8220;1px&#8220; border_color_all=&#8220;#004363&#8243; locked=&#8220;off&#8220; global_colors_info=&#8220;{}&#8220;]<\/p>\n<p><strong>9,00 \u20ac\/Monat<\/strong><\/p>\n<p>[\/et_pb_blurb][et_pb_blurb title=&#8220;Biofeedback Akademie Intensivwoche&#8220; use_icon=&#8220;on&#8220; font_icon=&#8220;&#x50;||divi||400&#8243; icon_color=&#8220;#FFA85B&#8220; icon_placement=&#8220;left&#8220; image_icon_width=&#8220;20px&#8220; _builder_version=&#8220;4.27.6&#8243; _module_preset=&#8220;default&#8220; header_font=&#8220;|700|||||||&#8220; header_text_align=&#8220;left&#8220; header_text_color=&#8220;#004363&#8243; body_font=&#8220;|300|||||||&#8220; body_text_align=&#8220;left&#8220; body_text_color=&#8220;#004363&#8243; background_color=&#8220;#e5f9f3&#8243; module_alignment=&#8220;left&#8220; custom_margin=&#8220;||15px||false|false&#8220; custom_padding=&#8220;10px|10px|10px|10px|true|true&#8220; custom_css_free_form=&#8220;selector .et_pb_blurb_content{margin-left:0px}&#8220; border_radii=&#8220;on|5px|5px|5px|5px&#8220; border_width_all=&#8220;1px&#8220; border_color_all=&#8220;#004363&#8243; locked=&#8220;off&#8220; global_colors_info=&#8220;{}&#8220;]<\/p>\n<p>10 % Rabatt auf die Biofeedback und Neurofeedback Intensivwoche der <a href=\"https:\/\/biofeedback-akademie.com\/\" target=\"_blank\" rel=\"noopener\">Biofeedback Akademie<\/a><\/p>\n<p><strong>1.777,- \u20ac<\/strong><span>\u00a0statt\u00a0<\/span><span><span style=\"text-decoration: line-through;\">1.974,-<\/span> \u20ac<\/span><span>\u00a0exkl. Mwst.<\/span><\/p>\n<p>[\/et_pb_blurb][\/et_pb_column][et_pb_column type=&#8220;1_2&#8243; _builder_version=&#8220;4.16&#8243; _module_preset=&#8220;default&#8220; global_colors_info=&#8220;{}&#8220;][et_pb_text _builder_version=&#8220;4.27.6&#8243; _module_preset=&#8220;default&#8220; global_colors_info=&#8220;{}&#8220;]<\/p>\n<h2>So funktioniert das Leasing:<\/h2>\n<p>&nbsp;<\/p>\n<ul>\n<li><strong>Kauf-Leasing mit Eigentums\u00fcbergang<\/strong> \u2013 Nach 48 Monaten und Zahlung der Restrate (5%) geh\u00f6rt der Neuromaster Ihnen \u2013 <strong>keine R\u00fcckgabe n\u00f6tig!<\/strong><\/li>\n<li><span><\/span><strong>Abgewickelt \u00fcber Grenke Leasing<\/strong> \u2013 Ein verl\u00e4sslicher Partner f\u00fcr Ihre Finanzierung<\/li>\n<li><span><\/span><span>Leasing kann nicht f\u00fcr Privatpersonen sondern <strong>nur f\u00fcr Gesch\u00e4ftskunden<\/strong> (Unternehmens- oder Praxiseigent\u00fcmer) angeboten werden<\/span><\/li>\n<li><span><\/span><span>Vor Erstellung der Leasing-Vertr\u00e4ge f\u00fchrt Grenke Leasing eine <strong>Bonit\u00e4tspr\u00fcfung<\/strong> durch<\/span><\/li>\n<li><span><strong>Einmalige Bearbeitungsgeb\u00fchr<\/strong> (ca. 75 % EINER Rate) ist zu Beginn f\u00e4llig. <\/span><\/li>\n<li><strong>Das Ger\u00e4t ist zu versichern.<\/strong><\/li>\n<\/ul>\n<p>[\/et_pb_text][\/et_pb_column][\/et_pb_row][\/et_pb_section][et_pb_section fb_built=&#8220;1&#8243; _builder_version=&#8220;4.23.1&#8243; _module_preset=&#8220;default&#8220; background_color=&#8220;#004363&#8243; global_colors_info=&#8220;{}&#8220;][et_pb_row column_structure=&#8220;2_5,3_5&#8243; _builder_version=&#8220;4.23.1&#8243; _module_preset=&#8220;default&#8220; global_colors_info=&#8220;{}&#8220;][et_pb_column type=&#8220;2_5&#8243; _builder_version=&#8220;4.23.1&#8243; _module_preset=&#8220;default&#8220; global_colors_info=&#8220;{}&#8220;][et_pb_text _builder_version=&#8220;4.27.5&#8243; _module_preset=&#8220;default&#8220; text_text_color=&#8220;#FFFFFF&#8220; header_2_text_color=&#8220;#FFFFFF&#8220; custom_padding=&#8220;||0px|||&#8220; global_colors_info=&#8220;{}&#8220;]<\/p>\n<h2>Sind Sie bereit f\u00fcr Ihr Leasing-Angebot? Jetzt anfragen!<\/h2>\n<p>[\/et_pb_text][\/et_pb_column][et_pb_column type=&#8220;3_5&#8243; _builder_version=&#8220;4.23.1&#8243; _module_preset=&#8220;default&#8220; global_colors_info=&#8220;{}&#8220;][et_pb_button button_url=&#8220;https:\/\/biofeedback.co.at\/angebotsanfrage\/&#8220; button_text=&#8220;Angebot hier anfragen&#8220; _builder_version=&#8220;4.27.5&#8243; _module_preset=&#8220;default&#8220; global_colors_info=&#8220;{}&#8220;][\/et_pb_button][\/et_pb_column][\/et_pb_row][\/et_pb_section]<\/p>\n","protected":false},"excerpt":{"rendered":"<p>Kauf-Leasing: Ihr Neuromaster. Sofort. Flexibel.\u00a0 Investieren Sie in die Zukunft Ihrer Praxis \u2013 mit monatlichen Raten, die sich selbst tragen. Es handelt sich hierbei um ein Restwert-Leasing \u00fcber 48 Monate. Nach dieser Zeit und einer Restrate von 5% geh\u00f6rt das Ger\u00e4t ganz Ihnen \u2013 es muss NICHT zur\u00fcckgegeben werden! &nbsp;Die Vorteile dieser Leasing-Methode sind: Liquidit\u00e4t [&hellip;]<\/p>\n","protected":false},"author":4,"featured_media":0,"parent":2754,"menu_order":0,"comment_status":"closed","ping_status":"closed","template":"","meta":{"_et_pb_use_builder":"on","_et_pb_old_content":"","_et_gb_content_width":"","footnotes":""},"class_list":["post-15952","page","type-page","status-publish","hentry"],"_links":{"self":[{"href":"https:\/\/biofeedback.co.at\/en\/wp-json\/wp\/v2\/pages\/15952","targetHints":{"allow":["GET"]}}],"collection":[{"href":"https:\/\/biofeedback.co.at\/en\/wp-json\/wp\/v2\/pages"}],"about":[{"href":"https:\/\/biofeedback.co.at\/en\/wp-json\/wp\/v2\/types\/page"}],"author":[{"embeddable":true,"href":"https:\/\/biofeedback.co.at\/en\/wp-json\/wp\/v2\/users\/4"}],"replies":[{"embeddable":true,"href":"https:\/\/biofeedback.co.at\/en\/wp-json\/wp\/v2\/comments?post=15952"}],"version-history":[{"count":5,"href":"https:\/\/biofeedback.co.at\/en\/wp-json\/wp\/v2\/pages\/15952\/revisions"}],"predecessor-version":[{"id":261223,"href":"https:\/\/biofeedback.co.at\/en\/wp-json\/wp\/v2\/pages\/15952\/revisions\/261223"}],"up":[{"embeddable":true,"href":"https:\/\/biofeedback.co.at\/en\/wp-json\/wp\/v2\/pages\/2754"}],"wp:attachment":[{"href":"https:\/\/biofeedback.co.at\/en\/wp-json\/wp\/v2\/media?parent=15952"}],"curies":[{"name":"wp","href":"https:\/\/api.w.org\/{rel}","templated":true}]}}