{"id":2163,"date":"2012-03-07T17:31:34","date_gmt":"2012-03-07T17:31:34","guid":{"rendered":""},"modified":"2024-02-01T15:57:19","modified_gmt":"2024-02-01T14:57:19","slug":"technischer-service","status":"publish","type":"page","link":"https:\/\/biofeedback.co.at\/en\/technischer-service\/","title":{"rendered":"Technischer Service"},"content":{"rendered":"<p>[et_pb_section fb_built=&#8220;1&#8243; theme_builder_area=&#8220;post_content&#8220; _builder_version=&#8220;4.24.0&#8243; _module_preset=&#8220;default&#8220; background_color=&#8220;#004363&#8243; hover_enabled=&#8220;0&#8243; sticky_enabled=&#8220;0&#8243;][et_pb_row _builder_version=&#8220;4.24.0&#8243; _module_preset=&#8220;default&#8220; theme_builder_area=&#8220;post_content&#8220;][et_pb_column _builder_version=&#8220;4.24.0&#8243; _module_preset=&#8220;default&#8220; type=&#8220;4_4&#8243; theme_builder_area=&#8220;post_content&#8220;][et_pb_text admin_label=&#8220;Text&#8220; _builder_version=&#8220;4.24.0&#8243; background_color=&#8220;RGBA(255,255,255,0)&#8220; background_size=&#8220;initial&#8220; background_position=&#8220;top_left&#8220; background_repeat=&#8220;repeat&#8220; custom_padding=&#8220;10px|10px|10px|10px|true|true&#8220; hover_enabled=&#8220;0&#8243; global_colors_info=&#8220;{}&#8220; theme_builder_area=&#8220;post_content&#8220; header_text_color=&#8220;#FFFFFF&#8220; text_text_color=&#8220;#FFFFFF&#8220; ol_text_color=&#8220;#FFFFFF&#8220; text_font_size=&#8220;17px&#8220; sticky_enabled=&#8220;0&#8243;]<\/p>\n<h1 align=\"left\">Serviceformular<\/h1>\n<div>\n<p><strong>Sie haben ein Problem mit dem Biofeedback-Ger\u00e4t oder der Software? <\/strong><\/p>\n<ol>\n<li>Bitte suchen Sie unter \u201e<strong>Fragen und Antworten<\/strong>\u201c ob die Antwort auf Ihre Fragen sich dort findet.<\/li>\n<li><span style=\"font-size: 16px;\">Falls Sie technischen Support ben\u00f6tigen f\u00fcllen Sie bitte das angef\u00fcgte Support-Formular aus und senden Sie es an uns.<\/span><\/li>\n<\/ol>\n<p>Mit jeder zus\u00e4tzlichen Information helfen Sie uns das Problem besser zu verstehen und beschleunigen die Bearbeitung. Ein Mitarbeiter unserer Support-Teams wird sich dann alsbald mit Ihnen in Verbindung setzen.<\/p>\n<\/div>\n<p>[\/et_pb_text][\/et_pb_column][\/et_pb_row][\/et_pb_section][et_pb_section fb_built=&#8220;1&#8243; admin_label=&#8220;section&#8220; _builder_version=&#8220;4.16&#8243; custom_padding=&#8220;26px|||||&#8220; global_colors_info=&#8220;{}&#8220;][et_pb_row column_structure=&#8220;3_5,2_5&#8243; admin_label=&#8220;row&#8220; _builder_version=&#8220;4.16&#8243; background_size=&#8220;initial&#8220; background_position=&#8220;top_left&#8220; background_repeat=&#8220;repeat&#8220; global_colors_info=&#8220;{}&#8220;][et_pb_column type=&#8220;3_5&#8243; _builder_version=&#8220;4.16&#8243; custom_padding=&#8220;|||&#8220; global_colors_info=&#8220;{}&#8220; custom_padding__hover=&#8220;|||&#8220;][et_pb_text _builder_version=&#8220;4.16&#8243; _module_preset=&#8220;default&#8220; global_colors_info=&#8220;{}&#8220;]<\/p>\n<div>\n<p><iframe id=\"freshwidget-embedded-form\" class=\"freshwidget-embedded-form\" title=\"Feedback Form\" src=\"https:\/\/insightinstruments.freshdesk.com\/widgets\/feedback_widget\/new?&amp;widgetType=embedded&amp;submitTitle=Anfrage+absenden&amp;submitThanks=Vielen+Dank+-+wir+melden+uns+in+K%C3%BCrze!&amp;screenshot=no\" width=\"100%\" height=\"500px\" frameborder=\"0\" scrolling=\"no\"><\/iframe><\/p>\n<\/div>\n<p>[\/et_pb_text][\/et_pb_column][et_pb_column type=&#8220;2_5&#8243; _builder_version=&#8220;4.16&#8243; custom_padding=&#8220;|||&#8220; global_colors_info=&#8220;{}&#8220; custom_padding__hover=&#8220;|||&#8220;][et_pb_text _builder_version=&#8220;4.24.0&#8243; _module_preset=&#8220;default&#8220; hover_enabled=&#8220;0&#8243; global_colors_info=&#8220;{}&#8220; text_font_size=&#8220;17px&#8220; sticky_enabled=&#8220;0&#8243; custom_padding=&#8220;1em|1em|1em|1em|true|true&#8220; background_color=&#8220;#ffa85b&#8220;]<\/p>\n<p><strong>Bitte beachten Sie!<\/strong><\/p>\n<p>Der Support f\u00fcr das alte Physiosystem (=Vorg\u00e4ngermodell des Neuromasters) wurde 2021 nach mehr als 20 Jahren eingestellt und f\u00fcr die Software ist Support ausschlie\u00dflich f\u00fcr die Biolife-Software erh\u00e4ltlich (ein Update wird hier aus Sicherheitsgr\u00fcnden dringendst empfohlen).<\/p>\n<p>Sie haben die M\u00f6glichkeit als Altkunde auf das neue Neuromaster-System umzusteigen, kontaktieren Sie uns bitte!<\/p>\n<p>Der Support \u00fcber unser Formular ist dauerhaft kostenlos. Die telefonische Beratung oder Support via Zoom\/Teamviewer durch einen Techniker ist kostenpflichtig (31,25 EUR\/15 Min.*), falls es sich nicht um einen Garantiefall handelt.<\/p>\n<p>Ein erster \u2018Basis-Support\u2019, falls Sie Unterst\u00fctzung nach dem Kauf eines Ger\u00e4tes oder einzelner Komponenten ben\u00f6tigen, ist f\u00fcr unsere Kunden (auch telefonisch) stets kostenlos.<\/p>\n<p>[\/et_pb_text][\/et_pb_column][\/et_pb_row][\/et_pb_section][et_pb_section fb_built=&#8220;1&#8243; theme_builder_area=&#8220;post_content&#8220; _builder_version=&#8220;4.24.0&#8243; _module_preset=&#8220;default&#8220; background_color=&#8220;#004363&#8243; hover_enabled=&#8220;0&#8243; sticky_enabled=&#8220;0&#8243;][et_pb_row _builder_version=&#8220;4.24.0&#8243; _module_preset=&#8220;default&#8220; theme_builder_area=&#8220;post_content&#8220;][et_pb_column _builder_version=&#8220;4.24.0&#8243; _module_preset=&#8220;default&#8220; type=&#8220;4_4&#8243; theme_builder_area=&#8220;post_content&#8220;][et_pb_text _builder_version=&#8220;4.24.0&#8243; _module_preset=&#8220;default&#8220; hover_enabled=&#8220;0&#8243; global_colors_info=&#8220;{}&#8220; text_font_size=&#8220;17px&#8220; text_text_color=&#8220;#FFFFFF&#8220; ul_text_color=&#8220;#FFFFFF&#8220; sticky_enabled=&#8220;0&#8243; header_3_text_color=&#8220;#FFFFFF&#8220; theme_builder_area=&#8220;post_content&#8220;]<\/p>\n<h3>Standard-Geb\u00fchrenliste<\/h3>\n<p><b>\u00dcberpr\u00fcfung des Ger\u00e4tes:<\/b><\/p>\n<ul>\n<li>Basisgeb\u00fchr: 85 EUR \/ enth\u00e4lt Ger\u00e4te\u00fcberpr\u00fcfung, Diagnose; wird bei jeder Ger\u00e4tezusendung verrechnet<\/li>\n<li>Stundensatz: 115 EUR \/ wird bei Wartungen abh\u00e4ngig vom Arbeitsaufwand verrechnet<\/li>\n<\/ul>\n<p><b>Technischer Service und Beratung (per Telefon oder Teamviewer)<\/b><\/p>\n<ul>\n<li>15 Minuten Service\/Beratung kosten 31,25 EUR, Berechnung pro angefangene 15 Minuten<\/li>\n<li>\u00a0Service vor Ort: auf Anfrage<\/li>\n<\/ul>\n<p><b>Verpackung &amp; Versand \u00d6sterreich Europa<\/b><\/p>\n<ul>\n<li>Postversand Neuromaster: 50 EUR<\/li>\n<li>Postversand \u00d6sterreich andere Artikel: 19 EUR<\/li>\n<li>Postversand Deutschland, Schweiz und restliche EU andere Artikel: 29 EUR<\/li>\n<\/ul>\n<p><b>Achtung: alle Preise exklusive Mwst.<\/b><\/p>\n<p>[\/et_pb_text][\/et_pb_column][\/et_pb_row][\/et_pb_section]<\/p>\n","protected":false},"excerpt":{"rendered":"<p>Serviceformular Sie haben ein Problem mit dem Biofeedback-Ger\u00e4t oder der Software? Bitte suchen Sie unter \u201eFragen und Antworten\u201c ob die Antwort auf Ihre Fragen sich dort findet. Falls Sie technischen Support ben\u00f6tigen f\u00fcllen Sie bitte das angef\u00fcgte Support-Formular aus und senden Sie es an uns. Mit jeder zus\u00e4tzlichen Information helfen Sie uns das Problem besser [&hellip;]<\/p>\n","protected":false},"author":4,"featured_media":2164,"parent":0,"menu_order":0,"comment_status":"open","ping_status":"open","template":"","meta":{"_et_pb_use_builder":"on","_et_pb_old_content":"<h1 align=\"left\">Serviceformular<\/h1>\r\n<div>Sie haben ein Problem mit dem Ger\u00e4t, Sensoren oder der Software? Bitte f\u00fcllen Sie unser Support-Formular aus und senden Sie es an uns. Einige Angaben sind verpflichtend andere optional.\r\nMit jeder zus\u00e4tzlichen Information helfen Sie uns das Problem besser zu verstehen und beschleunigen die Bearbeitung. Ein Mitarbeiter unserer Support-Teams wird sich dann alsbald mit Ihnen in Verbindung setzen.\r\n<b>Bitte beachten Sie: <\/b>Der Support \u00fcber unser Formular ist schnell und dauerhaft kostenlos. Die telefonische Beratung (auf Wunsch) durch einem Biofeedback-Techniker ist kostenpflichtig (28,-- EUR\/15 Min.*), falls es sich nicht um einen technischen Defekt von Hard- oder Software handelt.\r\nEin erster 'Basis-Support', falls Sie Unterst\u00fctzung nach dem Kauf eines Ger\u00e4tes oder einzelner Komponenten ben\u00f6tigen, ist f\u00fcr unsere Kunden (auch telefonisch) stets kostenlos.\r\n<u>Besitzer des Servicevertrages All-Inclusive k\u00f6nnen direkt \u00fcber eine Premium-Service-Telefonnummer technische Unterst\u00fctzung erhalten.<\/u>\r\n\r\n<hr \/>\r\n\r\n<b>Der schnellste Weg ist es allerdings h\u00e4ufig die in Biolife integrierten Schaltfl\u00e4chen <i>Anleitungsvideo <\/i>und <i>Hilfe <\/i>zu Rate zu ziehen\u00a0oder mittels\u00a0<i>Artikel durchsuchen<\/i>\u00a0im folgenden Formular L\u00f6sungen zu bereits bekannten Schwierigkeiten zu finden.<\/b>\r\n\r\n<\/div>\r\n<img src=\"https:\/\/biofeedback.co.at\/wp-content\/uploads\/2019\/04\/Insight_Service_01.png\" \/>\r\n<div>\r\n\r\n<iframe id=\"freshwidget-embedded-form\" class=\"freshwidget-embedded-form\" title=\"Feedback Form\" src=\"https:\/\/insightinstruments.freshdesk.com\/widgets\/feedback_widget\/new?&widgetType=embedded&submitTitle=Anfrage+absenden&submitThanks=Vielen+Dank+-+wir+melden+uns+in+K%C3%BCrze!&screenshot=no\" width=\"100%\" height=\"500px\" frameborder=\"0\" scrolling=\"no\">\r\n<\/iframe>\r\n\r\n<\/div>\r\n<h3 align=\"left\">Standard-Geb\u00fchrenliste<\/h3>\r\n<div>\r\n<p style=\"margin-bottom: 0cm;\"><b>Reparatur au\u00dferhalb der Garantie und Gew\u00e4hrleistung<\/b><\/p>\r\n\r\n<ul>\r\n \t<li>Basisgeb\u00fchr: 85 EUR \/ enth\u00e4lt Ger\u00e4te\u00fcberpr\u00fcfung, Diagnose und ggf. Angebot \u00fcber Reparaturkosten; wird bei jeder Ger\u00e4tezusendung verrechnet<\/li>\r\n \t<li>Stundensatz: 115 EUR \/ wird bei Reparaturen und Wartungen abh\u00e4ngig vom Arbeitsaufwand verrechnet<\/li>\r\n<\/ul>\r\n<p style=\"margin-bottom: 0cm;\">Zahlungskonditionen: Vorauszahlung der Basisgeb\u00fchr. Bitte Einzahlungsbeleg bei Einsendung des Reparaturartikels beilegen. Die Reparaturkosten werden nach Stundenaufwand verrechnet.<\/p>\r\n<p style=\"margin-bottom: 0cm;\"><b>Leihger\u00e4t (nur Neuromaster)<\/b><\/p>\r\n\r\n<ul>\r\n \t<li>Leihgeb\u00fchr: 200 EUR<\/li>\r\n \t<li>Kaution: 1000 EUR<\/li>\r\n<\/ul>\r\n<p style=\"margin-bottom: 0cm;\"><b>Leihsensor\u00a0<\/b><b>(nur Neuromaster)<\/b><\/p>\r\n\r\n<ul>\r\n \t<li>Leihgeb\u00fchr: 100 EUR<\/li>\r\n \t<li>Kaution: 300 EUR<\/li>\r\n<\/ul>\r\nR\u00fccksendung des Leihprodukte auf eigene Kosten prompt nach Erhalt des Reparaturartikels.\r\n<p style=\"margin-bottom: 0cm;\"><b>Verpackung & Versand \u00d6sterreich Europa<\/b><\/p>\r\n\r\n<ul>\r\n \t<li>Postversand Standard ca. 20 bis 30 EUR ca. 30 bis 40 EUR abh\u00e4ngig von Gr\u00f6\u00dfe und Schwere des Pakets<\/li>\r\n \t<li>Expressversand DHL ab 40 EUR ab 70 EUR abh\u00e4ngig von Gr\u00f6\u00dfe und Schwere des Pakets<\/li>\r\n \t<li>Die Verrechnung der Versandspesen f\u00fcr Reparaturartikel und Leihger\u00e4te\/-sensoren erfolgt in der Reparaturrechnung.<\/li>\r\n<\/ul>\r\n<p style=\"margin-bottom: 0cm;\"><b>Services<\/b><\/p>\r\n\r\n<ul>\r\n \t<li>\u00a0\u00a0* Telefonische Hotline: 28,-- Euro + MwSt. \/ 15 Min. (Abrechnung angefangene 15 Minuten)<\/li>\r\n \t<li>\u00a0 \u00a0 Ersatz Installationsmedium 188,95 EUR<\/li>\r\n \t<li>\u00a0 \u00a0 Service vor Ort: Auf Anfrage<\/li>\r\n<\/ul>\r\n<\/div>\r\n<h2 align=\"left\">Servicevertr\u00e4ge<\/h2>\r\n<div>\r\n<p style=\"margin-bottom: 0cm;\"><b>Service-Vertrag Basic\r\n<\/b>Besitzer dieses Servicevertrages erhalten 20% auf Reparaturen, au\u00dferhalb der Garantie und Gew\u00e4hleistung<\/p>\r\n<p style=\"margin-bottom: 0cm;\"><b>Service Vertrag All-In\r\n<\/b>Besitzer dieses Servicevertrages erhalten 20% auf Reparaturen, ein kostenloses Leihger\u00e4t w\u00e4hrend der Reparaturdauer, 2 kostenlose Stunden Team-Viewer Support\/Jahr und unbegrenzten kostenlosen Express-Hotline-Dienst.<\/p>\r\n<p style=\"margin-bottom: 0cm;\"><b><a href=\"https:\/\/biofeedback.co.at\/servicevertrage\/\">Mehr Infos zu den Servicevertr\u00e4gen.<\/a><\/b><\/p>\r\n\r\n<\/div>\r\n<div>\r\n\r\n\u00a0\r\n\r\n<\/div>","_et_gb_content_width":"","footnotes":""},"class_list":["post-2163","page","type-page","status-publish","has-post-thumbnail","hentry"],"_links":{"self":[{"href":"https:\/\/biofeedback.co.at\/en\/wp-json\/wp\/v2\/pages\/2163","targetHints":{"allow":["GET"]}}],"collection":[{"href":"https:\/\/biofeedback.co.at\/en\/wp-json\/wp\/v2\/pages"}],"about":[{"href":"https:\/\/biofeedback.co.at\/en\/wp-json\/wp\/v2\/types\/page"}],"author":[{"embeddable":true,"href":"https:\/\/biofeedback.co.at\/en\/wp-json\/wp\/v2\/users\/4"}],"replies":[{"embeddable":true,"href":"https:\/\/biofeedback.co.at\/en\/wp-json\/wp\/v2\/comments?post=2163"}],"version-history":[{"count":0,"href":"https:\/\/biofeedback.co.at\/en\/wp-json\/wp\/v2\/pages\/2163\/revisions"}],"wp:featuredmedia":[{"embeddable":true,"href":"https:\/\/biofeedback.co.at\/en\/wp-json\/wp\/v2\/media\/2164"}],"wp:attachment":[{"href":"https:\/\/biofeedback.co.at\/en\/wp-json\/wp\/v2\/media?parent=2163"}],"curies":[{"name":"wp","href":"https:\/\/api.w.org\/{rel}","templated":true}]}}