{"id":256306,"date":"2023-12-18T14:37:41","date_gmt":"2023-12-18T13:37:41","guid":{"rendered":"https:\/\/biofeedback.co.at\/?page_id=256306"},"modified":"2026-04-08T12:55:18","modified_gmt":"2026-04-08T10:55:18","slug":"faq","status":"publish","type":"page","link":"https:\/\/biofeedback.co.at\/en\/was-ist-biofeedback\/faq\/","title":{"rendered":"H\u00e4ufige Fragen \u00fcber Biofeedback"},"content":{"rendered":"<p>[et_pb_section fb_built=&#8220;1&#8243; _builder_version=&#8220;4.23.1&#8243; _module_preset=&#8220;default&#8220; background_color=&#8220;#004363&#8243; custom_padding=&#8220;||20px||false|false&#8220; locked=&#8220;off&#8220; global_colors_info=&#8220;{}&#8220;][et_pb_row _builder_version=&#8220;4.23.1&#8243; _module_preset=&#8220;79000fba-9386-4216-8499-68e35b08242c&#8220; custom_margin=&#8220;||0px||false|false&#8220; custom_padding=&#8220;||0px||false|false&#8220; global_colors_info=&#8220;{}&#8220;][et_pb_column type=&#8220;4_4&#8243; _builder_version=&#8220;4.16&#8243; _module_preset=&#8220;default&#8220; custom_padding=&#8220;|||&#8220; global_colors_info=&#8220;{}&#8220; custom_padding__hover=&#8220;|||&#8220;][et_pb_text _builder_version=&#8220;4.23.1&#8243; _module_preset=&#8220;ec172a39-c864-4a12-9370-c0338285dedb&#8220; header_text_color=&#8220;#FFFFFF&#8220; header_font_size_phone=&#8220;30px&#8220; global_colors_info=&#8220;{}&#8220;]<\/p>\n<h1>Biofeedback FAQ<\/h1>\n<p>[\/et_pb_text][\/et_pb_column][\/et_pb_row][et_pb_row _builder_version=&#8220;4.23.1&#8243; _module_preset=&#8220;79000fba-9386-4216-8499-68e35b08242c&#8220; global_colors_info=&#8220;{}&#8220;][et_pb_column type=&#8220;4_4&#8243; _builder_version=&#8220;4.23.1&#8243; _module_preset=&#8220;default&#8220; global_colors_info=&#8220;{}&#8220;][et_pb_accordion open_toggle_text_color=&#8220;#004363&#8243; open_toggle_background_color=&#8220;#FFFFFF&#8220; closed_toggle_text_color=&#8220;#004363&#8243; closed_toggle_background_color=&#8220;#d9f9f9&#8243; icon_color=&#8220;#FFA85B&#8220; use_icon_font_size=&#8220;on&#8220; icon_font_size=&#8220;22px&#8220; _builder_version=&#8220;4.27.6&#8243; _module_preset=&#8220;default&#8220; toggle_text_color=&#8220;#004363&#8243; toggle_level=&#8220;h3&#8243; toggle_font=&#8220;|700|||||||&#8220; toggle_font_size=&#8220;24px&#8220; toggle_line_height=&#8220;1.2em&#8220; closed_toggle_font=&#8220;|700|||||||&#8220; closed_toggle_font_size=&#8220;20px&#8220; closed_toggle_line_height=&#8220;1.2em&#8220; body_font=&#8220;|300|||||||&#8220; body_text_color=&#8220;#004363&#8243; text_orientation=&#8220;left&#8220; hover_enabled=&#8220;0&#8243; toggle_font_size_tablet=&#8220;&#8220; toggle_font_size_phone=&#8220;20px&#8220; toggle_font_size_last_edited=&#8220;on|phone&#8220; toggle_line_height_tablet=&#8220;&#8220; toggle_line_height_phone=&#8220;&#8220; toggle_line_height_last_edited=&#8220;on|phone&#8220; closed_toggle_font_size_tablet=&#8220;&#8220; closed_toggle_font_size_phone=&#8220;18px&#8220; closed_toggle_font_size_last_edited=&#8220;on|phone&#8220; border_radii=&#8220;on|5px|5px|5px|5px&#8220; global_colors_info=&#8220;{}&#8220; sticky_enabled=&#8220;0&#8243;][et_pb_accordion_item title=&#8220;Was erlerne ich beim Biofeedback?&#8220; open=&#8220;off&#8220; _builder_version=&#8220;4.23.1&#8243; _module_preset=&#8220;default&#8220; global_colors_info=&#8220;{}&#8220;]<\/p>\n<p><span>Beim Biofeedback (und auch beim\u00a0<\/span><a href=\"\/was-ist-neurofeedback\/\"><strong>Neurofeedback<\/strong><\/a><span>) erlernen Sie die F\u00e4higkeit, ansonsten unbewusst ablaufende K\u00f6rperprozesse (wie die Muskelspannung) wahrzunehmen und zu kontrollieren.<\/span><\/p>\n<p>Biofeedback-Training ist eine effektive Methode zur Bew\u00e4ltigung von Stress, Angst und k\u00f6rperlichem Unwohlsein.<\/p>\n<p>Durch regelm\u00e4\u00dfiges \u00dcben und den Einsatz von Biofeedback-Techniken k\u00f6nnen Sie langfristige Ver\u00e4nderungen im K\u00f6rperbewusstsein und seelischen Wohlbefinden erreichen.\u00a0<\/p>\n<p>[\/et_pb_accordion_item][et_pb_accordion_item title=&#8220;Welche \u00dcbungen werden beim Biofeedback durchgef\u00fchrt?&#8220; _builder_version=&#8220;4.23.1&#8243; _module_preset=&#8220;default&#8220; global_colors_info=&#8220;{}&#8220; open=&#8220;off&#8220;]<\/p>\n<p><span>Der \u00dcbungsvielfalt beim Biofeedback sind kaum Grenzen gesetzt. Die Biofeedbackger\u00e4te k\u00f6nnen Ihre Parameter z. B. in Form eine Gl\u00fchbirne darstellen, die Sie zum Leuchten bringen, oder Sie steuern einen Fisch mit Ihrer Atmung durch Wellen.<\/span><\/p>\n<p>[\/et_pb_accordion_item][et_pb_accordion_item title=&#8220;Wo finde ich einen Biofeedback-Therapeuten?&#8220; _builder_version=&#8220;4.23.1&#8243; _module_preset=&#8220;default&#8220; global_colors_info=&#8220;{}&#8220; open=&#8220;off&#8220;]<\/p>\n<p><span>Therapeuten f\u00fcr Biofeedback und Neurofeedback finden Sie beispielsweise in der\u00a0<\/span><a href=\"https:\/\/biofeedback-akademie.com\/biofeedback-therapeuten-datenbank\/\" target=\"_blank\" rel=\"noopener\"><strong>Therapeuten-Datenbank<\/strong><\/a><span>\u00a0der Europ\u00e4ischen Biofeedback-Akademie<\/span><\/p>\n<p>[\/et_pb_accordion_item][et_pb_accordion_item title=&#8220;Was ist der Unterschied zwischen Biofeedback und Neurofeedback?&#8220; _builder_version=&#8220;4.23.1&#8243; _module_preset=&#8220;default&#8220; global_colors_info=&#8220;{}&#8220; open=&#8220;off&#8220;]<\/p>\n<p><span>Fachlich korrekt ist\u00a0<\/span><strong>Neurofeedback<\/strong><span>\u00a0<\/span><span>eine Unterkategorie des Biofeedbacks. Da sich ersteres aber mit Gehirnaktivit\u00e4t besch\u00e4ftigt und zweiteres im allgemeinen Sprachgebrauch eher mit \u201eperipheren\u201c Parametern wie der Muskelspannung, hat es sich eingeb\u00fcrgert, die beiden Methoden sprachlich zu trennen.<\/span><\/p>\n<p>[\/et_pb_accordion_item][et_pb_accordion_item title=&#8220;Warum sagt man Biofeedback-Training?&#8220; _builder_version=&#8220;4.23.1&#8243; _module_preset=&#8220;default&#8220; global_colors_info=&#8220;{}&#8220; open=&#8220;off&#8220;]<\/p>\n<p><span>Das Wort Training ist bewusst gew\u00e4hlt. Wenn der Klient nicht mitarbeitet, wird beim Biofeedback n\u00e4mlich nichts passieren. Wie beim Fahrrad fahren wird eine F\u00e4higkeit aktiv erlernt. Dies ist im Sinne von Selbstwirksamkeit sogar zentral. Wir wollen den Klienten ja nicht von einem Ger\u00e4t abh\u00e4ngig machen.<\/span><\/p>\n<p>[\/et_pb_accordion_item][et_pb_accordion_item title=&#8220;Stressanalyse mit Biofeedback: Was ist ein Stresstest?&#8220; _builder_version=&#8220;4.23.1&#8243; _module_preset=&#8220;default&#8220; global_colors_info=&#8220;{}&#8220; open=&#8220;off&#8220;]<\/p>\n<p>Stresstests finden meist sehr fr\u00fch in der Arbeit mit Biofeedback statt. Hierbei werden die Reaktionen auf Stressreize (wie unangenehme Ger\u00e4usche oder schwierige Aufgaben) und die anschlie\u00dfende Entspannungsphase geerfassen. Daher sagt man mittlerweile auch eher \u201eStress- und Entspannungsprofil).<\/p>\n<p>Das Ergebnis des Stressprofils ist meist Ausgangspunkt f\u00fcr die Planung des Training.<\/p>\n<p>[\/et_pb_accordion_item][et_pb_accordion_item title=&#8220;Ist Biofeedback auch f\u00fcr Kinder geeignet?&#8220; _builder_version=&#8220;4.23.1&#8243; _module_preset=&#8220;default&#8220; global_colors_info=&#8220;{}&#8220; open=&#8220;off&#8220;]<\/p>\n<p><span>Ja. Biofeedback und Neurofeedback kann bei Kindern ab 6 Jahren genutzt werden und ist bei dieser Klientengruppe sehr beliebt. Ein gro\u00dfer Vorteil ist der spielerische Zugang. Mittels kindgerechten Vorlagen kann das Kind z. B. einen Drachen durch die L\u00fcfte fliegen lassen und trainiert \u201enebenbei\u201c.<\/span><\/p>\n<p>[\/et_pb_accordion_item][et_pb_accordion_item title=&#8220;Gibt es Biofeedback f\u00fcr Zuhause oder Apps f\u00fcr Biofeedback?&#8220; _builder_version=&#8220;4.23.1&#8243; _module_preset=&#8220;default&#8220; global_colors_info=&#8220;{}&#8220; open=&#8220;off&#8220;]<\/p>\n<p>In den vergangenen Jahren sind immer mehr kleine Heimger\u00e4te f\u00fcr Biofeedback und Neurofeedback auf den Markt gekommen. Diese funktionieren regelm\u00e4\u00dfig im Zusammenspiel mit Apps.<\/p>\n<p>Auch wenn wir solche kleinen Ger\u00e4te f\u00fcr die professionelle Stand-Alone Training nicht empfehlen k\u00f6nnen, eignen sich Heimger\u00e4te wie das<span>\u00a0<\/span><strong>Mindwave<\/strong><span>\u00a0<\/span>gut dazu, die Methode einmal spielerisch kennenzulernen. Sie k\u00f6nnen auch in Kombination mit einem, von einem Profi bedienten, medizinischen System genutzt werden, um den Klienten zu erm\u00f6glichen zus\u00e4tzlich zu Hause zu trainieren.<\/p>\n<p>Die Beratung und Anweisung durch einen Therapeuten oder Trainer ist beim professionellen Einsatz aber zentral.<\/p>\n<p>[\/et_pb_accordion_item][et_pb_accordion_item title=&#8220;Was sind die Kosten einer Biofeedbackbehandlung?&#8220; _builder_version=&#8220;4.23.1&#8243; _module_preset=&#8220;default&#8220; global_colors_info=&#8220;{}&#8220; open=&#8220;off&#8220;]<\/p>\n<div class=\"et_pb_row et_pb_row_9\">\n<div class=\"et_pb_column et_pb_column_2_3 et_pb_column_17  et_pb_css_mix_blend_mode_passthrough\">\n<div class=\"et_pb_module et_pb_text et_pb_text_14  et_pb_text_align_left et_pb_bg_layout_light\">\n<div class=\"et_pb_text_inner\">\n<p>Die Kosten f\u00fcr eine Trainingstunde Biofeedback oder Neurofeedback betragen im Schnitt zwischen \u20ac80 und \u20ac120.<\/p>\n<p>Manche Privatzusatzversicherungen \u00fcbernehmen hier Kosten. Wenn die Behandlung im Rahmen eines Spitals- oder Rehaaufenthaltes stattfindet, wird sie \u00fcblicherweise nicht verrechnet, genauso wie wenn die Methode z. B. im Rahmen eines verordneten Trainings stattfindet.<\/p>\n<p><span>Meistens handelt es sich aber weiterhin um eine Privatleistung.<\/span><\/p>\n<p><span>Sie k\u00f6nnen die Honorarnoten jedoch in der Arbeitnehmerveranlagung oder Einkommenssteuererkl\u00e4rung beim Finanzamt steuermindernd geltend machen (hier k\u00f6nnte es sinnvoll sein, vorher kurz mit dem Finanzamt abzukl\u00e4ren, welche Voraussetzungen daf\u00fcr notwendig sind. Die Erfahrungsberichte reichen hier von gar keine bis zu \u00e4rztliche Verordnung).<\/span><\/p>\n<\/div>\n<\/div>\n<\/div>\n<\/div>\n<p>[\/et_pb_accordion_item][et_pb_accordion_item title=&#8220;Was ist der Unterschied zwischen Biofeedback und Bioresonanz?&#8220; _builder_version=&#8220;4.23.1&#8243; _module_preset=&#8220;default&#8220; global_colors_info=&#8220;{}&#8220; open=&#8220;off&#8220;]<\/p>\n<p><span>Auch wenn die Namen \u00e4hnlich klingen, haben die beiden Methoden so gut wie nichts gemeinsam. Biofeedback ist ein wissenschaftlich anerkanntes Verfahren der Verhaltensmedizin, w\u00e4hrend es f\u00fcr\u00a0<\/span><a href=\"\/biofeedback-und-bioresonanz\/\"><strong>Bioresonanz<\/strong><span>\u00a0<\/span><\/a><span>keinerlei Wirknachweise gibt.<\/span><\/p>\n<p>[\/et_pb_accordion_item][et_pb_accordion_item title=&#8220;Gibt es Biofeedback auf Rezept? Zahlen die Krankenkassen?&#8220; _builder_version=&#8220;4.23.1&#8243; _module_preset=&#8220;default&#8220; global_colors_info=&#8220;{}&#8220; open=&#8220;off&#8220;]<\/p>\n<p>In den meisten F\u00e4llen werden die Kosten f\u00fcr Biofeedback und Neurofeedback leider nicht von den Krankenkassen \u00fcbernommen. Finden die Methoden im Rahmen von \u201eKassenverfahren\u201c (wie einer Psychotherapie) statt, kann es sich um eine Kassenleistung handeln.<\/p>\n<p>Neurofeedback in der Ergotherapie kann, bei entsprechender medizinischer Grundlage, bei ADHS abgerechnet werden.<\/p>\n<p>[\/et_pb_accordion_item][et_pb_accordion_item title=&#8220;Wie wird Beckenboden-Biofeedback durchgef\u00fchrt?&#8220; _builder_version=&#8220;4.23.1&#8243; _module_preset=&#8220;default&#8220; global_colors_info=&#8220;{}&#8220; open=&#8220;off&#8220;]<\/p>\n<p><span>Beckenboden-Biofeedback ist eine Sonderform des EMG-Biofeedback, welche bei Inkontinenz und generell Beschwerden des Beckenbodens genutzt wird (auch erektile Dysfunktion). Hierzu werden an die EMG-Sensoren Adapter f\u00fcr Vaginal- und Analelektroden angebracht. Sollte dies nicht gew\u00fcnscht oder zu invasiv sein, k\u00f6nnen auch Oberfl\u00e4chen-Elektroden am Perineum angebracht werden.<\/span><\/p>\n<p>[\/et_pb_accordion_item][et_pb_accordion_item title=&#8220;Wer bietet Biofeedback an?&#8220; _builder_version=&#8220;4.23.1&#8243; _module_preset=&#8220;default&#8220; global_colors_info=&#8220;{}&#8220; open=&#8220;off&#8220;]<\/p>\n<p><span>Beide Methoden werden im klinischen Setting von \u00c4rzten und Therapeuten durchgef\u00fchrt und im nicht-klinischen Bereich von Coaches und Beratern (z.B. in der Pr\u00e4vention oder im Leistungssport).<\/span><\/p>\n<p>[\/et_pb_accordion_item][et_pb_accordion_item title=&#8220;Wie oft wird Biofeedback durchgef\u00fchrt? Wie lange dauert es?&#8220; _builder_version=&#8220;4.23.1&#8243; _module_preset=&#8220;default&#8220; global_colors_info=&#8220;{}&#8220; open=&#8220;off&#8220;]<\/p>\n<p>Die Frage nach der Dauer von Biofeedback ist stark abh\u00e4ngig vom zu behandelnden St\u00f6rungsbild. Wenn es nur darum geht, dem Klienten mittels eines Aha-Erlebnisses den Zusammenhang von Emotionen, Gedanken und dem K\u00f6rper zu zeigen, reicht oft schon eine Sitzung.<\/p>\n<p>Bei Angstst\u00f6rungen zeigten sich bereits nach 6\u201312 Sitzungen Verbesserungen, bei Morbus Raynaud 5\u201310 und bei schweren F\u00e4llen von ADHS k\u00f6nnen auch 40 Sitzungen Neurofeedback notwendig sein. Je nach zeitlicher Verf\u00fcgbarkeit ist es ratsam<span>\u00a0<\/span><a href=\"https:\/\/biofeedback-akademie.com\/biofeedback-studien\/bis-das-ziel-erreicht-ist-wichtigkeit-von-zielkriterien-beim-biofeedback\/\" target=\"_blank\" rel=\"noopener noreferrer\"><strong>Zielkriterien<\/strong><span>\u00a0<\/span><\/a>zu definieren und das Training dann als abgeschlossen zu bezeichnen, wenn diese erreicht sind.<\/p>\n<p>[\/et_pb_accordion_item][et_pb_accordion_item title=&#8220;Wie hilft Biofeedback?&#8220; _builder_version=&#8220;4.23.1&#8243; _module_preset=&#8220;default&#8220; global_colors_info=&#8220;{}&#8220; open=&#8220;off&#8220;]<\/p>\n<p><span>Wesentliche Elemente der Behandlung mit Biofeedback und Neurofeedback d\u00fcrften die Themen Entspannung, Kontrolle und Selbstwirksamkeit sein. Vor Allem bei chronischen Erkrankungen ist das Gef\u00fchl der Erkrankung nicht hilflos ausgeliefert zu sein oft sehr unterst\u00fctzend.<\/span><\/p>\n<p>[\/et_pb_accordion_item][et_pb_accordion_item title=&#8220;Gibt es Literatur und B\u00fccher zu Biofeedback und Neurofeedback?&#8220; _builder_version=&#8220;4.23.1&#8243; _module_preset=&#8220;default&#8220; global_colors_info=&#8220;{}&#8220; open=&#8220;off&#8220;]<\/p>\n<p>Mittlerweile gibt es viele B\u00fccher zu Biofeedback und Neurofeedback. Eine umfangreiche Liste finden Sie hier.<\/p>\n<p>Insight Instruments und die Europ\u00e4ische Biofeedback-Akademie haben das Werk<span>\u00a0<\/span><em>Biofeedback und Neurofeedback in Training und Training Ein Grundlagenwerk f\u00fcr Anwender und Forscher<\/em>, Kropfreiter, Brunner, Stefka \u2013 ISBN: 978-3-200-05819-4 verfasst, welches f\u00fcr Bezieher des Newsletters kostenlos abrufbar ist.<\/p>\n<p>[\/et_pb_accordion_item][et_pb_accordion_item title=&#8220;Biofeedback vs. andere Methoden \u2013 was ist besser?&#8220; _builder_version=&#8220;4.23.1&#8243; _module_preset=&#8220;default&#8220; global_colors_info=&#8220;{}&#8220; open=&#8220;off&#8220;]<\/p>\n<p><span>Autogenes Training, Progressive Muskelspannung, Mediation \u2013 die Frage, ob man diese Techniken ODER Biofeedback nutzen sollte, l\u00e4sst sich gut damit beantworten das ODER durch ein UND zu ersetzen. Biofeedback kann die Wirksamkeit anderer Verfahren beweisbar machen und deren Effektivit\u00e4t verbessern.<\/span><\/p>\n<p>[\/et_pb_accordion_item][et_pb_accordion_item title=&#8220;Wer darf Biofeedback anbieten?&#8220; _builder_version=&#8220;4.23.1&#8243; _module_preset=&#8220;default&#8220; global_colors_info=&#8220;{}&#8220; open=&#8220;off&#8220;]<\/p>\n<p><span>Biofeedback ist schlicht ein Werkzeug, welches im Rahmen der gesetzlich erlaubten Rahmenbedingungen einsetzbar ist. \u00c4rzte und Therapeuten nutzen es daher bei klinischen St\u00f6rungsbildern wie Depression und Angstst\u00f6rungen, Coaches und Trainer wiederzum im nicht-klinischen Bereich wie der Pr\u00e4vention oder der Leistungssteigerung.<\/span><\/p>\n<p>[\/et_pb_accordion_item][et_pb_accordion_item title=&#8220;Biofeedback: Wie funktioniert das?&#8220; _builder_version=&#8220;4.23.1&#8243; _module_preset=&#8220;default&#8220; global_colors_info=&#8220;{}&#8220; open=&#8220;off&#8220;]<\/p>\n<p><span>\u00dcber die Sensoren eines\u00a0<\/span><a href=\"\/biofeedbackgeraete\/\"><strong>Biofeedbackger\u00e4tes<\/strong><span>\u00a0<\/span><\/a><span>werden Parameter des Klienten gemessen. Dieser erh\u00e4lt diese \u00fcber einen Bildschirm r\u00fcckgemeldet. Er erlernt dadurch diese Prozesse zu verstehen und in weiterer Folge zu beeinflussen.<\/span><\/p>\n<p>[\/et_pb_accordion_item][et_pb_accordion_item title=&#8220;Wie wirksam ist Biofeedback?&#8220; _builder_version=&#8220;4.23.1&#8243; _module_preset=&#8220;default&#8220; global_colors_info=&#8220;{}&#8220; open=&#8220;off&#8220;]<\/p>\n<p><span>F\u00fcr Biofeedback und Neurofeedback haben sich in Meta-Analysen mittlere bis gro\u00dfe Effektst\u00e4rken gezeigt. Ein\u00a0<\/span><a href=\"https:\/\/aapb.org\/\" target=\"_blank\" rel=\"noopener\"><strong>Review der AAPB<\/strong><\/a><span>\u00a0reihte 40 St\u00f6rungsbilder in die Kategorien \u201eWahrscheinlich Wirksam\u201c, \u201eWirksam\u201c und \u201eWirksam und spezifisch ein\u201c, darunter ADHS, Depression und Schmerzerkrankungen.<\/span><\/p>\n<p>[\/et_pb_accordion_item][et_pb_accordion_item title=&#8220;Warum Biofeedback?&#8220; _builder_version=&#8220;4.27.6&#8243; _module_preset=&#8220;default&#8220; hover_enabled=&#8220;0&#8243; global_colors_info=&#8220;{}&#8220; open=&#8220;on&#8220; sticky_enabled=&#8220;0&#8243;]<\/p>\n<p>Die Vorteile von Biofeedback sind vielf\u00e4ltig. Die Methode \u2026<\/p>\n<ul>\n<li>\u2026ist nicht-invasiv<\/li>\n<li>\u2026kann den Bedarf an Medikamenten reduzieren oder diese sogar verzichtbar machen<\/li>\n<li>\u2026k\u00f6nnte eine Behandlungsalternative sein wenn Medikamente nicht vertragen werden, nicht gut wirken oder keine Option sind (z.B. im Rahmen einer Schwangerschaft)<\/li>\n<li>\u2026kann helfen Einsicht und Verst\u00e4ndnis zu erlangen und Klienten damit \u00fcberhaupt erst f\u00fcr ein bio-psychosoziales Krankheitsmodell \u00f6ffnen<\/li>\n<li>\u2026Stressreaktionen objektiv erheben und \u00fcbersichtlich nachweisen, welche Entspannungsmethode bei welchem Klienten am besten funktioniert.<\/li>\n<li>\u2026das Kontrollerleben st\u00e4rken<\/li>\n<li>\u2026durch die sofortige Sichtbarkeit von Erfolgen motivieren<\/li>\n<li>\u2026den Trainingfortschritt objektiv nachweisen<\/li>\n<\/ul>\n<p>[\/et_pb_accordion_item][et_pb_accordion_item title=&#8220;Biofeedback: Was wird gemessen?&#8220; _builder_version=&#8220;4.23.1&#8243; _module_preset=&#8220;default&#8220; global_colors_info=&#8220;{}&#8220; open=&#8220;off&#8220;]<\/p>\n<p><span>Die Spannbreite der Biofeedback Parameter reicht vom Schwitzen der H\u00e4nde \u00fcber die Muskelspannung bis zu neuronaler Aktivit\u00e4t \u2013 siehe auch\u00a0<\/span><a href=\"\/was-ist-biofeedback\/#parameter\"><strong>\u201eWas wird gemessen?\u201c<\/strong><\/a><\/p>\n<p>[\/et_pb_accordion_item][et_pb_accordion_item title=&#8220;Was bedeutet Biofeedback?&#8220; _builder_version=&#8220;4.23.1&#8243; _module_preset=&#8220;default&#8220; global_colors_info=&#8220;{}&#8220; open=&#8220;off&#8220;]<\/p>\n<p><span>Biofeedback setzt sich aus den Begriffen \u201ebios\u201c f\u00fcr \u201eLeben\u201c und \u201eFeedback\u201c f\u00fcr R\u00fcckmeldung zusammen und erkl\u00e4rt damit das Prinzip auch schon sehr gut. K\u00f6rperliche Parameter werden dem Klienten r\u00fcckgemeldet.<\/span><\/p>\n<p>[\/et_pb_accordion_item][et_pb_accordion_item title=&#8220;Gibt es Erfahrungen mit Biofeedback bei Inkontinenz?&#8220; _builder_version=&#8220;4.23.1&#8243; _module_preset=&#8220;default&#8220; global_colors_info=&#8220;{}&#8220; open=&#8220;off&#8220;]<\/p>\n<p><span>Siehe hierzu auch den Punkt mit dem Beckenbodentraining. Biofeedback ist bei Inkontinenz eine hochwirksame Behandlung und z\u00e4hlt in den USA zum Goldstandard der Training. Die Klienten tranieren mittels EMG-Biofeedback und Vaginal- und Analelektroden den Beckenboden.<\/span><\/p>\n<p>[\/et_pb_accordion_item][et_pb_accordion_item title=&#8220;Gibt es Biofeedback speziell f\u00fcr M\u00e4nner?&#8220; _builder_version=&#8220;4.23.1&#8243; _module_preset=&#8220;default&#8220; global_colors_info=&#8220;{}&#8220; open=&#8220;off&#8220;]<\/p>\n<p><span>Biofeedback speziell f\u00fcr M\u00e4nner gibt es nicht direkt, allerdings gibt es einige Beschwerden, die alleine aus biologischen Gr\u00fcnden nur bei M\u00e4nnern behandelt werden. Dazu z\u00e4hlen z. B. Trainings nach einer Prostataoperation oder gegen erektile Dysfunktion.<\/span><\/p>\n<p>[\/et_pb_accordion_item][et_pb_accordion_item title=&#8220;Gibt es Biofeedback speziell f\u00fcr Frauen?&#8220; _builder_version=&#8220;4.23.1&#8243; _module_preset=&#8220;default&#8220; global_colors_info=&#8220;{}&#8220; open=&#8220;off&#8220;]<\/p>\n<p><span>Biofeedback speziell f\u00fcr M\u00e4nner gibt es nicht direkt, allerdings gibt es einige Beschwerden, die alleine aus biologischen Gr\u00fcnden nur bei Frauen behandelt werden. Dazu z\u00e4hlen z.B. Trainings gegen Menstruationskr\u00e4mpfe oder Beschwerden im Rahmen der Schwangerschaft.<\/span><\/p>\n<p>[\/et_pb_accordion_item][et_pb_accordion_item title=&#8220;Kann ich Biofeedback und Achtsamkeit kombinieren?&#8220; _builder_version=&#8220;4.23.1&#8243; _module_preset=&#8220;default&#8220; global_colors_info=&#8220;{}&#8220; open=&#8220;off&#8220;]<\/p>\n<p><span>Ja. Sowohl Biofeedback als auch \u00dcbungen der\u00a0<\/span><a href=\"https:\/\/de.wikipedia.org\/wiki\/Achtsamkeit_(mindfulness)\" target=\"_blank\" rel=\"noopener\"><strong>Achtsamkeit<\/strong><span>\u00a0<\/span><\/a><span>verbessern die eigene K\u00f6rperwahrnehmung. Diese ist besonders bei chronischen Beschwerden oft eingeschr\u00e4nkt. Biofeedback kann die Achtsamkeitseinheiten \u201eeffektiver\u201c machen und dem Klienten auch physiologische Vorg\u00e4nge in solchen Zust\u00e4nden vor Augen f\u00fchren.<\/span><\/p>\n<p>[\/et_pb_accordion_item][et_pb_accordion_item title=&#8220;Wo kann ich ein Biofeedbackger\u00e4t kaufen?&#8220; _builder_version=&#8220;4.23.1&#8243; _module_preset=&#8220;default&#8220; global_colors_info=&#8220;{}&#8220; open=&#8220;off&#8220;]<\/p>\n<p><span>Bei uns erhalten Sie\u00a0<\/span><a href=\"\/biofeedbackgeraete\/neuromaster\/\"><strong>professionelle Systeme f\u00fcr Biofeedback und Neurofeedback.<\/strong><\/a><span>\u00a0Sie<\/span><span> sind f\u00fcr professionelle Anwender gedacht f\u00fcr \u00c4rzte, Psychologe und Therapeuten.<\/span><\/p>\n<p>[\/et_pb_accordion_item][et_pb_accordion_item title=&#8220;Kann Biofeedback in Coaching und Training genutzt werden?&#8220; _builder_version=&#8220;4.23.1&#8243; _module_preset=&#8220;default&#8220; global_colors_info=&#8220;{}&#8220; open=&#8220;off&#8220;]<\/p>\n<p><span>Ja. Neben den klinischen Anwendungsbereichen von Biofeedback und Neurofeedback sind vor Allem in den letzten Jahren Anwendungen aus Bereichen der Personalentwicklung, Beratung und Coaching (vor Allem im Sport) immer popul\u00e4rer geworden.<\/span><\/p>\n<p>[\/et_pb_accordion_item][et_pb_accordion_item title=&#8220;Kann ich Biofeedback und Meditation kombinieren?&#8220; _builder_version=&#8220;4.23.1&#8243; _module_preset=&#8220;default&#8220; global_colors_info=&#8220;{}&#8220; open=&#8220;off&#8220;]<\/p>\n<p>Ja. Hier kann sowohl Neurofeedback als auch Biofeedback genutzt werden. Einerseits um tiefenentspannte Zust\u00e4nde nachzuweisen, andererseits um diese schneller zu erreichen.<\/p>\n<p>[\/et_pb_accordion_item][\/et_pb_accordion][\/et_pb_column][\/et_pb_row][\/et_pb_section]<\/p>\n","protected":false},"excerpt":{"rendered":"<p>Biofeedback FAQBeim Biofeedback (und auch beim\u00a0Neurofeedback) erlernen Sie die F\u00e4higkeit, ansonsten unbewusst ablaufende K\u00f6rperprozesse (wie die Muskelspannung) wahrzunehmen und zu kontrollieren. Biofeedback-Training ist eine effektive Methode zur Bew\u00e4ltigung von Stress, Angst und k\u00f6rperlichem Unwohlsein. Durch regelm\u00e4\u00dfiges \u00dcben und den Einsatz von Biofeedback-Techniken k\u00f6nnen Sie langfristige Ver\u00e4nderungen im K\u00f6rperbewusstsein und seelischen Wohlbefinden erreichen.\u00a0Der \u00dcbungsvielfalt beim Biofeedback [&hellip;]<\/p>\n","protected":false},"author":18,"featured_media":0,"parent":2559,"menu_order":0,"comment_status":"closed","ping_status":"closed","template":"","meta":{"_et_pb_use_builder":"on","_et_pb_old_content":"","_et_gb_content_width":"","footnotes":""},"class_list":["post-256306","page","type-page","status-publish","hentry"],"_links":{"self":[{"href":"https:\/\/biofeedback.co.at\/en\/wp-json\/wp\/v2\/pages\/256306","targetHints":{"allow":["GET"]}}],"collection":[{"href":"https:\/\/biofeedback.co.at\/en\/wp-json\/wp\/v2\/pages"}],"about":[{"href":"https:\/\/biofeedback.co.at\/en\/wp-json\/wp\/v2\/types\/page"}],"author":[{"embeddable":true,"href":"https:\/\/biofeedback.co.at\/en\/wp-json\/wp\/v2\/users\/18"}],"replies":[{"embeddable":true,"href":"https:\/\/biofeedback.co.at\/en\/wp-json\/wp\/v2\/comments?post=256306"}],"version-history":[{"count":2,"href":"https:\/\/biofeedback.co.at\/en\/wp-json\/wp\/v2\/pages\/256306\/revisions"}],"predecessor-version":[{"id":261172,"href":"https:\/\/biofeedback.co.at\/en\/wp-json\/wp\/v2\/pages\/256306\/revisions\/261172"}],"up":[{"embeddable":true,"href":"https:\/\/biofeedback.co.at\/en\/wp-json\/wp\/v2\/pages\/2559"}],"wp:attachment":[{"href":"https:\/\/biofeedback.co.at\/en\/wp-json\/wp\/v2\/media?parent=256306"}],"curies":[{"name":"wp","href":"https:\/\/api.w.org\/{rel}","templated":true}]}}