{"id":256608,"date":"2023-12-22T18:22:42","date_gmt":"2023-12-22T17:22:42","guid":{"rendered":"https:\/\/biofeedback.co.at\/?page_id=256608"},"modified":"2024-08-14T18:38:29","modified_gmt":"2024-08-14T16:38:29","slug":"biofeedback-training-3","status":"publish","type":"page","link":"https:\/\/biofeedback.co.at\/en\/biofeedback-ausbildung-3\/","title":{"rendered":"Biofeedback training"},"content":{"rendered":"<p>[et_pb_section fb_built=&#8220;1&#8243; _builder_version=&#8220;4.23.1&#8243; _module_preset=&#8220;default&#8220; min_height=&#8220;50vh&#8220; custom_margin=&#8220;||||false|false&#8220; custom_padding=&#8220;0px|0px|0px|0px|false|false&#8220; custom_css_main_element=&#8220;||&#8220; locked=&#8220;off&#8220; global_colors_info=&#8220;{}&#8220; custom_css_main_element_last_edited=&#8220;on|desktop&#8220; custom_css_main_element_tablet=&#8220;display: block;  ||&#8220; custom_css_main_element_phone=&#8220;display: block;  ||&#8220;][et_pb_row column_structure=&#8220;1_2,1_2&#8243; make_equal=&#8220;on&#8220; _builder_version=&#8220;4.23.1&#8243; _module_preset=&#8220;d52035df-672e-4dbf-b554-614fd7fbbaea&#8220; width=&#8220;100%&#8220; width_tablet=&#8220;100%&#8220; width_phone=&#8220;100%&#8220; max_width=&#8220;100%&#8220; module_alignment=&#8220;center&#8220; min_height=&#8220;62vh&#8220; min_height_tablet=&#8220;50vh&#8220; min_height_phone=&#8220;&#8220; min_height_last_edited=&#8220;on|phone&#8220; custom_margin=&#8220;0px|0px|0px|0px|false|false&#8220; custom_padding=&#8220;0px||0px||true|false&#8220; global_colors_info=&#8220;{}&#8220; custom_css_main_element_last_edited=&#8220;on|desktop&#8220;][et_pb_column type=&#8220;1_2&#8243; _builder_version=&#8220;4.23.1&#8243; _module_preset=&#8220;default&#8220; background_image=&#8220;https:\/\/biofeedback.co.at\/wp-content\/uploads\/2023\/12\/Biofeedback-Ausbildung.webp&#8220; background_position=&#8220;top_left&#8220; background_blend=&#8220;luminosity&#8220; custom_padding=&#8220;0px|0px|0px|0px|true|false&#8220; custom_padding_tablet=&#8220;250px|0px|250px|0px|false|false&#8220; custom_padding_phone=&#8220;170px||150px||false|false&#8220; custom_padding_last_edited=&#8220;on|desktop&#8220; global_colors_info=&#8220;{}&#8220; custom_css_main_element_last_edited=&#8220;on|tablet&#8220;][\/et_pb_column][et_pb_column type=&#8220;1_2&#8243; _builder_version=&#8220;4.23.1&#8243; _module_preset=&#8220;default&#8220; custom_padding_tablet=&#8220;5%|3%|8%|3%|false|true&#8220; custom_padding_phone=&#8220;|5%||5%|false|true&#8220; custom_padding_last_edited=&#8220;on|phone&#8220; custom_css_main_element=&#8220;\t||display: flex; flex-direction: column; justify-content: center;&#8220; global_colors_info=&#8220;{}&#8220;][et_pb_text _builder_version=&#8220;4.23.1&#8243; _module_preset=&#8220;e5ff8c08-894e-43c3-ad0f-64ccc9389a98&#8243; text_font=&#8220;|300||on|||||&#8220; max_width=&#8220;80%&#8220; custom_margin=&#8220;||15px||false|false&#8220; text_font_size_tablet=&#8220;16px&#8220; text_font_size_phone=&#8220;16px&#8220; text_font_size_last_edited=&#8220;on|phone&#8220; global_colors_info=&#8220;{}&#8220;]<\/p>\n<p>UNIVERSIT\u00c4TSLEHRGANG<\/p>\n<p>[\/et_pb_text][et_pb_heading title=&#8220;Biofeedback Ausbildung&#8220; _builder_version=&#8220;4.23.1&#8243; _module_preset=&#8220;default&#8220; title_font=&#8220;|700|||||||&#8220; title_text_color=&#8220;#004363&#8243; title_font_size=&#8220;50px&#8220; width=&#8220;80%&#8220; title_font_size_tablet=&#8220;40px&#8220; title_font_size_phone=&#8220;36px&#8220; title_font_size_last_edited=&#8220;on|phone&#8220; global_colors_info=&#8220;{}&#8220;][\/et_pb_heading][et_pb_text _builder_version=&#8220;4.23.1&#8243; _module_preset=&#8220;e5ff8c08-894e-43c3-ad0f-64ccc9389a98&#8243; max_width=&#8220;80%&#8220; max_width_tablet=&#8220;100%&#8220; max_width_phone=&#8220;100%&#8220; max_width_last_edited=&#8220;on|tablet&#8220; custom_margin=&#8220;-2em||15px||false|false&#8220; custom_margin_tablet=&#8220;||2em||false|false&#8220; custom_margin_phone=&#8220;-2em||3em||false|false&#8220; custom_margin_last_edited=&#8220;on|tablet&#8220; text_font_size_tablet=&#8220;16px&#8220; text_font_size_phone=&#8220;16px&#8220; text_font_size_last_edited=&#8220;on|phone&#8220; global_colors_info=&#8220;{}&#8220;]<\/p>\n<p>Die <a href=\"https:\/\/biofeedback-akademie.com\/\" target=\"_blank\" rel=\"noopener\">Europ\u00e4ische Biofeedback Akademie<\/a> (BFA) bietet seit 20 Jahren Biofeedback-TherapeutInnen und -TrainerInnen Ausbildungen an. Diese Ausbildung steht allen Berufsgruppen und Auszubildenden offen und ist besonders f\u00fcr Personen mit therapeutischem Hintergrund (z. B. MedizinerInnen, PsychologInnen, ErgotherapeutInnen etc.) konzipiert.<\/p>\n<p>[\/et_pb_text][et_pb_button button_url=&#8220;https:\/\/biofeedback-akademie.com\/&#8220; button_text=&#8220;Biofeedback Akademie&#8220; button_alignment=&#8220;left&#8220; _builder_version=&#8220;4.23.1&#8243; _module_preset=&#8220;56f4e38d-bcb5-4535-b807-f9864c436daa&#8220; button_text_size=&#8220;16px&#8220; button_text_color=&#8220;#004363&#8243; button_bg_color=&#8220;#FFA85B&#8220; button_border_width=&#8220;1px&#8220; button_border_color=&#8220;#004363&#8243; button_border_radius=&#8220;5px&#8220; button_icon=&#8220;&#x24;||divi||400&#8243; button_on_hover=&#8220;off&#8220; custom_margin=&#8220;2em||||false|false&#8220; custom_margin_tablet=&#8220;0em||||false|false&#8220; custom_margin_phone=&#8220;-1em||4em||false|false&#8220; custom_margin_last_edited=&#8220;on|phone&#8220; button_letter_spacing_hover=&#8220;5.5px&#8220; locked=&#8220;off&#8220; global_colors_info=&#8220;{}&#8220; button_one_text_size__hover_enabled=&#8220;off&#8220; button_two_text_size__hover_enabled=&#8220;off&#8220; button_one_text_color__hover_enabled=&#8220;off&#8220; button_two_text_color__hover_enabled=&#8220;off&#8220; button_one_border_width__hover_enabled=&#8220;off&#8220; button_two_border_width__hover_enabled=&#8220;off&#8220; button_one_border_color__hover_enabled=&#8220;off&#8220; button_two_border_color__hover_enabled=&#8220;off&#8220; button_one_border_radius__hover_enabled=&#8220;off&#8220; button_two_border_radius__hover_enabled=&#8220;off&#8220; button_one_letter_spacing__hover_enabled=&#8220;off&#8220; button_two_letter_spacing__hover_enabled=&#8220;off&#8220; button_one_bg_color__hover_enabled=&#8220;off&#8220; button_two_bg_color__hover_enabled=&#8220;off&#8220; button_text_color__hover_enabled=&#8220;on|hover&#8220; button_text_color__hover=&#8220;#004363&#8243; button_bg_color__hover_enabled=&#8220;on|hover&#8220; button_bg_color__hover=&#8220;#90F9D5&#8243; button_bg_enable_color__hover=&#8220;on&#8220;][\/et_pb_button][\/et_pb_column][\/et_pb_row][\/et_pb_section][et_pb_section fb_built=&#8220;1&#8243; _builder_version=&#8220;4.23.1&#8243; _module_preset=&#8220;default&#8220; background_color=&#8220;#004363&#8243; global_colors_info=&#8220;{}&#8220;][et_pb_row column_structure=&#8220;1_2,1_2&#8243; _builder_version=&#8220;4.23.1&#8243; _module_preset=&#8220;d52035df-672e-4dbf-b554-614fd7fbbaea&#8220; custom_css_main_element=&#8220;  display: flex;||  align-items: center;||  justify-content: center;&#8220; global_colors_info=&#8220;{}&#8220; custom_css_main_element_tablet=&#8220;display:block;&#8220; custom_css_main_element_phone=&#8220;display:block;&#8220; custom_css_main_element_last_edited=&#8220;on|tablet&#8220;][et_pb_column type=&#8220;1_2&#8243; _builder_version=&#8220;4.23.1&#8243; _module_preset=&#8220;default&#8220; global_colors_info=&#8220;{}&#8220;][et_pb_text _builder_version=&#8220;4.23.1&#8243; _module_preset=&#8220;e5ff8c08-894e-43c3-ad0f-64ccc9389a98&#8243; text_text_color=&#8220;#FFFFFF&#8220; header_2_text_color=&#8220;#FFFFFF&#8220; custom_margin=&#8220;||16px|||&#8220; header_2_font_size_tablet=&#8220;&#8220; header_2_font_size_phone=&#8220;&#8220; header_2_font_size_last_edited=&#8220;on|tablet&#8220; global_colors_info=&#8220;{}&#8220;]<\/p>\n<h2>Universit\u00e4tslehrgang<\/h2>\n<p>Im Jahr 2016 wurde in Kooperation mit der Sigmund Freud Privatuniversit\u00e4t Wien (SFU) der Universit\u00e4tslehrgang Biofeedbacktherapie ins Leben gerufen. Dadurch ist die Biofeedback-Ausbildung in Europa die Einzige, die einen Universit\u00e4tsabschluss gew\u00e4hrt.<\/p>\n<p>[\/et_pb_text][et_pb_blurb use_icon=&#8220;on&#8220; font_icon=&#8220;&#x35;||divi||400&#8243; icon_color=&#8220;#FFFFFF&#8220; icon_placement=&#8220;left&#8220; image_icon_width=&#8220;24px&#8220; content_max_width=&#8220;1100px&#8220; _builder_version=&#8220;4.23.1&#8243; _module_preset=&#8220;default&#8220; body_font=&#8220;|300|||||||&#8220; body_text_color=&#8220;#FFFFFF&#8220; background_layout=&#8220;dark&#8220; module_alignment=&#8220;left&#8220; custom_margin=&#8220;||10px||false|false&#8220; custom_padding=&#8220;||||false|false&#8220; body_font_size_tablet=&#8220;&#8220; body_font_size_phone=&#8220;&#8220; body_font_size_last_edited=&#8220;on|phone&#8220; locked=&#8220;off&#8220; global_colors_info=&#8220;{}&#8220; icon_color__hover_enabled=&#8220;on|desktop&#8220; icon_color__hover=&#8220;#FFA85B&#8220; body_text_color__hover_enabled=&#8220;on|desktop&#8220; body_text_color__hover=&#8220;#FFA85B&#8220;]<\/p>\n<p>Kompakt<\/p>\n<p>[\/et_pb_blurb][et_pb_blurb use_icon=&#8220;on&#8220; font_icon=&#8220;&#x35;||divi||400&#8243; icon_color=&#8220;#FFFFFF&#8220; icon_placement=&#8220;left&#8220; image_icon_width=&#8220;24px&#8220; content_max_width=&#8220;1100px&#8220; _builder_version=&#8220;4.23.1&#8243; _module_preset=&#8220;default&#8220; body_font=&#8220;|300|||||||&#8220; body_text_color=&#8220;#FFFFFF&#8220; background_layout=&#8220;dark&#8220; module_alignment=&#8220;left&#8220; custom_margin=&#8220;||10px||false|false&#8220; custom_padding=&#8220;||||false|false&#8220; body_font_size_tablet=&#8220;&#8220; body_font_size_phone=&#8220;&#8220; body_font_size_last_edited=&#8220;on|phone&#8220; locked=&#8220;off&#8220; global_colors_info=&#8220;{}&#8220; icon_color__hover_enabled=&#8220;on|desktop&#8220; icon_color__hover=&#8220;#FFA85B&#8220; body_text_color__hover_enabled=&#8220;on|desktop&#8220; body_text_color__hover=&#8220;#FFA85B&#8220;]<\/p>\n<p>Kompetent<\/p>\n<p>[\/et_pb_blurb][et_pb_blurb use_icon=&#8220;on&#8220; font_icon=&#8220;&#x35;||divi||400&#8243; icon_color=&#8220;#FFFFFF&#8220; icon_placement=&#8220;left&#8220; image_icon_width=&#8220;24px&#8220; content_max_width=&#8220;1100px&#8220; _builder_version=&#8220;4.23.1&#8243; _module_preset=&#8220;default&#8220; body_font=&#8220;|300|||||||&#8220; body_text_color=&#8220;#FFFFFF&#8220; background_layout=&#8220;dark&#8220; module_alignment=&#8220;left&#8220; custom_margin=&#8220;||10px||false|false&#8220; custom_padding=&#8220;||||false|false&#8220; body_font_size_tablet=&#8220;&#8220; body_font_size_phone=&#8220;&#8220; body_font_size_last_edited=&#8220;on|phone&#8220; locked=&#8220;off&#8220; global_colors_info=&#8220;{}&#8220; icon_color__hover_enabled=&#8220;on|desktop&#8220; icon_color__hover=&#8220;#FFA85B&#8220; body_text_color__hover_enabled=&#8220;on|desktop&#8220; body_text_color__hover=&#8220;#FFA85B&#8220;]<\/p>\n<p>Zertifiziert<\/p>\n<p>[\/et_pb_blurb][et_pb_blurb use_icon=&#8220;on&#8220; font_icon=&#8220;&#x35;||divi||400&#8243; icon_color=&#8220;#FFFFFF&#8220; icon_placement=&#8220;left&#8220; image_icon_width=&#8220;24px&#8220; content_max_width=&#8220;1100px&#8220; _builder_version=&#8220;4.23.1&#8243; _module_preset=&#8220;default&#8220; body_font=&#8220;|300|||||||&#8220; body_text_color=&#8220;#FFFFFF&#8220; background_layout=&#8220;dark&#8220; module_alignment=&#8220;left&#8220; custom_margin=&#8220;||10px||false|false&#8220; custom_padding=&#8220;||||false|false&#8220; body_font_size_tablet=&#8220;&#8220; body_font_size_phone=&#8220;&#8220; body_font_size_last_edited=&#8220;on|phone&#8220; locked=&#8220;off&#8220; global_colors_info=&#8220;{}&#8220; icon_color__hover_enabled=&#8220;on|desktop&#8220; icon_color__hover=&#8220;#FFA85B&#8220; body_text_color__hover_enabled=&#8220;on|desktop&#8220; body_text_color__hover=&#8220;#FFA85B&#8220;]<\/p>\n<p>Strukturiert<\/p>\n<p>[\/et_pb_blurb][et_pb_blurb use_icon=&#8220;on&#8220; font_icon=&#8220;&#x35;||divi||400&#8243; icon_color=&#8220;#FFFFFF&#8220; icon_placement=&#8220;left&#8220; image_icon_width=&#8220;24px&#8220; content_max_width=&#8220;1100px&#8220; _builder_version=&#8220;4.23.1&#8243; _module_preset=&#8220;default&#8220; body_font=&#8220;|300|||||||&#8220; body_text_color=&#8220;#FFFFFF&#8220; background_layout=&#8220;dark&#8220; module_alignment=&#8220;left&#8220; custom_margin=&#8220;||10px||false|false&#8220; custom_padding=&#8220;||||false|false&#8220; body_font_size_tablet=&#8220;&#8220; body_font_size_phone=&#8220;&#8220; body_font_size_last_edited=&#8220;on|phone&#8220; locked=&#8220;off&#8220; global_colors_info=&#8220;{}&#8220; icon_color__hover_enabled=&#8220;on|desktop&#8220; icon_color__hover=&#8220;#FFA85B&#8220; body_text_color__hover_enabled=&#8220;on|desktop&#8220; body_text_color__hover=&#8220;#FFA85B&#8220;]<\/p>\n<p>Praxisnah<\/p>\n<p>[\/et_pb_blurb][et_pb_blurb use_icon=&#8220;on&#8220; font_icon=&#8220;&#x35;||divi||400&#8243; icon_color=&#8220;#FFFFFF&#8220; icon_placement=&#8220;left&#8220; image_icon_width=&#8220;24px&#8220; content_max_width=&#8220;1100px&#8220; _builder_version=&#8220;4.23.1&#8243; _module_preset=&#8220;default&#8220; body_font=&#8220;|300|||||||&#8220; body_text_color=&#8220;#FFFFFF&#8220; background_layout=&#8220;dark&#8220; module_alignment=&#8220;left&#8220; custom_margin=&#8220;||10px||false|false&#8220; custom_padding=&#8220;||||false|false&#8220; body_font_size_tablet=&#8220;&#8220; body_font_size_phone=&#8220;&#8220; body_font_size_last_edited=&#8220;on|phone&#8220; locked=&#8220;off&#8220; global_colors_info=&#8220;{}&#8220; icon_color__hover_enabled=&#8220;on|desktop&#8220; icon_color__hover=&#8220;#FFA85B&#8220; body_text_color__hover_enabled=&#8220;on|desktop&#8220; body_text_color__hover=&#8220;#FFA85B&#8220;]<\/p>\n<p>Anrechenbar<\/p>\n<p>[\/et_pb_blurb][et_pb_button button_url=&#8220;\/#information&#8220; button_text=&#8220;Beratung anfordern!&#8220; button_alignment=&#8220;left&#8220; _builder_version=&#8220;4.23.1&#8243; _module_preset=&#8220;56f4e38d-bcb5-4535-b807-f9864c436daa&#8220; button_text_size=&#8220;16px&#8220; button_text_color=&#8220;#004363&#8243; button_bg_color=&#8220;#FFA85B&#8220; button_border_width=&#8220;1px&#8220; button_border_color=&#8220;#004363&#8243; button_border_radius=&#8220;5px&#8220; button_icon=&#8220;&#x24;||divi||400&#8243; button_on_hover=&#8220;off&#8220; custom_margin=&#8220;3em||||false|false&#8220; button_letter_spacing_hover=&#8220;5.5px&#8220; locked=&#8220;off&#8220; global_colors_info=&#8220;{}&#8220; button_one_text_size__hover_enabled=&#8220;off&#8220; button_two_text_size__hover_enabled=&#8220;off&#8220; button_one_text_color__hover_enabled=&#8220;off&#8220; button_two_text_color__hover_enabled=&#8220;off&#8220; button_one_border_width__hover_enabled=&#8220;off&#8220; button_two_border_width__hover_enabled=&#8220;off&#8220; button_one_border_color__hover_enabled=&#8220;off&#8220; button_two_border_color__hover_enabled=&#8220;off&#8220; button_one_border_radius__hover_enabled=&#8220;off&#8220; button_two_border_radius__hover_enabled=&#8220;off&#8220; button_one_letter_spacing__hover_enabled=&#8220;off&#8220; button_two_letter_spacing__hover_enabled=&#8220;off&#8220; button_one_bg_color__hover_enabled=&#8220;off&#8220; button_two_bg_color__hover_enabled=&#8220;off&#8220; button_text_color__hover_enabled=&#8220;on|hover&#8220; button_text_color__hover=&#8220;#004363&#8243; button_bg_color__hover_enabled=&#8220;on|hover&#8220; button_bg_color__hover=&#8220;#90F9D5&#8243; button_bg_enable_color__hover=&#8220;on&#8220;][\/et_pb_button][\/et_pb_column][et_pb_column type=&#8220;1_2&#8243; _builder_version=&#8220;4.23.1&#8243; _module_preset=&#8220;default&#8220; global_colors_info=&#8220;{}&#8220;][et_pb_video src=&#8220;https:\/\/www.youtube.com\/watch?v=qUXiVu63C7E&#8220; image_src=&#8220;https:\/\/biofeedback.co.at\/wp-content\/uploads\/2023\/12\/BFA-Logo2.jpg&#8220; play_icon_color=&#8220;#FFA85B&#8220; _builder_version=&#8220;4.23.1&#8243; _module_preset=&#8220;default&#8220; global_colors_info=&#8220;{}&#8220;][\/et_pb_video][\/et_pb_column][\/et_pb_row][\/et_pb_section]<\/p>\n","protected":false},"excerpt":{"rendered":"<p>UNIVERSIT\u00c4TSLEHRGANGDie Europ\u00e4ische Biofeedback Akademie (BFA) bietet seit 20 Jahren Biofeedback-TherapeutInnen und -TrainerInnen Ausbildungen an. Diese Ausbildung steht allen Berufsgruppen und Auszubildenden offen und ist besonders f\u00fcr Personen mit therapeutischem Hintergrund (z. B. MedizinerInnen, PsychologInnen, ErgotherapeutInnen etc.) konzipiert.Universit\u00e4tslehrgang Im Jahr 2016 wurde in Kooperation mit der Sigmund Freud Privatuniversit\u00e4t Wien (SFU) der Universit\u00e4tslehrgang Biofeedbacktherapie ins Leben [&hellip;]<\/p>\n","protected":false},"author":18,"featured_media":256653,"parent":0,"menu_order":0,"comment_status":"closed","ping_status":"closed","template":"","meta":{"_et_pb_use_builder":"on","_et_pb_old_content":"","_et_gb_content_width":"","footnotes":""},"class_list":["post-256608","page","type-page","status-publish","has-post-thumbnail","hentry"],"_links":{"self":[{"href":"https:\/\/biofeedback.co.at\/en\/wp-json\/wp\/v2\/pages\/256608","targetHints":{"allow":["GET"]}}],"collection":[{"href":"https:\/\/biofeedback.co.at\/en\/wp-json\/wp\/v2\/pages"}],"about":[{"href":"https:\/\/biofeedback.co.at\/en\/wp-json\/wp\/v2\/types\/page"}],"author":[{"embeddable":true,"href":"https:\/\/biofeedback.co.at\/en\/wp-json\/wp\/v2\/users\/18"}],"replies":[{"embeddable":true,"href":"https:\/\/biofeedback.co.at\/en\/wp-json\/wp\/v2\/comments?post=256608"}],"version-history":[{"count":1,"href":"https:\/\/biofeedback.co.at\/en\/wp-json\/wp\/v2\/pages\/256608\/revisions"}],"predecessor-version":[{"id":258398,"href":"https:\/\/biofeedback.co.at\/en\/wp-json\/wp\/v2\/pages\/256608\/revisions\/258398"}],"wp:featuredmedia":[{"embeddable":true,"href":"https:\/\/biofeedback.co.at\/en\/wp-json\/wp\/v2\/media\/256653"}],"wp:attachment":[{"href":"https:\/\/biofeedback.co.at\/en\/wp-json\/wp\/v2\/media?parent=256608"}],"curies":[{"name":"wp","href":"https:\/\/api.w.org\/{rel}","templated":true}]}}