{"id":259714,"date":"2025-02-27T13:28:01","date_gmt":"2025-02-27T12:28:01","guid":{"rendered":"https:\/\/biofeedback.co.at\/?page_id=259714"},"modified":"2025-03-12T12:47:01","modified_gmt":"2025-03-12T11:47:01","slug":"service-support","status":"publish","type":"page","link":"https:\/\/biofeedback.co.at\/en\/neuromaster\/service-support\/","title":{"rendered":"Service &amp; Support"},"content":{"rendered":"<p>[et_pb_section fb_built=&#8220;1&#8243; _builder_version=&#8220;4.23.1&#8243; _module_preset=&#8220;default&#8220; min_height=&#8220;50vh&#8220; custom_margin=&#8220;||||false|false&#8220; custom_padding=&#8220;0px|0px|0px|0px|false|false&#8220; custom_css_main_element=&#8220;||&#8220; locked=&#8220;off&#8220; global_colors_info=&#8220;{}&#8220; custom_css_main_element_last_edited=&#8220;on|desktop&#8220; custom_css_main_element_tablet=&#8220;display: block; ||&#8220; custom_css_main_element_phone=&#8220;display: block; ||&#8220;][et_pb_row column_structure=&#8220;1_2,1_2&#8243; make_equal=&#8220;on&#8220; _builder_version=&#8220;4.27.4&#8243; _module_preset=&#8220;e296c15c-d962-4be6-a1c2-d9238ee73e45&#8243; width=&#8220;100%&#8220; width_tablet=&#8220;100%&#8220; width_phone=&#8220;100%&#8220; max_width=&#8220;100%&#8220; module_alignment=&#8220;center&#8220; min_height=&#8220;62vh&#8220; min_height_tablet=&#8220;50vh&#8220; min_height_phone=&#8220;&#8220; min_height_last_edited=&#8220;on|phone&#8220; custom_margin=&#8220;0px|0px|0px|0px|false|false&#8220; custom_padding=&#8220;0px||0px||true|false&#8220; global_colors_info=&#8220;{}&#8220; custom_css_main_element_last_edited=&#8220;on|desktop&#8220;][et_pb_column type=&#8220;1_2&#8243; _builder_version=&#8220;4.27.4&#8243; _module_preset=&#8220;default&#8220; background_image=&#8220;https:\/\/biofeedback.co.at\/wp-content\/uploads\/2025\/03\/MG_9631-scaled.jpg&#8220; background_position=&#8220;top_left&#8220; background_blend=&#8220;luminosity&#8220; custom_padding=&#8220;0px|0px|0px|0px|true|false&#8220; custom_padding_tablet=&#8220;250px|0px|250px|0px|false|false&#8220; custom_padding_phone=&#8220;170px||150px||false|false&#8220; custom_padding_last_edited=&#8220;on|desktop&#8220; global_colors_info=&#8220;{}&#8220; custom_css_main_element_last_edited=&#8220;on|tablet&#8220;][\/et_pb_column][et_pb_column type=&#8220;1_2&#8243; _builder_version=&#8220;4.23.1&#8243; _module_preset=&#8220;default&#8220; custom_padding_tablet=&#8220;5%|3%|8%|3%|false|true&#8220; custom_padding_phone=&#8220;|5%||5%|false|true&#8220; custom_padding_last_edited=&#8220;on|phone&#8220; custom_css_main_element=&#8220; ||display: flex; flex-direction: column; justify-content: center;&#8220; global_colors_info=&#8220;{}&#8220;][et_pb_text _builder_version=&#8220;4.27.4&#8243; _module_preset=&#8220;6a2f0c27-4732-46a8-a37d-b4d23a10f7a1&#8243; text_font=&#8220;|300||on|||||&#8220; max_width=&#8220;80%&#8220; custom_margin=&#8220;||15px||false|false&#8220; text_font_size_tablet=&#8220;16px&#8220; text_font_size_phone=&#8220;16px&#8220; text_font_size_last_edited=&#8220;on|phone&#8220; global_colors_info=&#8220;{}&#8220;]<\/p>\n<p>Unsere Spezialit\u00e4t &#8211; Umfangreicher Service nach dem Kauf<\/p>\n<p>[\/et_pb_text][et_pb_heading title=&#8220;Service &#038; Support&#8220; _builder_version=&#8220;4.27.4&#8243; _module_preset=&#8220;default&#8220; title_font=&#8220;|700|||||||&#8220; title_text_color=&#8220;#004363&#8243; title_font_size=&#8220;50px&#8220; width=&#8220;80%&#8220; title_font_size_tablet=&#8220;40px&#8220; title_font_size_phone=&#8220;36px&#8220; title_font_size_last_edited=&#8220;on|phone&#8220; global_colors_info=&#8220;{}&#8220;][\/et_pb_heading][et_pb_text _builder_version=&#8220;4.27.4&#8243; _module_preset=&#8220;6a2f0c27-4732-46a8-a37d-b4d23a10f7a1&#8243; max_width=&#8220;100%&#8220; max_width_tablet=&#8220;100%&#8220; max_width_phone=&#8220;100%&#8220; max_width_last_edited=&#8220;on|desktop&#8220; custom_margin=&#8220;|8%|15px||false|false&#8220; custom_margin_tablet=&#8220;|0%|||false|false&#8220; custom_margin_phone=&#8220;|0%|||false|false&#8220; custom_margin_last_edited=&#8220;on|desktop&#8220; text_font_size_tablet=&#8220;16px&#8220; text_font_size_phone=&#8220;16px&#8220; text_font_size_last_edited=&#8220;on|phone&#8220; locked=&#8220;off&#8220; global_colors_info=&#8220;{}&#8220;]<\/p>\n<p>Bei Insight Instruments steht Ihre Zufriedenheit an erster Stelle. Unser umfassender Service- und Supportangebot stellt sicher, dass Sie jederzeit die Unterst\u00fctzung erhalten, die Sie ben\u00f6tigen.\u00a0<\/p>\n<p>[\/et_pb_text][\/et_pb_column][\/et_pb_row][\/et_pb_section][et_pb_section fb_built=&#8220;1&#8243; _builder_version=&#8220;4.27.4&#8243; _module_preset=&#8220;default&#8220; background_color=&#8220;#004363&#8243; global_colors_info=&#8220;{}&#8220;][et_pb_row column_structure=&#8220;1_3,1_3,1_3&#8243; make_equal=&#8220;on&#8220; _builder_version=&#8220;4.27.4&#8243; _module_preset=&#8220;default&#8220; global_colors_info=&#8220;{}&#8220;][et_pb_column type=&#8220;1_3&#8243; _builder_version=&#8220;4.27.4&#8243; _module_preset=&#8220;default&#8220; background_color=&#8220;#FFFFFF&#8220; custom_padding=&#8220;10px|10px|10px|10px|true|true&#8220; border_radii=&#8220;on|5px|5px|5px|5px&#8220; border_width_all=&#8220;1px&#8220; border_color_all=&#8220;#FFA85B&#8220; global_colors_info=&#8220;{}&#8220;][et_pb_blurb title=&#8220;Technische Hotline&#8220; use_icon=&#8220;on&#8220; font_icon=&#8220;&#xf590;||fa||900&#8243; icon_color=&#8220;#FFA85B&#8220; icon_placement=&#8220;left&#8220; _builder_version=&#8220;4.27.4&#8243; _module_preset=&#8220;default&#8220; header_level=&#8220;h3&#8243; header_font=&#8220;|700|||||||&#8220; header_text_color=&#8220;#004363&#8243; body_font=&#8220;|300|||||||&#8220; min_height=&#8220;194px&#8220; custom_padding=&#8220;10px|10px|10px|10px|true|true&#8220; link_option_url=&#8220;https:\/\/biofeedback.co.at\/technischer-service\/&#8220; border_radii=&#8220;on|5px|5px|5px|5px&#8220; border_color_all=&#8220;#FFA85B&#8220; global_colors_info=&#8220;{}&#8220;]<\/p>\n<p>Unser erfahrenes Support-Team steht Ihnen f\u00fcr technische Fragen zur Verf\u00fcgung. Nutzen Sie unser Serviceformular, um Ihr Anliegen zu schildern. Unser Team wird sich umgehend mit Ihnen in Verbindung setzen.\u00a0<\/p>\n<p>[\/et_pb_blurb][et_pb_button button_url=&#8220;https:\/\/biofeedback.co.at\/technischer-service\/&#8220; button_text=&#8220;Zum Serviceformular&#8220; button_alignment=&#8220;center&#8220; _builder_version=&#8220;4.27.4&#8243; _module_preset=&#8220;default&#8220; custom_button=&#8220;on&#8220; button_text_color=&#8220;#FFFFFF&#8220; button_bg_color=&#8220;#FFA85B&#8220; custom_margin=&#8220;-20px||||false|false&#8220; hover_enabled=&#8220;0&#8243; global_colors_info=&#8220;{}&#8220; button_bg_color__hover_enabled=&#8220;on|hover&#8220; button_bg_color__hover=&#8220;#004363&#8243; button_bg_enable_color__hover=&#8220;on&#8220; button_text_color__hover_enabled=&#8220;on|hover&#8220; button_text_color__hover=&#8220;#FFFFFF&#8220; button_icon_color__hover_enabled=&#8220;on|hover&#8220; button_icon_color__hover=&#8220;#FFFFFF&#8220; button_border_color=&#8220;#FFFFFF&#8220; button_use_icon=&#8220;off&#8220; sticky_enabled=&#8220;0&#8243;][\/et_pb_button][\/et_pb_column][et_pb_column type=&#8220;1_3&#8243; _builder_version=&#8220;4.27.4&#8243; _module_preset=&#8220;default&#8220; background_color=&#8220;#FFFFFF&#8220; custom_padding=&#8220;10px|10px|10px|10px|true|true&#8220; border_radii=&#8220;on|5px|5px|5px|5px&#8220; border_width_all=&#8220;1px&#8220; border_color_all=&#8220;#FFA85B&#8220; global_colors_info=&#8220;{}&#8220;][et_pb_blurb title=&#8220;H\u00e4ufige Fragen&#8220; use_icon=&#8220;on&#8220; font_icon=&#8220;&#x74;||divi||400&#8243; icon_color=&#8220;#FFA85B&#8220; icon_placement=&#8220;left&#8220; _builder_version=&#8220;4.27.4&#8243; _module_preset=&#8220;default&#8220; header_level=&#8220;h3&#8243; header_font=&#8220;|700|||||||&#8220; header_text_color=&#8220;#004363&#8243; body_font=&#8220;|300|||||||&#8220; min_height=&#8220;193px&#8220; custom_padding=&#8220;14px|10px|33px|10px|false|true&#8220; link_option_url=&#8220;https:\/\/insightinstruments.freshdesk.com\/support\/home&#8220; link_option_url_new_window=&#8220;on&#8220; border_radii=&#8220;on|5px|5px|5px|5px&#8220; border_color_all=&#8220;#FFA85B&#8220; global_colors_info=&#8220;{}&#8220;]<\/p>\n<p>In unseren FAQs beantworten wir die am h\u00e4ufigsten gestellten Fragen zu unseren Produkten und Dienstleistungen. Schauen Sie vorbei, um schnelle Antworten zu erhalten.\u00a0<\/p>\n<p>[\/et_pb_blurb][et_pb_button button_url=&#8220;https:\/\/insightinstruments.freshdesk.com\/support\/home&#8220; url_new_window=&#8220;on&#8220; button_text=&#8220;Zu den FAQ&#8217;s&#8220; button_alignment=&#8220;center&#8220; _builder_version=&#8220;4.27.4&#8243; _module_preset=&#8220;default&#8220; custom_button=&#8220;on&#8220; button_text_color=&#8220;#FFFFFF&#8220; button_bg_color=&#8220;#FFA85B&#8220; custom_margin=&#8220;-20px||||false|false&#8220; hover_enabled=&#8220;0&#8243; locked=&#8220;off&#8220; global_colors_info=&#8220;{}&#8220; button_bg_color__hover_enabled=&#8220;on|hover&#8220; button_bg_color__hover=&#8220;#004363&#8243; button_bg_enable_color__hover=&#8220;on&#8220; button_text_color__hover_enabled=&#8220;on|hover&#8220; button_text_color__hover=&#8220;#FFFFFF&#8220; button_icon_color__hover_enabled=&#8220;on|hover&#8220; button_icon_color__hover=&#8220;#FFFFFF&#8220; button_border_color=&#8220;#FFFFFF&#8220; button_use_icon=&#8220;off&#8220; sticky_enabled=&#8220;0&#8243;][\/et_pb_button][\/et_pb_column][et_pb_column type=&#8220;1_3&#8243; _builder_version=&#8220;4.27.4&#8243; _module_preset=&#8220;default&#8220; background_color=&#8220;#FFFFFF&#8220; custom_padding=&#8220;10px|10px|10px|10px|true|true&#8220; border_radii=&#8220;on|5px|5px|5px|5px&#8220; border_width_all=&#8220;1px&#8220; border_color_all=&#8220;#FFA85B&#8220; global_colors_info=&#8220;{}&#8220;][et_pb_blurb title=&#8220;Marketingmaterial&#8220; use_icon=&#8220;on&#8220; font_icon=&#8220;&#xf56c;||fa||900&#8243; icon_color=&#8220;#FFA85B&#8220; icon_placement=&#8220;left&#8220; _builder_version=&#8220;4.27.4&#8243; _module_preset=&#8220;default&#8220; header_level=&#8220;h3&#8243; header_font=&#8220;|700|||||||&#8220; header_text_color=&#8220;#004363&#8243; body_font=&#8220;|300|||||||&#8220; custom_padding=&#8220;10px|10px|10px|10px|true|true&#8220; link_option_url=&#8220;https:\/\/biofeedback.co.at\/technischer-service\/patienteninformation-fur-therapeuten-zum-download\/&#8220; border_radii=&#8220;on|5px|5px|5px|5px&#8220; border_color_all=&#8220;#FFA85B&#8220; global_colors_info=&#8220;{}&#8220;]<\/p>\n<p>Wir stellen unseren Kund:innen Marketingmaterial zur Verf\u00fcgung, darunter Flyer, Brosch\u00fcren, Poster und Bilder f\u00fcr Ihre Website oder Praxis. Diese Materialien helfen Ihnen, Ihr Bio- und Neurofeedback-Angebot professionell zu pr\u00e4sentieren.\u00a0<\/p>\n<p>[\/et_pb_blurb][et_pb_button button_url=&#8220;https:\/\/biofeedback.co.at\/neuromaster\/informationsmaterial\/&#8220; button_text=&#8220;Zu den Unterlagen&#8220; button_alignment=&#8220;center&#8220; _builder_version=&#8220;4.27.4&#8243; _module_preset=&#8220;default&#8220; custom_button=&#8220;on&#8220; button_text_color=&#8220;#FFFFFF&#8220; button_bg_color=&#8220;#FFA85B&#8220; custom_margin=&#8220;-20px||||false|false&#8220; hover_enabled=&#8220;0&#8243; locked=&#8220;off&#8220; global_colors_info=&#8220;{}&#8220; button_bg_color__hover_enabled=&#8220;on|hover&#8220; button_bg_color__hover=&#8220;#004363&#8243; button_bg_enable_color__hover=&#8220;on&#8220; button_text_color__hover_enabled=&#8220;on|hover&#8220; button_text_color__hover=&#8220;#FFFFFF&#8220; button_icon_color__hover_enabled=&#8220;on|hover&#8220; button_icon_color__hover=&#8220;#FFFFFF&#8220; button_use_icon=&#8220;off&#8220; button_border_color=&#8220;#FFFFFF&#8220; sticky_enabled=&#8220;0&#8243;][\/et_pb_button][\/et_pb_column][\/et_pb_row][\/et_pb_section]<\/p>\n","protected":false},"excerpt":{"rendered":"<p>Unsere Spezialit\u00e4t &#8211; Umfangreicher Service nach dem KaufBei Insight Instruments steht Ihre Zufriedenheit an erster Stelle. Unser umfassender Service- und Supportangebot stellt sicher, dass Sie jederzeit die Unterst\u00fctzung erhalten, die Sie ben\u00f6tigen.\u00a0Unser erfahrenes Support-Team steht Ihnen f\u00fcr technische Fragen zur Verf\u00fcgung. Nutzen Sie unser Serviceformular, um Ihr Anliegen zu schildern. Unser Team wird sich umgehend [&hellip;]<\/p>\n","protected":false},"author":4,"featured_media":0,"parent":2754,"menu_order":0,"comment_status":"closed","ping_status":"closed","template":"","meta":{"_et_pb_use_builder":"on","_et_pb_old_content":"","_et_gb_content_width":"","footnotes":""},"class_list":["post-259714","page","type-page","status-publish","hentry"],"_links":{"self":[{"href":"https:\/\/biofeedback.co.at\/en\/wp-json\/wp\/v2\/pages\/259714","targetHints":{"allow":["GET"]}}],"collection":[{"href":"https:\/\/biofeedback.co.at\/en\/wp-json\/wp\/v2\/pages"}],"about":[{"href":"https:\/\/biofeedback.co.at\/en\/wp-json\/wp\/v2\/types\/page"}],"author":[{"embeddable":true,"href":"https:\/\/biofeedback.co.at\/en\/wp-json\/wp\/v2\/users\/4"}],"replies":[{"embeddable":true,"href":"https:\/\/biofeedback.co.at\/en\/wp-json\/wp\/v2\/comments?post=259714"}],"version-history":[{"count":9,"href":"https:\/\/biofeedback.co.at\/en\/wp-json\/wp\/v2\/pages\/259714\/revisions"}],"predecessor-version":[{"id":259850,"href":"https:\/\/biofeedback.co.at\/en\/wp-json\/wp\/v2\/pages\/259714\/revisions\/259850"}],"up":[{"embeddable":true,"href":"https:\/\/biofeedback.co.at\/en\/wp-json\/wp\/v2\/pages\/2754"}],"wp:attachment":[{"href":"https:\/\/biofeedback.co.at\/en\/wp-json\/wp\/v2\/media?parent=259714"}],"curies":[{"name":"wp","href":"https:\/\/api.w.org\/{rel}","templated":true}]}}