{"id":260905,"date":"2026-02-05T12:17:05","date_gmt":"2026-02-05T11:17:05","guid":{"rendered":"https:\/\/biofeedback.co.at\/?page_id=260905"},"modified":"2026-02-12T16:44:57","modified_gmt":"2026-02-12T15:44:57","slug":"praxta-studios","status":"publish","type":"page","link":"https:\/\/biofeedback.co.at\/en\/partner\/praxta-studios\/","title":{"rendered":"Praxta Studios"},"content":{"rendered":"<p>[et_pb_section fb_built=&#8220;1&#8243; _builder_version=&#8220;4.23.1&#8243; _module_preset=&#8220;default&#8220; min_height=&#8220;50vh&#8220; custom_margin=&#8220;||||false|false&#8220; custom_padding=&#8220;0px|0px|0px|0px|false|false&#8220; custom_css_main_element=&#8220;||&#8220; locked=&#8220;off&#8220; global_colors_info=&#8220;{}&#8220; custom_css_main_element_last_edited=&#8220;on|desktop&#8220; custom_css_main_element_tablet=&#8220;display: block;  ||&#8220; custom_css_main_element_phone=&#8220;display: block;  ||&#8220;][et_pb_row column_structure=&#8220;1_2,1_2&#8243; make_equal=&#8220;on&#8220; _builder_version=&#8220;4.27.5&#8243; _module_preset=&#8220;eacf5457-1c55-4ef4-8898-3f9dff87d96b&#8220; background_color=&#8220;#004363&#8243; width=&#8220;100%&#8220; width_tablet=&#8220;100%&#8220; width_phone=&#8220;100%&#8220; max_width=&#8220;100%&#8220; module_alignment=&#8220;center&#8220; min_height=&#8220;62vh&#8220; min_height_tablet=&#8220;50vh&#8220; min_height_phone=&#8220;&#8220; min_height_last_edited=&#8220;on|phone&#8220; custom_margin=&#8220;0px|0px|0px|0px|false|false&#8220; custom_padding=&#8220;0px||0px||true|false&#8220; hover_enabled=&#8220;0&#8243; global_colors_info=&#8220;{}&#8220; custom_css_main_element_last_edited=&#8220;on|desktop&#8220; sticky_enabled=&#8220;0&#8243;][et_pb_column type=&#8220;1_2&#8243; _builder_version=&#8220;4.27.5&#8243; _module_preset=&#8220;default&#8220; background_image=&#8220;https:\/\/biofeedback.co.at\/wp-content\/uploads\/2026\/02\/Praxta.jpg&#8220; background_blend=&#8220;darken&#8220; custom_padding=&#8220;0px|0px|0px|0px|true|false&#8220; custom_padding_tablet=&#8220;250px|0px|250px|0px|false|false&#8220; custom_padding_phone=&#8220;170px||150px||false|false&#8220; custom_padding_last_edited=&#8220;on|desktop&#8220; hover_enabled=&#8220;0&#8243; global_colors_info=&#8220;{}&#8220; custom_css_main_element_last_edited=&#8220;on|tablet&#8220; alt=&#8220;Praxta Studios&#8220; title_text=&#8220;Praxta&#8220; sticky_enabled=&#8220;0&#8243;][\/et_pb_column][et_pb_column type=&#8220;1_2&#8243; _builder_version=&#8220;4.23.1&#8243; _module_preset=&#8220;default&#8220; custom_padding_tablet=&#8220;5%|3%|8%|3%|false|true&#8220; custom_padding_phone=&#8220;|5%||5%|false|true&#8220; custom_padding_last_edited=&#8220;on|phone&#8220; custom_css_main_element=&#8220;\t||display: flex; flex-direction: column; justify-content: center;&#8220; global_colors_info=&#8220;{}&#8220;][et_pb_heading title=&#8220;Praxta GmbH&#8220; _builder_version=&#8220;4.27.5&#8243; _module_preset=&#8220;default&#8220; title_font=&#8220;|700|||||||&#8220; title_text_color=&#8220;#FFFFFF&#8220; title_font_size=&#8220;50px&#8220; width=&#8220;80%&#8220; custom_margin=&#8220;||30px||false|false&#8220; title_font_size_tablet=&#8220;40px&#8220; title_font_size_phone=&#8220;36px&#8220; title_font_size_last_edited=&#8220;on|phone&#8220; global_colors_info=&#8220;{}&#8220;][\/et_pb_heading][et_pb_text _builder_version=&#8220;4.27.5&#8243; _module_preset=&#8220;357c6e82-ed5e-4ae8-acbe-49a08da06e05&#8243; text_text_color=&#8220;#FFFFFF&#8220; width=&#8220;80%&#8220; width_tablet=&#8220;80%&#8220; width_phone=&#8220;80%&#8220; width_last_edited=&#8220;on|phone&#8220; max_width=&#8220;100%&#8220; max_width_tablet=&#8220;100%&#8220; max_width_phone=&#8220;100%&#8220; max_width_last_edited=&#8220;on|tablet&#8220; custom_margin=&#8220;|8%|15px||false|false&#8220; custom_margin_tablet=&#8220;|0%|||false|false&#8220; custom_margin_phone=&#8220;|0%|||false|false&#8220; custom_margin_last_edited=&#8220;on|desktop&#8220; hover_enabled=&#8220;0&#8243; text_font_size_tablet=&#8220;16px&#8220; text_font_size_phone=&#8220;16px&#8220; text_font_size_last_edited=&#8220;on|phone&#8220; locked=&#8220;off&#8220; global_colors_info=&#8220;{}&#8220; text_font_size=&#8220;17px&#8220; sticky_enabled=&#8220;0&#8243;]<\/p>\n<p><strong>Praxta schafft niederschwelligen Zugang zu Praxisr\u00e4umen und digitaler Praxisorganisation<\/strong><\/p>\n<p>Die Praxta GmbH verfolgt das Ziel, Professionist:innen in der Gesundheitsversorgung einen niederschwelligen Zugang zu einem leistbaren und digital-autonomen Arbeitsumfeld zu erm\u00f6glichen. Im Mittelpunkt steht dabei die Frage, wie Fachkr\u00e4fte aus unterschiedlichen Berufsgruppen ihre T\u00e4tigkeit in der freien Praxis einfacher aufnehmen und langfristig effizient gestalten k\u00f6nnen, ohne hohe Einstiegsh\u00fcrden, ohne langfristige Verpflichtungen und mit einer Infrastruktur, die sowohl r\u00e4umliche als auch digitale Anforderungen ber\u00fccksichtigt.<\/p>\n<p>[\/et_pb_text][et_pb_button button_url=&#8220;https:\/\/biofeedback.co.at\/wp-content\/uploads\/2026\/02\/Praxta-Studios_Raemlichkeiten_compressed.pdf&#8220; button_text=&#8220;Die Praxta Studios &#8220; button_alignment=&#8220;left&#8220; _builder_version=&#8220;4.27.5&#8243; custom_button=&#8220;on&#8220; button_text_size=&#8220;14px&#8220; button_text_color=&#8220;#004363&#8243; button_bg_color=&#8220;#FFFFFF&#8220; button_border_width=&#8220;1px&#8220; button_border_color=&#8220;#004363&#8243; button_border_radius=&#8220;5px&#8220; button_font=&#8220;Montserrat|||on|||||&#8220; button_icon=&#8220;&#xf019;||fa||900&#8243; button_icon_color=&#8220;#FFA85B&#8220; button_icon_placement=&#8220;left&#8220; button_on_hover=&#8220;off&#8220; button_letter_spacing_hover=&#8220;5.5px&#8220; locked=&#8220;off&#8220; global_colors_info=&#8220;{}&#8220; button_text_size__hover_enabled=&#8220;off&#8220; button_one_text_size__hover_enabled=&#8220;off&#8220; button_two_text_size__hover_enabled=&#8220;off&#8220; button_text_color__hover_enabled=&#8220;on|desktop&#8220; button_one_text_color__hover_enabled=&#8220;off&#8220; button_two_text_color__hover_enabled=&#8220;off&#8220; button_border_width__hover_enabled=&#8220;off&#8220; button_one_border_width__hover_enabled=&#8220;off&#8220; button_two_border_width__hover_enabled=&#8220;off&#8220; button_border_color__hover_enabled=&#8220;off&#8220; button_one_border_color__hover_enabled=&#8220;off&#8220; button_two_border_color__hover_enabled=&#8220;off&#8220; button_border_radius__hover_enabled=&#8220;off&#8220; button_one_border_radius__hover_enabled=&#8220;off&#8220; button_two_border_radius__hover_enabled=&#8220;off&#8220; button_letter_spacing__hover_enabled=&#8220;on|desktop&#8220; button_letter_spacing__hover=&#8220;0px&#8220; button_one_letter_spacing__hover_enabled=&#8220;off&#8220; button_two_letter_spacing__hover_enabled=&#8220;off&#8220; button_bg_color__hover_enabled=&#8220;on|hover&#8220; button_one_bg_color__hover_enabled=&#8220;off&#8220; button_two_bg_color__hover_enabled=&#8220;off&#8220; button_text_color__hover=&#8220;#004363&#8243; button_bg_color__hover=&#8220;#FFA85B&#8220; button_icon_color__hover=&#8220;#004363&#8243; button_icon_color__hover_enabled=&#8220;on|hover&#8220;][\/et_pb_button][\/et_pb_column][\/et_pb_row][\/et_pb_section][et_pb_section fb_built=&#8220;1&#8243; _builder_version=&#8220;4.27.5&#8243; _module_preset=&#8220;default&#8220; global_colors_info=&#8220;{}&#8220;][et_pb_row column_structure=&#8220;1_2,1_2&#8243; make_equal=&#8220;on&#8220; _builder_version=&#8220;4.27.5&#8243; _module_preset=&#8220;eacf5457-1c55-4ef4-8898-3f9dff87d96b&#8220; width=&#8220;100%&#8220; width_tablet=&#8220;100%&#8220; width_phone=&#8220;100%&#8220; max_width=&#8220;100%&#8220; module_alignment=&#8220;center&#8220; min_height=&#8220;62vh&#8220; min_height_tablet=&#8220;50vh&#8220; min_height_phone=&#8220;&#8220; min_height_last_edited=&#8220;on|phone&#8220; custom_margin=&#8220;0px|0px|0px|0px|false|false&#8220; custom_padding=&#8220;0px||0px||true|false&#8220; locked=&#8220;off&#8220; global_colors_info=&#8220;{}&#8220; custom_css_main_element_last_edited=&#8220;on|desktop&#8220;][et_pb_column type=&#8220;1_2&#8243; _builder_version=&#8220;4.27.5&#8243; _module_preset=&#8220;default&#8220; custom_padding=&#8220;|0px||8%|false|false&#8220; custom_padding_tablet=&#8220;5%|3%|8%|3%|false|true&#8220; custom_padding_phone=&#8220;|5%||5%|false|true&#8220; custom_padding_last_edited=&#8220;on|phone&#8220; custom_css_main_element=&#8220;\t||display: flex; flex-direction: column; justify-content: center;&#8220; global_colors_info=&#8220;{}&#8220;][et_pb_text _builder_version=&#8220;4.27.5&#8243; _module_preset=&#8220;357c6e82-ed5e-4ae8-acbe-49a08da06e05&#8243; width=&#8220;100%&#8220; width_tablet=&#8220;100%&#8220; width_phone=&#8220;100%&#8220; width_last_edited=&#8220;on|phone&#8220; max_width=&#8220;100%&#8220; max_width_tablet=&#8220;100%&#8220; max_width_phone=&#8220;100%&#8220; max_width_last_edited=&#8220;on|tablet&#8220; custom_margin=&#8220;||15px||false|false&#8220; custom_margin_tablet=&#8220;|0%|||false|false&#8220; custom_margin_phone=&#8220;|0%|||false|false&#8220; custom_margin_last_edited=&#8220;on|desktop&#8220; hover_enabled=&#8220;0&#8243; text_font_size_tablet=&#8220;16px&#8220; text_font_size_phone=&#8220;16px&#8220; text_font_size_last_edited=&#8220;on|phone&#8220; locked=&#8220;off&#8220; global_colors_info=&#8220;{}&#8220; sticky_enabled=&#8220;0&#8243; text_font_size=&#8220;17px&#8220;]<\/p>\n<p>Praxta setzt dabei auf ein multiprofessionelles Verst\u00e4ndnis von Versorgung. Viele Menschen nutzen heute Leistungen aus unterschiedlichen Bereichen, etwa Therapie, Beratung oder Pr\u00e4vention, oft \u00fcber l\u00e4ngere Zeitr\u00e4ume und mit wechselnden Bed\u00fcrfnissen. Damit diese Versorgung gut funktioniert, braucht es passende Rahmenbedingungen f\u00fcr Professionist:innen, von geeigneten R\u00e4umlichkeiten bis zu verl\u00e4sslichen digitalen Prozessen. Genau an dieser Schnittstelle positioniert sich Praxta mit einem Angebot, das mehrere Ebenen abdeckt.<\/p>\n<h2>Praxta Studios, flexible Praxisr\u00e4ume f\u00fcr Professionist:innen<\/h2>\n<p>Ein zentraler Bestandteil des Praxta-Konzepts sind die Praxta Studios. Sie wurden geschaffen, um Professionist:innen einen unkomplizierten Zugang in die freie Praxis<br \/>zu erm\u00f6glichen und gleichzeitig ein Arbeitsumfeld bereitzustellen, das professionellen Anforderungen entspricht. Das Modell richtet sich insbesondere an Personen, die ihre Selbstst\u00e4ndigkeit aufbauen m\u00f6chten, ihr Angebot erweitern wollen oder eine flexible L\u00f6sung suchen, die sich an die tats\u00e4chliche Auslastung anpassen l\u00e4sst. \u00dcber ein flexibles Buchungssystem k\u00f6nnen R\u00e4umlichkeiten \u00fcber eine Webapp reserviert werden, nur in jenem Umfang, der tats\u00e4chlich ben\u00f6tigt wird und ohne langfristige Bindung. Praxta Studios z\u00e4hlt zu den gr\u00f6\u00dften Praxisgemeinschaften \u00f6sterreichweit. In Wien stehen vier zentrale Standorte zur Verf\u00fcgung, zwei im 6. Bezirk sowie je ein Standort im 1. und 3. Bezirk, mit insgesamt 20 R\u00e4umlichkeiten.<\/p>\n<p>Praxta Studios: <a href=\"http:\/\/praxta.at\/\" target=\"_blank\" rel=\"noopener\">praxta.at<\/a><\/p>\n<h2>Saluvion, digitale Praxissoftware f\u00fcr den gesamten Arbeitsalltag<\/h2>\n<p>Neben der r\u00e4umlichen Infrastruktur ist auch die digitale Organisation des Praxisbetriebs entscheidend. Mit Saluvion bietet Praxta eine cloudbasierte Praxissoftware, die Professionist:innen dabei unterst\u00fctzt, ihren gesamten Arbeitsalltag in einer Anwendung zu organisieren und Abl\u00e4ufe zu digitalisieren. Saluvion orientiert sich an den Anforderungen professioneller Praxisf\u00fchrung und ber\u00fccksichtigt dabei die europ\u00e4ischen Datenschutzrichtlinien.<\/p>\n<p>Die Praxissoftware b\u00fcndelt zentrale Funktionen, die in vielen Praxen t\u00e4glich ben\u00f6tigt werden. Dazu z\u00e4hlen eine intuitive Patient:innenakte, eine \u00fcbersichtliche Dokumentation, die Rechnungsstellung sowie eine Finanz\u00fcbersicht. Erg\u00e4nzt wird dies durch eine flexible Terminplanung inklusive Kalenderfunktion. Ziel ist es, administrative Aufgaben zu vereinfachen, Informationen strukturiert verf\u00fcgbar zu machen und Prozesse klar abzubilden, sodass mehr Zeit f\u00fcr die eigentliche Arbeit mit Klient:innen und Kund:innen bleibt.<\/p>\n<p>Saluvion:\u00a0<a href=\"http:\/\/saluvion.com\/\" target=\"_blank\" rel=\"noopener\">saluvion.com<\/a><\/p>\n<h2>Praxta Care, Zugang zu Therapie und passender Versorgung<\/h2>\n<p>Ein weiterer Bestandteil des Praxta-Angebots ist Praxta Care. Dieses Angebot verfolgt das Ziel, den Zugang zu professionellen Therapiem\u00f6glichkeiten zu erleichtern und Menschen mit selbstst\u00e4ndigen Gesundheitsexpert:innen zu verbinden. Im Vordergrund steht dabei eine ganzheitliche Perspektive auf Wohlbefinden und Versorgung. Praxta Care unterst\u00fctzt dabei, Orientierung zu schaffen und wirksame L\u00f6sungen zu erm\u00f6glichen, die an individuelle Bed\u00fcrfnisse anschlie\u00dfen.<\/p>\n<p>Durch die Kombination aus flexiblen Praxisr\u00e4umen, digitaler Praxisorganisation und einem Angebot zur Vermittlung von Therapiem\u00f6glichkeiten schafft Praxta ein Umfeld, das moderne Arbeitsweisen unterst\u00fctzt und Versorgung niederschwelliger macht.<\/p>\n<p>Praxta Care:\u00a0<a href=\"http:\/\/praxta-care.at\/\" target=\"_blank\" rel=\"noopener\">praxta-care.at<\/a><\/p>\n<p>[\/et_pb_text][\/et_pb_column][et_pb_column type=&#8220;1_2&#8243; _builder_version=&#8220;4.27.5&#8243; _module_preset=&#8220;default&#8220; background_enable_image=&#8220;off&#8220; background_size=&#8220;contain&#8220; background_blend=&#8220;darken&#8220; custom_padding=&#8220;0px|0px|0px|0px|true|false&#8220; custom_padding_tablet=&#8220;20px|20px|20px|20px|false|false&#8220; custom_padding_phone=&#8220;2px|20px|20px|20px|false|true&#8220; custom_padding_last_edited=&#8220;on|desktop&#8220; global_colors_info=&#8220;{}&#8220; custom_css_main_element_last_edited=&#8220;on|tablet&#8220;][et_pb_image src=&#8220;https:\/\/biofeedback.co.at\/wp-content\/uploads\/2026\/02\/Studio-1060.jpg&#8220; title_text=&#8220;Studio 1060&#8243; _builder_version=&#8220;4.27.5&#8243; _module_preset=&#8220;default&#8220; hover_enabled=&#8220;0&#8243; global_colors_info=&#8220;{}&#8220; border_radii=&#8220;on|10px|10px|10px|10px&#8220; box_shadow_style=&#8220;preset1&#8243; sticky_enabled=&#8220;0&#8243;][\/et_pb_image][et_pb_text _builder_version=&#8220;4.27.5&#8243; _module_preset=&#8220;default&#8220; custom_margin=&#8220;-40px||||false|false&#8220; custom_margin_tablet=&#8220;0px||||false|false&#8220; custom_margin_phone=&#8220;-14px||||false|false&#8220; custom_margin_last_edited=&#8220;on|phone&#8220; hover_enabled=&#8220;0&#8243; global_colors_info=&#8220;{}&#8220; sticky_enabled=&#8220;0&#8243;]<\/p>\n<p>Bildmaterial \u00a9 Praxta GmbH<\/p>\n<p>[\/et_pb_text][et_pb_text _builder_version=&#8220;4.27.5&#8243; _module_preset=&#8220;default&#8220; header_3_line_height=&#8220;0em&#8220; hover_enabled=&#8220;0&#8243; global_colors_info=&#8220;{}&#8220; sticky_enabled=&#8220;0&#8243;]<\/p>\n<h3>Praxta GmbH<\/h3>\n<p>[\/et_pb_text][et_pb_blurb title=&#8220;+43 664 3918096&#8243; use_icon=&#8220;on&#8220; font_icon=&#8220;&#xf095;||fa||900&#8243; icon_color=&#8220;#004363&#8243; icon_placement=&#8220;left&#8220; image_icon_width=&#8220;18px&#8220; content_max_width=&#8220;1100px&#8220; content_max_width_tablet=&#8220;1100px&#8220; content_max_width_phone=&#8220;1100px&#8220; content_max_width_last_edited=&#8220;on|phone&#8220; _builder_version=&#8220;4.27.5&#8243; _module_preset=&#8220;default&#8220; header_text_align=&#8220;left&#8220; header_text_color=&#8220;#004363&#8243; header_font_size=&#8220;16px&#8220; body_text_color=&#8220;#FFFFFF&#8220; background_layout=&#8220;dark&#8220; width=&#8220;50%&#8220; custom_margin=&#8220;||20px||false|false&#8220; custom_padding=&#8220;||||false|false&#8220; global_colors_info=&#8220;{}&#8220; icon_color__hover=&#8220;#FFA85B&#8220; icon_color__hover_enabled=&#8220;on|desktop&#8220; body_text_color__hover=&#8220;#FFA85B&#8220; body_text_color__hover_enabled=&#8220;on|desktop&#8220;][\/et_pb_blurb][et_pb_blurb title=&#8220;office@praxta.at&#8220; use_icon=&#8220;on&#8220; font_icon=&#8220;&#xe010;||divi||400&#8243; icon_color=&#8220;#004363&#8243; icon_placement=&#8220;left&#8220; image_icon_width=&#8220;18px&#8220; content_max_width=&#8220;1100px&#8220; content_max_width_tablet=&#8220;1100px&#8220; content_max_width_phone=&#8220;1100px&#8220; content_max_width_last_edited=&#8220;on|phone&#8220; _builder_version=&#8220;4.27.5&#8243; _module_preset=&#8220;default&#8220; header_text_align=&#8220;left&#8220; header_text_color=&#8220;#004363&#8243; header_font_size=&#8220;16px&#8220; body_text_color=&#8220;#FFFFFF&#8220; background_layout=&#8220;dark&#8220; width=&#8220;50%&#8220; custom_margin=&#8220;||20px||false|false&#8220; custom_padding=&#8220;||||false|false&#8220; global_colors_info=&#8220;{}&#8220; icon_color__hover=&#8220;#FFA85B&#8220; icon_color__hover_enabled=&#8220;on|desktop&#8220; body_text_color__hover=&#8220;#FFA85B&#8220; body_text_color__hover_enabled=&#8220;on|desktop&#8220;][\/et_pb_blurb][et_pb_blurb title=&#8220;B\u00f6sendorferstra\u00dfe 5\/10  A-1010 Wien&#8220; use_icon=&#8220;on&#8220; font_icon=&#8220;&#xf3c5;||fa||900&#8243; icon_color=&#8220;#004363&#8243; icon_placement=&#8220;left&#8220; image_icon_width=&#8220;18px&#8220; content_max_width=&#8220;1100px&#8220; content_max_width_tablet=&#8220;1100px&#8220; content_max_width_phone=&#8220;1100px&#8220; content_max_width_last_edited=&#8220;on|phone&#8220; _builder_version=&#8220;4.27.5&#8243; _module_preset=&#8220;default&#8220; header_text_align=&#8220;left&#8220; header_text_color=&#8220;#004363&#8243; header_font_size=&#8220;16px&#8220; body_text_color=&#8220;#FFFFFF&#8220; background_layout=&#8220;dark&#8220; width=&#8220;50%&#8220; custom_margin=&#8220;||20px||false|false&#8220; custom_padding=&#8220;||||false|false&#8220; global_colors_info=&#8220;{}&#8220; icon_color__hover=&#8220;#FFA85B&#8220; icon_color__hover_enabled=&#8220;on|desktop&#8220; body_text_color__hover=&#8220;#FFA85B&#8220; body_text_color__hover_enabled=&#8220;on|desktop&#8220;][\/et_pb_blurb][\/et_pb_column][\/et_pb_row][\/et_pb_section]<\/p>\n","protected":false},"excerpt":{"rendered":"<p>Praxta schafft niederschwelligen Zugang zu Praxisr\u00e4umen und digitaler Praxisorganisation Die Praxta GmbH verfolgt das Ziel, Professionist:innen in der Gesundheitsversorgung einen niederschwelligen Zugang zu einem leistbaren und digital-autonomen Arbeitsumfeld zu erm\u00f6glichen. Im Mittelpunkt steht dabei die Frage, wie Fachkr\u00e4fte aus unterschiedlichen Berufsgruppen ihre T\u00e4tigkeit in der freien Praxis einfacher aufnehmen und langfristig effizient gestalten k\u00f6nnen, ohne [&hellip;]<\/p>\n","protected":false},"author":4,"featured_media":260900,"parent":260890,"menu_order":0,"comment_status":"closed","ping_status":"closed","template":"","meta":{"_et_pb_use_builder":"on","_et_pb_old_content":"","_et_gb_content_width":"","footnotes":""},"class_list":["post-260905","page","type-page","status-publish","has-post-thumbnail","hentry"],"_links":{"self":[{"href":"https:\/\/biofeedback.co.at\/en\/wp-json\/wp\/v2\/pages\/260905","targetHints":{"allow":["GET"]}}],"collection":[{"href":"https:\/\/biofeedback.co.at\/en\/wp-json\/wp\/v2\/pages"}],"about":[{"href":"https:\/\/biofeedback.co.at\/en\/wp-json\/wp\/v2\/types\/page"}],"author":[{"embeddable":true,"href":"https:\/\/biofeedback.co.at\/en\/wp-json\/wp\/v2\/users\/4"}],"replies":[{"embeddable":true,"href":"https:\/\/biofeedback.co.at\/en\/wp-json\/wp\/v2\/comments?post=260905"}],"version-history":[{"count":10,"href":"https:\/\/biofeedback.co.at\/en\/wp-json\/wp\/v2\/pages\/260905\/revisions"}],"predecessor-version":[{"id":260993,"href":"https:\/\/biofeedback.co.at\/en\/wp-json\/wp\/v2\/pages\/260905\/revisions\/260993"}],"up":[{"embeddable":true,"href":"https:\/\/biofeedback.co.at\/en\/wp-json\/wp\/v2\/pages\/260890"}],"wp:featuredmedia":[{"embeddable":true,"href":"https:\/\/biofeedback.co.at\/en\/wp-json\/wp\/v2\/media\/260900"}],"wp:attachment":[{"href":"https:\/\/biofeedback.co.at\/en\/wp-json\/wp\/v2\/media?parent=260905"}],"curies":[{"name":"wp","href":"https:\/\/api.w.org\/{rel}","templated":true}]}}