{"id":260942,"date":"2026-02-12T10:38:06","date_gmt":"2026-02-12T09:38:06","guid":{"rendered":"https:\/\/biofeedback.co.at\/?page_id=260942"},"modified":"2026-02-12T16:46:51","modified_gmt":"2026-02-12T15:46:51","slug":"bfa","status":"publish","type":"page","link":"https:\/\/biofeedback.co.at\/en\/partner\/bfa\/","title":{"rendered":"European Biofeedback Academy - Training and competence centre for biofeedback and neurofeedback"},"content":{"rendered":"<p>[et_pb_section fb_built=&#8220;1&#8243; _builder_version=&#8220;4.23.1&#8243; _module_preset=&#8220;default&#8220; min_height=&#8220;50vh&#8220; custom_margin=&#8220;||||false|false&#8220; custom_padding=&#8220;0px|0px|0px|0px|false|false&#8220; custom_css_main_element=&#8220;||&#8220; locked=&#8220;off&#8220; global_colors_info=&#8220;{}&#8220; custom_css_main_element_last_edited=&#8220;on|desktop&#8220; custom_css_main_element_tablet=&#8220;display: block;  ||&#8220; custom_css_main_element_phone=&#8220;display: block;  ||&#8220;][et_pb_row column_structure=&#8220;1_2,1_2&#8243; make_equal=&#8220;on&#8220; _builder_version=&#8220;4.27.5&#8243; _module_preset=&#8220;eacf5457-1c55-4ef4-8898-3f9dff87d96b&#8220; background_color=&#8220;#004363&#8243; width=&#8220;100%&#8220; width_tablet=&#8220;100%&#8220; width_phone=&#8220;100%&#8220; max_width=&#8220;100%&#8220; module_alignment=&#8220;center&#8220; min_height=&#8220;62vh&#8220; min_height_tablet=&#8220;50vh&#8220; min_height_phone=&#8220;&#8220; min_height_last_edited=&#8220;on|phone&#8220; custom_margin=&#8220;0px|0px|0px|0px|false|false&#8220; custom_padding=&#8220;0px||0px||true|false&#8220; global_colors_info=&#8220;{}&#8220; custom_css_main_element_last_edited=&#8220;on|desktop&#8220;][et_pb_column type=&#8220;1_2&#8243; _builder_version=&#8220;4.27.5&#8243; _module_preset=&#8220;default&#8220; background_image=&#8220;https:\/\/biofeedback.co.at\/wp-content\/uploads\/2026\/02\/BFA-3.webp&#8220; background_blend=&#8220;darken&#8220; custom_padding=&#8220;0px|0px|0px|0px|true|false&#8220; custom_padding_tablet=&#8220;250px|0px|250px|0px|false|false&#8220; custom_padding_phone=&#8220;170px||150px||false|false&#8220; custom_padding_last_edited=&#8220;on|desktop&#8220; global_colors_info=&#8220;{}&#8220; custom_css_main_element_last_edited=&#8220;on|tablet&#8220;][\/et_pb_column][et_pb_column type=&#8220;1_2&#8243; _builder_version=&#8220;4.23.1&#8243; _module_preset=&#8220;default&#8220; custom_padding_tablet=&#8220;5%|3%|8%|3%|false|true&#8220; custom_padding_phone=&#8220;|5%||5%|false|true&#8220; custom_padding_last_edited=&#8220;on|phone&#8220; custom_css_main_element=&#8220;\t||display: flex; flex-direction: column; justify-content: center;&#8220; global_colors_info=&#8220;{}&#8220;][et_pb_heading title=&#8220;Europ\u00e4ische Biofeedback Akademie &#8220; _builder_version=&#8220;4.27.5&#8243; _module_preset=&#8220;default&#8220; title_font=&#8220;|700|||||||&#8220; title_text_color=&#8220;#FFFFFF&#8220; title_font_size=&#8220;50px&#8220; title_line_height=&#8220;1.1em&#8220; width=&#8220;80%&#8220; custom_margin=&#8220;||30px||false|false&#8220; title_font_size_tablet=&#8220;40px&#8220; title_font_size_phone=&#8220;36px&#8220; title_font_size_last_edited=&#8220;on|phone&#8220; global_colors_info=&#8220;{}&#8220;][\/et_pb_heading][et_pb_text _builder_version=&#8220;4.27.5&#8243; _module_preset=&#8220;357c6e82-ed5e-4ae8-acbe-49a08da06e05&#8243; text_text_color=&#8220;#FFFFFF&#8220; text_font_size=&#8220;17px&#8220; width=&#8220;80%&#8220; width_tablet=&#8220;80%&#8220; width_phone=&#8220;80%&#8220; width_last_edited=&#8220;on|phone&#8220; max_width=&#8220;100%&#8220; max_width_tablet=&#8220;100%&#8220; max_width_phone=&#8220;100%&#8220; max_width_last_edited=&#8220;on|tablet&#8220; custom_margin=&#8220;|8%|15px||false|false&#8220; custom_margin_tablet=&#8220;|0%|||false|false&#8220; custom_margin_phone=&#8220;|0%|||false|false&#8220; custom_margin_last_edited=&#8220;on|desktop&#8220; hover_enabled=&#8220;0&#8243; text_font_size_tablet=&#8220;16px&#8220; text_font_size_phone=&#8220;16px&#8220; text_font_size_last_edited=&#8220;on|phone&#8220; locked=&#8220;off&#8220; global_colors_info=&#8220;{}&#8220; sticky_enabled=&#8220;0&#8243;]<\/p>\n<p><strong>Ausbildung und Kompetenzzentrum f\u00fcr Biofeedback und Neurofeedback<\/strong><\/p>\n<p>Die\u00a0Europ\u00e4ische Biofeedback Akademie\u00a0ist ein f\u00fchrendes Ausbildungs- und Kompetenzzentrum f\u00fcr Biofeedback- und Neurofeedback-Methoden im deutschsprachigen Raum. Ziel der Akademie ist es, wissenschaftlich fundiertes Wissen, praxisorientierte Trainingskonzepte und moderne technische L\u00f6sungen zu verbinden, um Therapeut:innen, Psycholog:innen und medizinischen Fachpersonen eine fundierte Qualifikation im Bereich der psychophysiologischen Diagnostik und Trainingsverfahren zu erm\u00f6glichen.<\/p>\n<p>[\/et_pb_text][\/et_pb_column][\/et_pb_row][\/et_pb_section][et_pb_section fb_built=&#8220;1&#8243; _builder_version=&#8220;4.27.5&#8243; _module_preset=&#8220;default&#8220; global_colors_info=&#8220;{}&#8220;][et_pb_row column_structure=&#8220;1_2,1_2&#8243; make_equal=&#8220;on&#8220; _builder_version=&#8220;4.27.5&#8243; _module_preset=&#8220;eacf5457-1c55-4ef4-8898-3f9dff87d96b&#8220; width=&#8220;100%&#8220; width_tablet=&#8220;100%&#8220; width_phone=&#8220;100%&#8220; max_width=&#8220;100%&#8220; module_alignment=&#8220;center&#8220; min_height=&#8220;62vh&#8220; min_height_tablet=&#8220;50vh&#8220; min_height_phone=&#8220;&#8220; min_height_last_edited=&#8220;on|phone&#8220; custom_margin=&#8220;0px|0px|0px|0px|false|false&#8220; custom_padding=&#8220;0px||0px||true|false&#8220; locked=&#8220;off&#8220; global_colors_info=&#8220;{}&#8220; custom_css_main_element_last_edited=&#8220;on|desktop&#8220;][et_pb_column type=&#8220;1_2&#8243; _builder_version=&#8220;4.27.5&#8243; _module_preset=&#8220;default&#8220; custom_padding=&#8220;|0px||8%|false|false&#8220; custom_padding_tablet=&#8220;5%|3%|8%|3%|false|true&#8220; custom_padding_phone=&#8220;|5%||5%|false|true&#8220; custom_padding_last_edited=&#8220;on|phone&#8220; custom_css_main_element=&#8220;\t&#8220; global_colors_info=&#8220;{}&#8220;][et_pb_text _builder_version=&#8220;4.27.5&#8243; _module_preset=&#8220;357c6e82-ed5e-4ae8-acbe-49a08da06e05&#8243; text_font_size=&#8220;17px&#8220; width=&#8220;100%&#8220; width_tablet=&#8220;100%&#8220; width_phone=&#8220;100%&#8220; width_last_edited=&#8220;on|phone&#8220; max_width=&#8220;100%&#8220; max_width_tablet=&#8220;100%&#8220; max_width_phone=&#8220;100%&#8220; max_width_last_edited=&#8220;on|tablet&#8220; custom_margin=&#8220;||15px||false|false&#8220; custom_margin_tablet=&#8220;|0%|||false|false&#8220; custom_margin_phone=&#8220;|0%|||false|false&#8220; custom_margin_last_edited=&#8220;on|desktop&#8220; text_font_size_tablet=&#8220;16px&#8220; text_font_size_phone=&#8220;16px&#8220; text_font_size_last_edited=&#8220;on|phone&#8220; locked=&#8220;off&#8220; global_colors_info=&#8220;{}&#8220;]<\/p>\n<p>Im Rahmen umfangreicher Ausbildungsprogramme, Intensivwochen und Fachseminare vermittelt die Akademie sowohl theoretische Grundlagen als auch praktische Kompetenzen in der Anwendung von Biofeedback- und Neurofeedback-Methoden. Besonderer Wert wird auf evidenzbasierte Trainingskonzepte, praxisnahe Fallarbeit sowie den sicheren Umgang mit moderner Mess- und Trainingssoftware gelegt, sodass Teilnehmer:innen die erlernten Methoden unmittelbar in ihre klinische oder therapeutische Praxis integrieren k\u00f6nnen.<\/p>\n<p>Die Europ\u00e4ische Biofeedback Akademie ist ein zentraler strategischer Kooperationspartner und bildet gemeinsam mit Insight Instruments ein wesentliches Fundament f\u00fcr die Weiterentwicklung moderner Biofeedback- und Neurofeedback-Anwendungen. F\u00fcr Intensivwochen, Ausbildungsprogramme und praktische Trainings stellt Insight Instruments die\u00a0<strong>Neuromaster-Systeme<\/strong>\u00a0zur Verf\u00fcgung, wodurch Teilnehmer:innen mit aktueller High-End-Technologie arbeiten k\u00f6nnen. Die enge Zusammenarbeit in Ausbildung, fachlicher Weiterentwicklung und methodischer Innovation erm\u00f6glicht eine kontinuierliche Weiterentwicklung praxisnaher Schulungsangebote und st\u00e4rkt nachhaltig die Verbreitung professioneller Bio- und Neurofeedback-Methoden im europ\u00e4ischen Raum.<\/p>\n<p>[\/et_pb_text][et_pb_text _builder_version=&#8220;4.27.5&#8243; _module_preset=&#8220;default&#8220; custom_margin=&#8220;50px||10px||false|false&#8220; global_colors_info=&#8220;{}&#8220;]<\/p>\n<h3><strong>Biofeedback-Neurofeedback-Akademie\u00a0GmbH<\/strong><span class=\"apple-tab-span\"><b>\u00a0\u00a0<\/b><\/span><\/h3>\n<p>[\/et_pb_text][et_pb_blurb title=&#8220;+43 676 522 97 14&#8243; use_icon=&#8220;on&#8220; font_icon=&#8220;&#xf095;||fa||900&#8243; icon_color=&#8220;#004363&#8243; icon_placement=&#8220;left&#8220; image_icon_width=&#8220;18px&#8220; content_max_width=&#8220;1100px&#8220; content_max_width_tablet=&#8220;1100px&#8220; content_max_width_phone=&#8220;1100px&#8220; content_max_width_last_edited=&#8220;on|phone&#8220; _builder_version=&#8220;4.27.5&#8243; _module_preset=&#8220;default&#8220; header_text_align=&#8220;left&#8220; header_text_color=&#8220;#004363&#8243; header_font_size=&#8220;16px&#8220; body_text_color=&#8220;#FFFFFF&#8220; background_layout=&#8220;dark&#8220; width=&#8220;50%&#8220; custom_margin=&#8220;||20px||false|false&#8220; custom_padding=&#8220;||||false|false&#8220; link_option_url=&#8220;tel:436765229714&#8243; link_option_url_new_window=&#8220;on&#8220; global_colors_info=&#8220;{}&#8220; icon_color__hover=&#8220;#FFA85B&#8220; icon_color__hover_enabled=&#8220;on|desktop&#8220; body_text_color__hover=&#8220;#FFA85B&#8220; body_text_color__hover_enabled=&#8220;on|desktop&#8220;][\/et_pb_blurb][et_pb_blurb title=&#8220;info@biofeedback-akademie.com&#8220; use_icon=&#8220;on&#8220; font_icon=&#8220;&#xe010;||divi||400&#8243; icon_color=&#8220;#004363&#8243; icon_placement=&#8220;left&#8220; image_icon_width=&#8220;18px&#8220; content_max_width=&#8220;1100px&#8220; content_max_width_tablet=&#8220;1100px&#8220; content_max_width_phone=&#8220;1100px&#8220; content_max_width_last_edited=&#8220;on|phone&#8220; _builder_version=&#8220;4.27.5&#8243; _module_preset=&#8220;default&#8220; header_text_align=&#8220;left&#8220; header_text_color=&#8220;#004363&#8243; header_font_size=&#8220;16px&#8220; body_text_color=&#8220;#FFFFFF&#8220; background_layout=&#8220;dark&#8220; width=&#8220;50%&#8220; custom_margin=&#8220;||20px||false|false&#8220; custom_padding=&#8220;||||false|false&#8220; link_option_url=&#8220;mailto:info@biofeedback-akademie.com&#8220; global_colors_info=&#8220;{}&#8220; icon_color__hover=&#8220;#FFA85B&#8220; icon_color__hover_enabled=&#8220;on|desktop&#8220; body_text_color__hover=&#8220;#FFA85B&#8220; body_text_color__hover_enabled=&#8220;on|desktop&#8220;][\/et_pb_blurb][et_pb_blurb title=&#8220;biofeedback-akademie.com&#8220; use_icon=&#8220;on&#8220; font_icon=&#8220;&#xe0e3;||divi||400&#8243; icon_color=&#8220;#004363&#8243; icon_placement=&#8220;left&#8220; image_icon_width=&#8220;18px&#8220; content_max_width=&#8220;1100px&#8220; content_max_width_tablet=&#8220;1100px&#8220; content_max_width_phone=&#8220;1100px&#8220; content_max_width_last_edited=&#8220;on|phone&#8220; _builder_version=&#8220;4.27.5&#8243; _module_preset=&#8220;default&#8220; header_text_align=&#8220;left&#8220; header_text_color=&#8220;#004363&#8243; header_font_size=&#8220;16px&#8220; body_text_color=&#8220;#FFFFFF&#8220; background_layout=&#8220;dark&#8220; width=&#8220;50%&#8220; custom_margin=&#8220;||20px||false|false&#8220; custom_padding=&#8220;||||false|false&#8220; link_option_url=&#8220;https:\/\/biofeedback-akademie.com\/&#8220; link_option_url_new_window=&#8220;on&#8220; global_colors_info=&#8220;{}&#8220; icon_color__hover=&#8220;#FFA85B&#8220; icon_color__hover_enabled=&#8220;on|desktop&#8220; body_text_color__hover=&#8220;#FFA85B&#8220; body_text_color__hover_enabled=&#8220;on|desktop&#8220;][\/et_pb_blurb][\/et_pb_column][et_pb_column type=&#8220;1_2&#8243; _builder_version=&#8220;4.27.5&#8243; _module_preset=&#8220;default&#8220; background_enable_image=&#8220;off&#8220; background_size=&#8220;contain&#8220; background_blend=&#8220;darken&#8220; custom_padding=&#8220;0px|0px|0px|0px|true|false&#8220; custom_padding_tablet=&#8220;20px|20px|20px|20px|false|false&#8220; custom_padding_phone=&#8220;2px|20px|20px|20px|false|true&#8220; custom_padding_last_edited=&#8220;on|desktop&#8220; global_colors_info=&#8220;{}&#8220; custom_css_main_element_last_edited=&#8220;on|tablet&#8220;][et_pb_image src=&#8220;https:\/\/biofeedback.co.at\/wp-content\/uploads\/2026\/02\/BFA-2.webp&#8220; alt=&#8220;Biofeedback Akademie Absolventen&#8220; title_text=&#8220;BFA 2&#8243; _builder_version=&#8220;4.27.5&#8243; _module_preset=&#8220;default&#8220; width=&#8220;90%&#8220; border_radii=&#8220;on|10px|10px|10px|10px&#8220; box_shadow_style=&#8220;preset3&#8243; global_colors_info=&#8220;{}&#8220;][\/et_pb_image][\/et_pb_column][\/et_pb_row][\/et_pb_section]<\/p>\n","protected":false},"excerpt":{"rendered":"<p>Ausbildung und Kompetenzzentrum f\u00fcr Biofeedback und Neurofeedback Die\u00a0Europ\u00e4ische Biofeedback Akademie\u00a0ist ein f\u00fchrendes Ausbildungs- und Kompetenzzentrum f\u00fcr Biofeedback- und Neurofeedback-Methoden im deutschsprachigen Raum. Ziel der Akademie ist es, wissenschaftlich fundiertes Wissen, praxisorientierte Trainingskonzepte und moderne technische L\u00f6sungen zu verbinden, um Therapeut:innen, Psycholog:innen und medizinischen Fachpersonen eine fundierte Qualifikation im Bereich der psychophysiologischen Diagnostik und Trainingsverfahren zu [&hellip;]<\/p>\n","protected":false},"author":4,"featured_media":260943,"parent":260890,"menu_order":0,"comment_status":"closed","ping_status":"closed","template":"","meta":{"_et_pb_use_builder":"on","_et_pb_old_content":"","_et_gb_content_width":"","footnotes":""},"class_list":["post-260942","page","type-page","status-publish","has-post-thumbnail","hentry"],"_links":{"self":[{"href":"https:\/\/biofeedback.co.at\/en\/wp-json\/wp\/v2\/pages\/260942","targetHints":{"allow":["GET"]}}],"collection":[{"href":"https:\/\/biofeedback.co.at\/en\/wp-json\/wp\/v2\/pages"}],"about":[{"href":"https:\/\/biofeedback.co.at\/en\/wp-json\/wp\/v2\/types\/page"}],"author":[{"embeddable":true,"href":"https:\/\/biofeedback.co.at\/en\/wp-json\/wp\/v2\/users\/4"}],"replies":[{"embeddable":true,"href":"https:\/\/biofeedback.co.at\/en\/wp-json\/wp\/v2\/comments?post=260942"}],"version-history":[{"count":5,"href":"https:\/\/biofeedback.co.at\/en\/wp-json\/wp\/v2\/pages\/260942\/revisions"}],"predecessor-version":[{"id":260996,"href":"https:\/\/biofeedback.co.at\/en\/wp-json\/wp\/v2\/pages\/260942\/revisions\/260996"}],"up":[{"embeddable":true,"href":"https:\/\/biofeedback.co.at\/en\/wp-json\/wp\/v2\/pages\/260890"}],"wp:featuredmedia":[{"embeddable":true,"href":"https:\/\/biofeedback.co.at\/en\/wp-json\/wp\/v2\/media\/260943"}],"wp:attachment":[{"href":"https:\/\/biofeedback.co.at\/en\/wp-json\/wp\/v2\/media?parent=260942"}],"curies":[{"name":"wp","href":"https:\/\/api.w.org\/{rel}","templated":true}]}}