{"id":260950,"date":"2026-02-12T11:02:32","date_gmt":"2026-02-12T10:02:32","guid":{"rendered":"https:\/\/biofeedback.co.at\/?page_id=260950"},"modified":"2026-02-25T14:40:58","modified_gmt":"2026-02-25T13:40:58","slug":"brainassistant","status":"publish","type":"page","link":"https:\/\/biofeedback.co.at\/en\/partner\/brainassistant\/","title":{"rendered":"BrainAssistant"},"content":{"rendered":"<p>[et_pb_section fb_built=&#8220;1&#8243; _builder_version=&#8220;4.23.1&#8243; _module_preset=&#8220;default&#8220; min_height=&#8220;50vh&#8220; custom_margin=&#8220;||||false|false&#8220; custom_padding=&#8220;0px|0px|0px|0px|false|false&#8220; custom_css_main_element=&#8220;||&#8220; locked=&#8220;off&#8220; global_colors_info=&#8220;{}&#8220; custom_css_main_element_last_edited=&#8220;on|desktop&#8220; custom_css_main_element_tablet=&#8220;display: block;  ||&#8220; custom_css_main_element_phone=&#8220;display: block;  ||&#8220;][et_pb_row column_structure=&#8220;1_2,1_2&#8243; make_equal=&#8220;on&#8220; _builder_version=&#8220;4.27.5&#8243; _module_preset=&#8220;eacf5457-1c55-4ef4-8898-3f9dff87d96b&#8220; background_color=&#8220;#004363&#8243; background_enable_video_mp4=&#8220;off&#8220; width=&#8220;100%&#8220; width_tablet=&#8220;100%&#8220; width_phone=&#8220;100%&#8220; max_width=&#8220;100%&#8220; module_alignment=&#8220;center&#8220; min_height=&#8220;62vh&#8220; min_height_tablet=&#8220;50vh&#8220; min_height_phone=&#8220;&#8220; min_height_last_edited=&#8220;on|phone&#8220; custom_margin=&#8220;0px|0px|0px|0px|false|false&#8220; custom_padding=&#8220;0px||0px||true|false&#8220; global_colors_info=&#8220;{}&#8220; custom_css_main_element_last_edited=&#8220;on|desktop&#8220;][et_pb_column type=&#8220;1_2&#8243; _builder_version=&#8220;4.27.5&#8243; _module_preset=&#8220;default&#8220; background_image=&#8220;https:\/\/biofeedback.co.at\/wp-content\/uploads\/2026\/02\/Bildschirmfoto-2026-02-24-um-08.59.58.png&#8220; background_size=&#8220;contain&#8220; background_blend=&#8220;darken&#8220; background_enable_video_mp4=&#8220;off&#8220; custom_padding=&#8220;0px|0px|0px|0px|true|false&#8220; custom_padding_tablet=&#8220;250px|0px|250px|0px|false|false&#8220; custom_padding_phone=&#8220;170px||150px||false|false&#8220; custom_padding_last_edited=&#8220;on|desktop&#8220; link_option_url=&#8220;https:\/\/www.youtube.com\/watch?v=Nlj2xOjprdI&#8220; link_option_url_new_window=&#8220;on&#8220; global_colors_info=&#8220;{}&#8220; custom_css_main_element_last_edited=&#8220;on|tablet&#8220;][\/et_pb_column][et_pb_column type=&#8220;1_2&#8243; _builder_version=&#8220;4.23.1&#8243; _module_preset=&#8220;default&#8220; custom_padding_tablet=&#8220;5%|3%|8%|3%|false|true&#8220; custom_padding_phone=&#8220;|5%||5%|false|true&#8220; custom_padding_last_edited=&#8220;on|phone&#8220; custom_css_main_element=&#8220;\t||display: flex; flex-direction: column; justify-content: center;&#8220; global_colors_info=&#8220;{}&#8220;][et_pb_heading title=&#8220;BrainAssistant &#8220; _builder_version=&#8220;4.27.5&#8243; _module_preset=&#8220;default&#8220; title_font=&#8220;|700|||||||&#8220; title_text_color=&#8220;#FFFFFF&#8220; title_font_size=&#8220;50px&#8220; title_line_height=&#8220;1.1em&#8220; width=&#8220;80%&#8220; custom_margin=&#8220;||30px||false|false&#8220; title_font_size_tablet=&#8220;40px&#8220; title_font_size_phone=&#8220;36px&#8220; title_font_size_last_edited=&#8220;on|phone&#8220; global_colors_info=&#8220;{}&#8220;][\/et_pb_heading][et_pb_text _builder_version=&#8220;4.27.5&#8243; _module_preset=&#8220;357c6e82-ed5e-4ae8-acbe-49a08da06e05&#8243; text_text_color=&#8220;#FFFFFF&#8220; text_font_size=&#8220;17px&#8220; width=&#8220;80%&#8220; width_tablet=&#8220;80%&#8220; width_phone=&#8220;80%&#8220; width_last_edited=&#8220;on|phone&#8220; max_width=&#8220;100%&#8220; max_width_tablet=&#8220;100%&#8220; max_width_phone=&#8220;100%&#8220; max_width_last_edited=&#8220;on|tablet&#8220; custom_margin=&#8220;|8%|15px||false|false&#8220; custom_margin_tablet=&#8220;|0%|||false|false&#8220; custom_margin_phone=&#8220;|0%|||false|false&#8220; custom_margin_last_edited=&#8220;on|desktop&#8220; text_font_size_tablet=&#8220;16px&#8220; text_font_size_phone=&#8220;16px&#8220; text_font_size_last_edited=&#8220;on|phone&#8220; locked=&#8220;off&#8220; global_colors_info=&#8220;{}&#8220;]<\/p>\n<p><strong>Die moderne Neurofeedback-Software f\u00fcr praxisnahe Anwendungen von Brainboost<\/strong><\/p>\n<p>Die <a href=\"https:\/\/brainboost.de\" target=\"_blank\" rel=\"noopener\">Brainboost GmbH<\/a> entwickelt mit<span>\u00a0<\/span><strong>BrainAssistant<\/strong><span>\u00a0<\/span>eine leistungsstarke EEG- und Neurofeedback-Software, die Therapeut:innen und Trainer:innen eine professionelle und zugleich anwenderfreundliche Durchf\u00fchrung von Neurofeedback-Trainings erm\u00f6glicht. Ziel des Unternehmens ist es, moderne Neurotechnologie zug\u00e4nglich zu machen und die Arbeit mit Neurofeedback durch intuitive Bedienung, effiziente Workflows und motivierende Trainingsumgebungen zu unterst\u00fctzen.<\/p>\n<p>[\/et_pb_text][\/et_pb_column][\/et_pb_row][\/et_pb_section][et_pb_section fb_built=&#8220;1&#8243; _builder_version=&#8220;4.27.5&#8243; _module_preset=&#8220;default&#8220; global_colors_info=&#8220;{}&#8220;][et_pb_row column_structure=&#8220;1_2,1_2&#8243; make_equal=&#8220;on&#8220; _builder_version=&#8220;4.27.5&#8243; _module_preset=&#8220;eacf5457-1c55-4ef4-8898-3f9dff87d96b&#8220; width=&#8220;100%&#8220; width_tablet=&#8220;100%&#8220; width_phone=&#8220;100%&#8220; max_width=&#8220;100%&#8220; module_alignment=&#8220;center&#8220; min_height=&#8220;62vh&#8220; min_height_tablet=&#8220;50vh&#8220; min_height_phone=&#8220;&#8220; min_height_last_edited=&#8220;on|phone&#8220; custom_margin=&#8220;0px|0px|0px|0px|false|false&#8220; custom_padding=&#8220;0px||0px||true|false&#8220; locked=&#8220;off&#8220; global_colors_info=&#8220;{}&#8220; custom_css_main_element_last_edited=&#8220;on|desktop&#8220;][et_pb_column type=&#8220;1_2&#8243; _builder_version=&#8220;4.27.5&#8243; _module_preset=&#8220;default&#8220; custom_padding=&#8220;|0px||8%|false|false&#8220; custom_padding_tablet=&#8220;5%|3%|8%|3%|false|true&#8220; custom_padding_phone=&#8220;|5%||5%|false|true&#8220; custom_padding_last_edited=&#8220;on|phone&#8220; custom_css_main_element=&#8220;\t&#8220; global_colors_info=&#8220;{}&#8220;][et_pb_text _builder_version=&#8220;4.27.5&#8243; _module_preset=&#8220;357c6e82-ed5e-4ae8-acbe-49a08da06e05&#8243; text_font_size=&#8220;17px&#8220; width=&#8220;100%&#8220; width_tablet=&#8220;100%&#8220; width_phone=&#8220;100%&#8220; width_last_edited=&#8220;on|phone&#8220; max_width=&#8220;100%&#8220; max_width_tablet=&#8220;100%&#8220; max_width_phone=&#8220;100%&#8220; max_width_last_edited=&#8220;on|tablet&#8220; custom_margin=&#8220;||15px||false|false&#8220; custom_margin_tablet=&#8220;|0%|||false|false&#8220; custom_margin_phone=&#8220;|0%|||false|false&#8220; custom_margin_last_edited=&#8220;on|desktop&#8220; text_font_size_tablet=&#8220;16px&#8220; text_font_size_phone=&#8220;16px&#8220; text_font_size_last_edited=&#8220;on|phone&#8220; locked=&#8220;off&#8220; global_colors_info=&#8220;{}&#8220;]<\/p>\n<p>BrainAssistant verbindet Analyse, Training und Dokumentation in einer integrierten Plattform. Die Software bietet zahlreiche neuroresponsive Feedback-Visualisierungen, Spiele und Anwendungen, die Klient:innen aller Altersgruppen motivieren und langfristige Trainingsfortschritte unterst\u00fctzen. Gleichzeitig stehen Anwender:innen umfangreiche M\u00f6glichkeiten zur individuellen Anpassung von Protokollen, Schwellenwerten und Trainingsparametern zur Verf\u00fcgung, sodass Sitzungen optimal an die Bed\u00fcrfnisse einzelner Klient:innen angepasst werden k\u00f6nnen. Auch Funktionen zur EEG-Aufzeichnung, BrainMap-Analyse und automatisierten Berichtserstellung erleichtern den diagnostischen und therapeutischen Workflow.<\/p>\n<p>In Kombination mit dem<span>\u00a0<\/span><strong>Neuromaster-System<\/strong><span>\u00a0<\/span>erm\u00f6glicht BrainAssistant eine leistungsf\u00e4hige Gesamtl\u00f6sung f\u00fcr modernes Neurofeedback. Die pr\u00e4zise EEG-Erfassung des Neuromaster und die vielseitigen Trainings- und Analysefunktionen der Software erg\u00e4nzen sich ideal und schaffen eine flexible Plattform f\u00fcr Therapie, Training und Forschung. Durch diese Kooperation erhalten Anwender:innen eine kompatible, praxisorientierte L\u00f6sung, die sowohl hohe technische Anforderungen erf\u00fcllt als auch eine effiziente und motivierende Arbeit mit Klient:innen unterst\u00fctzt.<\/p>\n<p>[\/et_pb_text][et_pb_button button_text=&#8220;Hier BrainAssistant bestellen&#8220; _builder_version=&#8220;4.27.5&#8243; _module_preset=&#8220;default&#8220; button_url=&#8220;https:\/\/shop.biofeedback.co.at\/collections\/brainboost-neurofeedback-software\/578058000006288112&#8243; hover_enabled=&#8220;0&#8243; sticky_enabled=&#8220;0&#8243;][\/et_pb_button][\/et_pb_column][et_pb_column type=&#8220;1_2&#8243; _builder_version=&#8220;4.27.5&#8243; _module_preset=&#8220;default&#8220; background_enable_image=&#8220;off&#8220; background_size=&#8220;contain&#8220; background_blend=&#8220;darken&#8220; custom_padding=&#8220;0px|0px|0px|0px|true|false&#8220; custom_padding_tablet=&#8220;20px|20px|20px|20px|false|false&#8220; custom_padding_phone=&#8220;2px|20px|20px|20px|false|true&#8220; custom_padding_last_edited=&#8220;on|desktop&#8220; global_colors_info=&#8220;{}&#8220; custom_css_main_element_last_edited=&#8220;on|tablet&#8220;][et_pb_image src=&#8220;https:\/\/biofeedback.co.at\/wp-content\/uploads\/2024\/04\/webmail.png&#8220; alt=&#8220;Brainboost software&#8220; title_text=&#8220;Brainboost software&#8220; _builder_version=&#8220;4.27.5&#8243; _module_preset=&#8220;default&#8220; width=&#8220;90%&#8220; border_radii=&#8220;on|10px|10px|10px|10px&#8220; box_shadow_style=&#8220;preset3&#8243; global_colors_info=&#8220;{}&#8220;][\/et_pb_image][et_pb_text _builder_version=&#8220;4.27.5&#8243; _module_preset=&#8220;default&#8220; custom_margin=&#8220;-40px||||false|false&#8220; custom_margin_tablet=&#8220;0px||||false|false&#8220; custom_margin_phone=&#8220;-14px||||false|false&#8220; custom_margin_last_edited=&#8220;on|phone&#8220; locked=&#8220;off&#8220; global_colors_info=&#8220;{}&#8220;]<\/p>\n<p>Bildmaterial \u00a9 Brainboost GmbH<\/p>\n<p>[\/et_pb_text][\/et_pb_column][\/et_pb_row][\/et_pb_section]<\/p>\n","protected":false},"excerpt":{"rendered":"<p>Die moderne Neurofeedback-Software f\u00fcr praxisnahe Anwendungen von Brainboost Die Brainboost GmbH entwickelt mit\u00a0BrainAssistant\u00a0eine leistungsstarke EEG- und Neurofeedback-Software, die Therapeut:innen und Trainer:innen eine professionelle und zugleich anwenderfreundliche Durchf\u00fchrung von Neurofeedback-Trainings erm\u00f6glicht. Ziel des Unternehmens ist es, moderne Neurotechnologie zug\u00e4nglich zu machen und die Arbeit mit Neurofeedback durch intuitive Bedienung, effiziente Workflows und motivierende Trainingsumgebungen zu unterst\u00fctzen.BrainAssistant [&hellip;]<\/p>\n","protected":false},"author":4,"featured_media":260951,"parent":260890,"menu_order":0,"comment_status":"closed","ping_status":"closed","template":"","meta":{"_et_pb_use_builder":"on","_et_pb_old_content":"","_et_gb_content_width":"","footnotes":""},"class_list":["post-260950","page","type-page","status-publish","has-post-thumbnail","hentry"],"_links":{"self":[{"href":"https:\/\/biofeedback.co.at\/en\/wp-json\/wp\/v2\/pages\/260950","targetHints":{"allow":["GET"]}}],"collection":[{"href":"https:\/\/biofeedback.co.at\/en\/wp-json\/wp\/v2\/pages"}],"about":[{"href":"https:\/\/biofeedback.co.at\/en\/wp-json\/wp\/v2\/types\/page"}],"author":[{"embeddable":true,"href":"https:\/\/biofeedback.co.at\/en\/wp-json\/wp\/v2\/users\/4"}],"replies":[{"embeddable":true,"href":"https:\/\/biofeedback.co.at\/en\/wp-json\/wp\/v2\/comments?post=260950"}],"version-history":[{"count":9,"href":"https:\/\/biofeedback.co.at\/en\/wp-json\/wp\/v2\/pages\/260950\/revisions"}],"predecessor-version":[{"id":261097,"href":"https:\/\/biofeedback.co.at\/en\/wp-json\/wp\/v2\/pages\/260950\/revisions\/261097"}],"up":[{"embeddable":true,"href":"https:\/\/biofeedback.co.at\/en\/wp-json\/wp\/v2\/pages\/260890"}],"wp:featuredmedia":[{"embeddable":true,"href":"https:\/\/biofeedback.co.at\/en\/wp-json\/wp\/v2\/media\/260951"}],"wp:attachment":[{"href":"https:\/\/biofeedback.co.at\/en\/wp-json\/wp\/v2\/media?parent=260950"}],"curies":[{"name":"wp","href":"https:\/\/api.w.org\/{rel}","templated":true}]}}