{"id":260962,"date":"2026-02-12T11:26:38","date_gmt":"2026-02-12T10:26:38","guid":{"rendered":"https:\/\/biofeedback.co.at\/?page_id=260962"},"modified":"2026-02-12T14:06:24","modified_gmt":"2026-02-12T13:06:24","slug":"boep-2","status":"publish","type":"page","link":"https:\/\/biofeedback.co.at\/en\/partner\/boep-2\/","title":{"rendered":"B\u00d6P - Professional Association of Austrian Psychologists"},"content":{"rendered":"<p>[et_pb_section fb_built=&#8220;1&#8243; _builder_version=&#8220;4.23.1&#8243; _module_preset=&#8220;default&#8220; min_height=&#8220;50vh&#8220; custom_margin=&#8220;||||false|false&#8220; custom_padding=&#8220;0px|0px|0px|0px|false|false&#8220; custom_css_main_element=&#8220;||&#8220; locked=&#8220;off&#8220; global_colors_info=&#8220;{}&#8220; custom_css_main_element_last_edited=&#8220;on|desktop&#8220; custom_css_main_element_tablet=&#8220;display: block;  ||&#8220; custom_css_main_element_phone=&#8220;display: block;  ||&#8220;][et_pb_row column_structure=&#8220;1_2,1_2&#8243; make_equal=&#8220;on&#8220; _builder_version=&#8220;4.27.5&#8243; _module_preset=&#8220;eacf5457-1c55-4ef4-8898-3f9dff87d96b&#8220; background_color=&#8220;#004363&#8243; width=&#8220;100%&#8220; width_tablet=&#8220;100%&#8220; width_phone=&#8220;100%&#8220; max_width=&#8220;100%&#8220; module_alignment=&#8220;center&#8220; min_height=&#8220;62vh&#8220; min_height_tablet=&#8220;50vh&#8220; min_height_phone=&#8220;&#8220; min_height_last_edited=&#8220;on|phone&#8220; custom_margin=&#8220;0px|0px|0px|0px|false|false&#8220; custom_padding=&#8220;0px||0px||true|false&#8220; global_colors_info=&#8220;{}&#8220; custom_css_main_element_last_edited=&#8220;on|desktop&#8220;][et_pb_column type=&#8220;1_2&#8243; _builder_version=&#8220;4.27.5&#8243; _dynamic_attributes=&#8220;background_image&#8220; _module_preset=&#8220;default&#8220; background_image=&#8220;@ET-DC@eyJkeW5hbWljIjp0cnVlLCJjb250ZW50IjoicG9zdF9mZWF0dXJlZF9pbWFnZSIsInNldHRpbmdzIjp7fX0=@&#8220; background_blend=&#8220;darken&#8220; custom_padding=&#8220;0px|0px|0px|0px|true|false&#8220; custom_padding_tablet=&#8220;250px|0px|250px|0px|false|false&#8220; custom_padding_phone=&#8220;170px||150px||false|false&#8220; custom_padding_last_edited=&#8220;on|desktop&#8220; global_colors_info=&#8220;{}&#8220; custom_css_main_element_last_edited=&#8220;on|tablet&#8220;][\/et_pb_column][et_pb_column type=&#8220;1_2&#8243; _builder_version=&#8220;4.23.1&#8243; _module_preset=&#8220;default&#8220; custom_padding_tablet=&#8220;5%|3%|8%|3%|false|true&#8220; custom_padding_phone=&#8220;|5%||5%|false|true&#8220; custom_padding_last_edited=&#8220;on|phone&#8220; custom_css_main_element=&#8220;\t||display: flex; flex-direction: column; justify-content: center;&#8220; global_colors_info=&#8220;{}&#8220;][et_pb_heading title=&#8220;B\u00d6P&#8220; _builder_version=&#8220;4.27.5&#8243; _module_preset=&#8220;default&#8220; title_font=&#8220;|700|||||||&#8220; title_text_color=&#8220;#FFFFFF&#8220; title_font_size=&#8220;50px&#8220; title_line_height=&#8220;1.1em&#8220; width=&#8220;80%&#8220; custom_margin=&#8220;||30px||false|false&#8220; title_font_size_tablet=&#8220;40px&#8220; title_font_size_phone=&#8220;36px&#8220; title_font_size_last_edited=&#8220;on|phone&#8220; global_colors_info=&#8220;{}&#8220;][\/et_pb_heading][et_pb_text _builder_version=&#8220;4.27.5&#8243; _module_preset=&#8220;357c6e82-ed5e-4ae8-acbe-49a08da06e05&#8243; text_text_color=&#8220;#FFFFFF&#8220; text_font_size=&#8220;17px&#8220; width=&#8220;80%&#8220; width_tablet=&#8220;80%&#8220; width_phone=&#8220;80%&#8220; width_last_edited=&#8220;on|phone&#8220; max_width=&#8220;100%&#8220; max_width_tablet=&#8220;100%&#8220; max_width_phone=&#8220;100%&#8220; max_width_last_edited=&#8220;on|tablet&#8220; custom_margin=&#8220;|8%|15px||false|false&#8220; custom_margin_tablet=&#8220;|0%|||false|false&#8220; custom_margin_phone=&#8220;|0%|||false|false&#8220; custom_margin_last_edited=&#8220;on|desktop&#8220; text_font_size_tablet=&#8220;16px&#8220; text_font_size_phone=&#8220;16px&#8220; text_font_size_last_edited=&#8220;on|phone&#8220; locked=&#8220;off&#8220; global_colors_info=&#8220;{}&#8220;]<\/p>\n<p><strong>Berufsverband \u00d6sterreichischer Psycholog:innen<\/strong><\/p>\n<p>Der\u00a0<strong>Berufsverband \u00d6sterreichischer Psychologinnen und Psychologen (B\u00d6P)<\/strong>\u00a0ist mit \u00fcber 7.000 Mitgliedern die gr\u00f6\u00dfte Interessenvertretung von Psycholog:innen in \u00d6sterreich und ein zentraler Partner in der Gesundheits-, Sozial- und Bildungslandschaft. Der Verband engagiert sich f\u00fcr die Qualit\u00e4tssicherung psychologischer Arbeit, vertritt berufspolitische Interessen seiner Mitglieder und f\u00f6rdert Aus-, Fort- und Weiterbildungsangebote \u00fcber die \u00d6sterreichische Akademie f\u00fcr Psychologie (\u00d6AP).<\/p>\n<p>[\/et_pb_text][\/et_pb_column][\/et_pb_row][\/et_pb_section][et_pb_section fb_built=&#8220;1&#8243; _builder_version=&#8220;4.27.5&#8243; _module_preset=&#8220;default&#8220; global_colors_info=&#8220;{}&#8220;][et_pb_row column_structure=&#8220;1_2,1_2&#8243; make_equal=&#8220;on&#8220; _builder_version=&#8220;4.27.5&#8243; _module_preset=&#8220;eacf5457-1c55-4ef4-8898-3f9dff87d96b&#8220; width=&#8220;100%&#8220; width_tablet=&#8220;100%&#8220; width_phone=&#8220;100%&#8220; max_width=&#8220;100%&#8220; module_alignment=&#8220;center&#8220; min_height=&#8220;62vh&#8220; min_height_tablet=&#8220;50vh&#8220; min_height_phone=&#8220;&#8220; min_height_last_edited=&#8220;on|phone&#8220; custom_margin=&#8220;0px|0px|0px|0px|false|false&#8220; custom_padding=&#8220;0px||0px||true|false&#8220; locked=&#8220;off&#8220; global_colors_info=&#8220;{}&#8220; custom_css_main_element_last_edited=&#8220;on|desktop&#8220;][et_pb_column type=&#8220;1_2&#8243; _builder_version=&#8220;4.27.5&#8243; _module_preset=&#8220;default&#8220; custom_padding=&#8220;|0px||8%|false|false&#8220; custom_padding_tablet=&#8220;5%|3%|8%|3%|false|true&#8220; custom_padding_phone=&#8220;|5%||5%|false|true&#8220; custom_padding_last_edited=&#8220;on|phone&#8220; custom_css_main_element=&#8220;\t&#8220; global_colors_info=&#8220;{}&#8220;][et_pb_text _builder_version=&#8220;4.27.5&#8243; _module_preset=&#8220;357c6e82-ed5e-4ae8-acbe-49a08da06e05&#8243; text_font_size=&#8220;17px&#8220; width=&#8220;100%&#8220; width_tablet=&#8220;100%&#8220; width_phone=&#8220;100%&#8220; width_last_edited=&#8220;on|phone&#8220; max_width=&#8220;100%&#8220; max_width_tablet=&#8220;100%&#8220; max_width_phone=&#8220;100%&#8220; max_width_last_edited=&#8220;on|tablet&#8220; custom_margin=&#8220;||15px||false|false&#8220; custom_margin_tablet=&#8220;|0%|||false|false&#8220; custom_margin_phone=&#8220;|0%|||false|false&#8220; custom_margin_last_edited=&#8220;on|desktop&#8220; text_font_size_tablet=&#8220;16px&#8220; text_font_size_phone=&#8220;16px&#8220; text_font_size_last_edited=&#8220;on|phone&#8220; locked=&#8220;off&#8220; global_colors_info=&#8220;{}&#8220;]<\/p>\n<p>Durch Fachsektionen, Landesgruppen und zahlreiche Fortbildungsaktivit\u00e4ten unterst\u00fctzt der B\u00d6P den fachlichen Austausch sowie die kontinuierliche Weiterentwicklung psychologischer Methoden und Qualit\u00e4tsstandards in \u00d6sterreich.\u00a0Die Arbeit des Verbandes tr\u00e4gt wesentlich dazu bei, die psychosoziale Versorgung und die professionelle Anwendung wissenschaftlich fundierter Diagnostik- und Trainingsverfahren im klinischen und gesundheitspsychologischen Bereich zu st\u00e4rken.\u00a0<\/p>\n<p>Im Rahmen der Kooperation profitieren B\u00d6P-Mitglieder von verg\u00fcnstigten Konditionen bei Kauf eines <strong>Neuromaster-Systems<\/strong> und erhalten damit erleichterten Zugang zu moderner Biofeedback- und Neurofeedback-Technologie. Zus\u00e4tzlich k\u00f6nnen Dozent:innen in Ausbildungslehrg\u00e4ngen des B\u00d6P \u2013 beispielsweise in der Ausbildung Klinische Psychologie oder in Lehrg\u00e4ngen der \u00d6AP \u2013 Neuromaster-Ger\u00e4te f\u00fcr Seminartage kostenlos ausleihen, wodurch praxisnahe Demonstrationen und Trainings im Ausbildungssetting unterst\u00fctzt werden. Die Kooperation f\u00f6rdert damit die praxisorientierte Ausbildung sowie den Einsatz moderner Bio- und Neurofeedbackbasierter Methoden in der psychologischen Praxis.<\/p>\n<p>[\/et_pb_text][et_pb_text _builder_version=&#8220;4.27.5&#8243; _module_preset=&#8220;default&#8220; custom_margin=&#8220;50px||10px||false|false&#8220; global_colors_info=&#8220;{}&#8220;]<\/p>\n<h3><span>Berufsverband \u00d6sterreichischer Psychologinnen und Psychologen (B\u00d6P)<\/span><\/h3>\n<p>[\/et_pb_text][et_pb_blurb title=&#8220;+43 (0) 1 4072671-0&#8243; use_icon=&#8220;on&#8220; font_icon=&#8220;&#xf095;||fa||900&#8243; icon_color=&#8220;#004363&#8243; icon_placement=&#8220;left&#8220; image_icon_width=&#8220;18px&#8220; content_max_width=&#8220;1100px&#8220; content_max_width_tablet=&#8220;1100px&#8220; content_max_width_phone=&#8220;1100px&#8220; content_max_width_last_edited=&#8220;on|phone&#8220; _builder_version=&#8220;4.27.5&#8243; _module_preset=&#8220;default&#8220; header_text_align=&#8220;left&#8220; header_text_color=&#8220;#004363&#8243; header_font_size=&#8220;16px&#8220; body_text_color=&#8220;#FFFFFF&#8220; background_layout=&#8220;dark&#8220; width=&#8220;50%&#8220; custom_margin=&#8220;||20px||false|false&#8220; custom_padding=&#8220;||||false|false&#8220; link_option_url=&#8220;tel:+43140726710&#8243; link_option_url_new_window=&#8220;on&#8220; global_colors_info=&#8220;{}&#8220; icon_color__hover=&#8220;#FFA85B&#8220; icon_color__hover_enabled=&#8220;on|desktop&#8220; body_text_color__hover=&#8220;#FFA85B&#8220; body_text_color__hover_enabled=&#8220;on|desktop&#8220;][\/et_pb_blurb][et_pb_blurb title=&#8220;buero@boep.or.at&#8220; use_icon=&#8220;on&#8220; font_icon=&#8220;&#xe010;||divi||400&#8243; icon_color=&#8220;#004363&#8243; icon_placement=&#8220;left&#8220; image_icon_width=&#8220;18px&#8220; content_max_width=&#8220;1100px&#8220; content_max_width_tablet=&#8220;1100px&#8220; content_max_width_phone=&#8220;1100px&#8220; content_max_width_last_edited=&#8220;on|phone&#8220; _builder_version=&#8220;4.27.5&#8243; _module_preset=&#8220;default&#8220; header_text_align=&#8220;left&#8220; header_text_color=&#8220;#004363&#8243; header_font_size=&#8220;16px&#8220; body_text_color=&#8220;#FFFFFF&#8220; background_layout=&#8220;dark&#8220; width=&#8220;50%&#8220; custom_margin=&#8220;||20px||false|false&#8220; custom_padding=&#8220;||||false|false&#8220; link_option_url=&#8220;mailto:buero@boep.or.at&#8220; global_colors_info=&#8220;{}&#8220; icon_color__hover=&#8220;#FFA85B&#8220; icon_color__hover_enabled=&#8220;on|desktop&#8220; body_text_color__hover=&#8220;#FFA85B&#8220; body_text_color__hover_enabled=&#8220;on|desktop&#8220;][\/et_pb_blurb][et_pb_blurb title=&#8220;www.boep.or.at&#8220; use_icon=&#8220;on&#8220; font_icon=&#8220;&#xe0e3;||divi||400&#8243; icon_color=&#8220;#004363&#8243; icon_placement=&#8220;left&#8220; image_icon_width=&#8220;18px&#8220; content_max_width=&#8220;1100px&#8220; content_max_width_tablet=&#8220;1100px&#8220; content_max_width_phone=&#8220;1100px&#8220; content_max_width_last_edited=&#8220;on|phone&#8220; _builder_version=&#8220;4.27.5&#8243; _module_preset=&#8220;default&#8220; header_text_align=&#8220;left&#8220; header_text_color=&#8220;#004363&#8243; header_font_size=&#8220;16px&#8220; body_text_color=&#8220;#FFFFFF&#8220; background_layout=&#8220;dark&#8220; width=&#8220;50%&#8220; custom_margin=&#8220;||20px||false|false&#8220; custom_padding=&#8220;||||false|false&#8220; link_option_url=&#8220;https:\/\/www.boep.or.at\/&#8220; link_option_url_new_window=&#8220;on&#8220; global_colors_info=&#8220;{}&#8220; icon_color__hover=&#8220;#FFA85B&#8220; icon_color__hover_enabled=&#8220;on|desktop&#8220; body_text_color__hover=&#8220;#FFA85B&#8220; body_text_color__hover_enabled=&#8220;on|desktop&#8220;][\/et_pb_blurb][\/et_pb_column][et_pb_column type=&#8220;1_2&#8243; _builder_version=&#8220;4.27.5&#8243; _module_preset=&#8220;default&#8220; background_enable_image=&#8220;off&#8220; background_size=&#8220;contain&#8220; background_blend=&#8220;darken&#8220; custom_padding=&#8220;0px|0px|0px|0px|true|false&#8220; custom_padding_tablet=&#8220;20px|20px|20px|20px|false|false&#8220; custom_padding_phone=&#8220;2px|20px|20px|20px|false|true&#8220; custom_padding_last_edited=&#8220;on|desktop&#8220; global_colors_info=&#8220;{}&#8220; custom_css_main_element_last_edited=&#8220;on|tablet&#8220;][et_pb_image src=&#8220;https:\/\/biofeedback.co.at\/wp-content\/uploads\/2026\/02\/BoeP.webp&#8220; alt=&#8220;vr coach&#8220; title_text=&#8220;BoeP&#8220; _builder_version=&#8220;4.27.5&#8243; _module_preset=&#8220;default&#8220; width=&#8220;90%&#8220; border_radii=&#8220;on|10px|10px|10px|10px&#8220; box_shadow_style=&#8220;preset3&#8243; global_colors_info=&#8220;{}&#8220;][\/et_pb_image][et_pb_text _builder_version=&#8220;4.27.5&#8243; _module_preset=&#8220;default&#8220; custom_margin=&#8220;-40px||||false|false&#8220; custom_margin_last_edited=&#8220;on|phone&#8220; hover_enabled=&#8220;0&#8243; sticky_enabled=&#8220;0&#8243; custom_margin_tablet=&#8220;0px||||false|false&#8220; custom_margin_phone=&#8220;-14px||||false|false&#8220; locked=&#8220;off&#8220;]<\/p>\n<p>Bildmaterial \u00a9 B\u00d6P<\/p>\n<p>[\/et_pb_text][\/et_pb_column][\/et_pb_row][\/et_pb_section]<\/p>\n","protected":false},"excerpt":{"rendered":"<p>Berufsverband \u00d6sterreichischer Psycholog:innen Der\u00a0Berufsverband \u00d6sterreichischer Psychologinnen und Psychologen (B\u00d6P)\u00a0ist mit \u00fcber 7.000 Mitgliedern die gr\u00f6\u00dfte Interessenvertretung von Psycholog:innen in \u00d6sterreich und ein zentraler Partner in der Gesundheits-, Sozial- und Bildungslandschaft. Der Verband engagiert sich f\u00fcr die Qualit\u00e4tssicherung psychologischer Arbeit, vertritt berufspolitische Interessen seiner Mitglieder und f\u00f6rdert Aus-, Fort- und Weiterbildungsangebote \u00fcber die \u00d6sterreichische Akademie f\u00fcr [&hellip;]<\/p>\n","protected":false},"author":4,"featured_media":260963,"parent":260890,"menu_order":0,"comment_status":"closed","ping_status":"closed","template":"","meta":{"_et_pb_use_builder":"on","_et_pb_old_content":"","_et_gb_content_width":"","footnotes":""},"class_list":["post-260962","page","type-page","status-publish","has-post-thumbnail","hentry"],"_links":{"self":[{"href":"https:\/\/biofeedback.co.at\/en\/wp-json\/wp\/v2\/pages\/260962","targetHints":{"allow":["GET"]}}],"collection":[{"href":"https:\/\/biofeedback.co.at\/en\/wp-json\/wp\/v2\/pages"}],"about":[{"href":"https:\/\/biofeedback.co.at\/en\/wp-json\/wp\/v2\/types\/page"}],"author":[{"embeddable":true,"href":"https:\/\/biofeedback.co.at\/en\/wp-json\/wp\/v2\/users\/4"}],"replies":[{"embeddable":true,"href":"https:\/\/biofeedback.co.at\/en\/wp-json\/wp\/v2\/comments?post=260962"}],"version-history":[{"count":5,"href":"https:\/\/biofeedback.co.at\/en\/wp-json\/wp\/v2\/pages\/260962\/revisions"}],"predecessor-version":[{"id":260986,"href":"https:\/\/biofeedback.co.at\/en\/wp-json\/wp\/v2\/pages\/260962\/revisions\/260986"}],"up":[{"embeddable":true,"href":"https:\/\/biofeedback.co.at\/en\/wp-json\/wp\/v2\/pages\/260890"}],"wp:featuredmedia":[{"embeddable":true,"href":"https:\/\/biofeedback.co.at\/en\/wp-json\/wp\/v2\/media\/260963"}],"wp:attachment":[{"href":"https:\/\/biofeedback.co.at\/en\/wp-json\/wp\/v2\/media?parent=260962"}],"curies":[{"name":"wp","href":"https:\/\/api.w.org\/{rel}","templated":true}]}}