{"id":260967,"date":"2026-02-12T11:39:43","date_gmt":"2026-02-12T10:39:43","guid":{"rendered":"https:\/\/biofeedback.co.at\/?page_id=260967"},"modified":"2026-02-24T09:10:27","modified_gmt":"2026-02-24T08:10:27","slug":"oegvt-2","status":"publish","type":"page","link":"https:\/\/biofeedback.co.at\/en\/partner\/oegvt-2\/","title":{"rendered":"\u00d6GVT"},"content":{"rendered":"<p>[et_pb_section fb_built=&#8220;1&#8243; _builder_version=&#8220;4.23.1&#8243; _module_preset=&#8220;default&#8220; min_height=&#8220;50vh&#8220; custom_margin=&#8220;||||false|false&#8220; custom_padding=&#8220;0px|0px|0px|0px|false|false&#8220; custom_css_main_element=&#8220;||&#8220; locked=&#8220;off&#8220; global_colors_info=&#8220;{}&#8220; custom_css_main_element_last_edited=&#8220;on|desktop&#8220; custom_css_main_element_tablet=&#8220;display: block;  ||&#8220; custom_css_main_element_phone=&#8220;display: block;  ||&#8220;][et_pb_row column_structure=&#8220;1_2,1_2&#8243; make_equal=&#8220;on&#8220; _builder_version=&#8220;4.27.5&#8243; _module_preset=&#8220;eacf5457-1c55-4ef4-8898-3f9dff87d96b&#8220; background_color=&#8220;#004363&#8243; width=&#8220;100%&#8220; width_tablet=&#8220;100%&#8220; width_phone=&#8220;100%&#8220; max_width=&#8220;100%&#8220; module_alignment=&#8220;center&#8220; min_height=&#8220;62vh&#8220; min_height_tablet=&#8220;50vh&#8220; min_height_phone=&#8220;&#8220; min_height_last_edited=&#8220;on|phone&#8220; custom_margin=&#8220;0px|0px|0px|0px|false|false&#8220; custom_padding=&#8220;0px||0px||true|false&#8220; global_colors_info=&#8220;{}&#8220; custom_css_main_element_last_edited=&#8220;on|desktop&#8220;][et_pb_column type=&#8220;1_2&#8243; _builder_version=&#8220;4.27.5&#8243; _dynamic_attributes=&#8220;background_image&#8220; _module_preset=&#8220;default&#8220; background_color=&#8220;#FFFFFF&#8220; background_image=&#8220;@ET-DC@eyJkeW5hbWljIjp0cnVlLCJjb250ZW50IjoicG9zdF9mZWF0dXJlZF9pbWFnZSIsInNldHRpbmdzIjp7fX0=@&#8220; background_size=&#8220;contain&#8220; background_blend=&#8220;darken&#8220; custom_padding=&#8220;0px|0px|0px|0px|true|false&#8220; custom_padding_tablet=&#8220;250px|0px|250px|0px|false|false&#8220; custom_padding_phone=&#8220;170px||150px||false|false&#8220; custom_padding_last_edited=&#8220;on|desktop&#8220; global_colors_info=&#8220;{}&#8220; custom_css_main_element_last_edited=&#8220;on|tablet&#8220;][\/et_pb_column][et_pb_column type=&#8220;1_2&#8243; _builder_version=&#8220;4.23.1&#8243; _module_preset=&#8220;default&#8220; custom_padding_tablet=&#8220;5%|3%|8%|3%|false|true&#8220; custom_padding_phone=&#8220;|5%||5%|false|true&#8220; custom_padding_last_edited=&#8220;on|phone&#8220; custom_css_main_element=&#8220;\t||display: flex; flex-direction: column; justify-content: center;&#8220; global_colors_info=&#8220;{}&#8220;][et_pb_heading title=&#8220;\u00d6GVT&#8220; _builder_version=&#8220;4.27.5&#8243; _module_preset=&#8220;default&#8220; title_font=&#8220;|700|||||||&#8220; title_text_color=&#8220;#FFFFFF&#8220; title_font_size=&#8220;50px&#8220; title_line_height=&#8220;1.1em&#8220; width=&#8220;80%&#8220; custom_margin=&#8220;||30px||false|false&#8220; title_font_size_tablet=&#8220;40px&#8220; title_font_size_phone=&#8220;36px&#8220; title_font_size_last_edited=&#8220;on|phone&#8220; global_colors_info=&#8220;{}&#8220;][\/et_pb_heading][et_pb_text _builder_version=&#8220;4.27.5&#8243; _module_preset=&#8220;357c6e82-ed5e-4ae8-acbe-49a08da06e05&#8243; text_text_color=&#8220;#FFFFFF&#8220; text_font_size=&#8220;17px&#8220; width=&#8220;80%&#8220; width_tablet=&#8220;80%&#8220; width_phone=&#8220;80%&#8220; width_last_edited=&#8220;on|phone&#8220; max_width=&#8220;100%&#8220; max_width_tablet=&#8220;100%&#8220; max_width_phone=&#8220;100%&#8220; max_width_last_edited=&#8220;on|tablet&#8220; custom_margin=&#8220;|8%|15px||false|false&#8220; custom_margin_tablet=&#8220;|0%|||false|false&#8220; custom_margin_phone=&#8220;|0%|||false|false&#8220; custom_margin_last_edited=&#8220;on|desktop&#8220; text_font_size_tablet=&#8220;16px&#8220; text_font_size_phone=&#8220;16px&#8220; text_font_size_last_edited=&#8220;on|phone&#8220; locked=&#8220;off&#8220; global_colors_info=&#8220;{}&#8220;]<\/p>\n<p><strong>\u00d6sterreichische Gesellschaft f\u00fcr Verhaltenstherapie<\/strong><\/p>\n<p>Die\u00a0<strong>\u00d6sterreichische Gesellschaft f\u00fcr Verhaltenstherapie (\u00d6GVT)<\/strong>\u00a0ist eine wissenschaftliche Fachgesellschaft und Ausbildungseinrichtung, die sich der Entwicklung, Vermittlung und Qualit\u00e4tssicherung verhaltenstherapeutischer Methoden in Psychotherapie und klinischer Praxis widmet. Die Gesellschaft organisiert Ausbildungsprogramme, Fortbildungen und wissenschaftliche Aktivit\u00e4ten und f\u00f6rdert damit die kontinuierliche Weiterentwicklung evidenzbasierter psychotherapeutischer Verfahren in \u00d6sterreich.\u00a0<\/p>\n<p>[\/et_pb_text][\/et_pb_column][\/et_pb_row][\/et_pb_section][et_pb_section fb_built=&#8220;1&#8243; _builder_version=&#8220;4.27.5&#8243; _module_preset=&#8220;default&#8220; global_colors_info=&#8220;{}&#8220;][et_pb_row column_structure=&#8220;1_2,1_2&#8243; make_equal=&#8220;on&#8220; _builder_version=&#8220;4.27.5&#8243; _module_preset=&#8220;eacf5457-1c55-4ef4-8898-3f9dff87d96b&#8220; width=&#8220;100%&#8220; width_tablet=&#8220;100%&#8220; width_phone=&#8220;100%&#8220; max_width=&#8220;100%&#8220; module_alignment=&#8220;center&#8220; min_height=&#8220;62vh&#8220; min_height_tablet=&#8220;50vh&#8220; min_height_phone=&#8220;&#8220; min_height_last_edited=&#8220;on|phone&#8220; custom_margin=&#8220;0px|0px|0px|0px|false|false&#8220; custom_padding=&#8220;0px||0px||true|false&#8220; locked=&#8220;off&#8220; global_colors_info=&#8220;{}&#8220; custom_css_main_element_last_edited=&#8220;on|desktop&#8220;][et_pb_column type=&#8220;1_2&#8243; _builder_version=&#8220;4.27.5&#8243; _module_preset=&#8220;default&#8220; custom_padding=&#8220;|0px||8%|false|false&#8220; custom_padding_tablet=&#8220;5%|3%|8%|3%|false|true&#8220; custom_padding_phone=&#8220;|5%||5%|false|true&#8220; custom_padding_last_edited=&#8220;on|phone&#8220; custom_css_main_element=&#8220;\t&#8220; global_colors_info=&#8220;{}&#8220;][et_pb_text _builder_version=&#8220;4.27.5&#8243; _module_preset=&#8220;357c6e82-ed5e-4ae8-acbe-49a08da06e05&#8243; text_font_size=&#8220;17px&#8220; width=&#8220;100%&#8220; width_tablet=&#8220;100%&#8220; width_phone=&#8220;100%&#8220; width_last_edited=&#8220;on|phone&#8220; max_width=&#8220;100%&#8220; max_width_tablet=&#8220;100%&#8220; max_width_phone=&#8220;100%&#8220; max_width_last_edited=&#8220;on|tablet&#8220; custom_margin=&#8220;||15px||false|false&#8220; custom_margin_tablet=&#8220;|0%|||false|false&#8220; custom_margin_phone=&#8220;|0%|||false|false&#8220; custom_margin_last_edited=&#8220;on|desktop&#8220; hover_enabled=&#8220;0&#8243; text_font_size_tablet=&#8220;16px&#8220; text_font_size_phone=&#8220;16px&#8220; text_font_size_last_edited=&#8220;on|phone&#8220; locked=&#8220;off&#8220; global_colors_info=&#8220;{}&#8220; sticky_enabled=&#8220;0&#8243;]<\/p>\n<p>Im Rahmen ihrer Ausbildungen vermittelt die \u00d6GVT ein umfassendes Verst\u00e4ndnis moderner Verhaltenstherapie, das sowohl theoretische Grundlagen als auch praxisorientierte Methoden wie Expositionsverfahren, kognitive Therapie, soziale Kompetenztrainings oder Achtsamkeits- und Entspannungsverfahren umfasst.\u00a0Die enge Verbindung von Theorie, praktischer Anwendung und Supervision erm\u00f6glicht Kandidat:innen eine fundierte fachliche Qualifikation und f\u00f6rdert die Anwendung wissenschaftlich fundierter Therapiekonzepte in der klinischen Praxis.<\/p>\n<p><span>Im Rahmen eines Biofeedback-Moduls innerhalb der verhaltenstherapeutischen Ausbildung der \u00d6GVT kommen <\/span><strong data-start=\"128\" data-end=\"151\">Neuromaster-Systeme<\/strong><span> zum Einsatz. Diese werden in Lehrveranstaltungen und praktischen Demonstrationen verwendet und durch fachliche Vortr\u00e4ge sowie praxisnahe Trainings erg\u00e4nzt.<\/span> Die Zusammenarbeit erm\u00f6glicht Ausbildungsteilnehmer:innen einen direkten Einblick in moderne Biofeedback- und Neurofeedback-Anwendungen und st\u00e4rkt die Integration psychophysiologischer Trainingsmethoden in die verhaltenstherapeutische Praxis.<\/p>\n<p>[\/et_pb_text][et_pb_text _builder_version=&#8220;4.27.5&#8243; _module_preset=&#8220;default&#8220; custom_margin=&#8220;50px||10px||false|false&#8220; global_colors_info=&#8220;{}&#8220;]<\/p>\n<h3><strong>\u00d6sterreichische Gesellschaft f\u00fcr Verhaltenstherapie <\/strong><\/h3>\n<p>[\/et_pb_text][et_pb_blurb title=&#8220;+43 (0)1 319 7022&#8243; use_icon=&#8220;on&#8220; font_icon=&#8220;&#xf095;||fa||900&#8243; icon_color=&#8220;#004363&#8243; icon_placement=&#8220;left&#8220; image_icon_width=&#8220;18px&#8220; content_max_width=&#8220;1100px&#8220; content_max_width_tablet=&#8220;1100px&#8220; content_max_width_phone=&#8220;1100px&#8220; content_max_width_last_edited=&#8220;on|phone&#8220; _builder_version=&#8220;4.27.5&#8243; _module_preset=&#8220;default&#8220; header_text_align=&#8220;left&#8220; header_text_color=&#8220;#004363&#8243; header_font_size=&#8220;16px&#8220; body_text_color=&#8220;#FFFFFF&#8220; background_layout=&#8220;dark&#8220; width=&#8220;50%&#8220; custom_margin=&#8220;||20px||false|false&#8220; custom_padding=&#8220;||||false|false&#8220; link_option_url=&#8220;tel:+4313197022&#8243; link_option_url_new_window=&#8220;on&#8220; global_colors_info=&#8220;{}&#8220; icon_color__hover=&#8220;#FFA85B&#8220; icon_color__hover_enabled=&#8220;on|desktop&#8220; body_text_color__hover=&#8220;#FFA85B&#8220; body_text_color__hover_enabled=&#8220;on|desktop&#8220;][\/et_pb_blurb][et_pb_blurb title=&#8220;office@oegvt.at&#8220; use_icon=&#8220;on&#8220; font_icon=&#8220;&#xe010;||divi||400&#8243; icon_color=&#8220;#004363&#8243; icon_placement=&#8220;left&#8220; image_icon_width=&#8220;18px&#8220; content_max_width=&#8220;1100px&#8220; content_max_width_tablet=&#8220;1100px&#8220; content_max_width_phone=&#8220;1100px&#8220; content_max_width_last_edited=&#8220;on|phone&#8220; _builder_version=&#8220;4.27.5&#8243; _module_preset=&#8220;default&#8220; header_text_align=&#8220;left&#8220; header_text_color=&#8220;#004363&#8243; header_font_size=&#8220;16px&#8220; body_text_color=&#8220;#FFFFFF&#8220; background_layout=&#8220;dark&#8220; width=&#8220;50%&#8220; custom_margin=&#8220;||20px||false|false&#8220; custom_padding=&#8220;||||false|false&#8220; link_option_url=&#8220;mailto:office@oegvt.at&#8220; global_colors_info=&#8220;{}&#8220; icon_color__hover=&#8220;#FFA85B&#8220; icon_color__hover_enabled=&#8220;on|desktop&#8220; body_text_color__hover=&#8220;#FFA85B&#8220; body_text_color__hover_enabled=&#8220;on|desktop&#8220;][\/et_pb_blurb][et_pb_blurb title=&#8220;www.oegvt.at&#8220; use_icon=&#8220;on&#8220; font_icon=&#8220;&#xe0e3;||divi||400&#8243; icon_color=&#8220;#004363&#8243; icon_placement=&#8220;left&#8220; image_icon_width=&#8220;18px&#8220; content_max_width=&#8220;1100px&#8220; content_max_width_tablet=&#8220;1100px&#8220; content_max_width_phone=&#8220;1100px&#8220; content_max_width_last_edited=&#8220;on|phone&#8220; _builder_version=&#8220;4.27.5&#8243; _module_preset=&#8220;default&#8220; header_text_align=&#8220;left&#8220; header_text_color=&#8220;#004363&#8243; header_font_size=&#8220;16px&#8220; body_text_color=&#8220;#FFFFFF&#8220; background_layout=&#8220;dark&#8220; width=&#8220;50%&#8220; custom_margin=&#8220;||20px||false|false&#8220; custom_padding=&#8220;||||false|false&#8220; link_option_url=&#8220;https:\/\/www.oegvt.at\/&#8220; link_option_url_new_window=&#8220;on&#8220; global_colors_info=&#8220;{}&#8220; icon_color__hover=&#8220;#FFA85B&#8220; icon_color__hover_enabled=&#8220;on|desktop&#8220; body_text_color__hover=&#8220;#FFA85B&#8220; body_text_color__hover_enabled=&#8220;on|desktop&#8220;][\/et_pb_blurb][\/et_pb_column][et_pb_column type=&#8220;1_2&#8243; _builder_version=&#8220;4.27.5&#8243; _module_preset=&#8220;default&#8220; background_enable_image=&#8220;off&#8220; background_size=&#8220;contain&#8220; background_blend=&#8220;darken&#8220; custom_padding=&#8220;0px|0px|0px|0px|true|false&#8220; custom_padding_tablet=&#8220;20px|20px|20px|20px|false|false&#8220; custom_padding_phone=&#8220;2px|20px|20px|20px|false|true&#8220; custom_padding_last_edited=&#8220;on|desktop&#8220; global_colors_info=&#8220;{}&#8220; custom_css_main_element_last_edited=&#8220;on|tablet&#8220;][et_pb_image src=&#8220;https:\/\/biofeedback.co.at\/wp-content\/uploads\/2026\/02\/header_oegvt.webp&#8220; alt=&#8220;oegvt&#8220; title_text=&#8220;header_oegvt&#8220; _builder_version=&#8220;4.27.5&#8243; _module_preset=&#8220;default&#8220; width=&#8220;90%&#8220; border_radii=&#8220;on|10px|10px|10px|10px&#8220; box_shadow_style=&#8220;preset3&#8243; global_colors_info=&#8220;{}&#8220;][\/et_pb_image][et_pb_text _builder_version=&#8220;4.27.5&#8243; _module_preset=&#8220;default&#8220; custom_margin=&#8220;-40px||||false|false&#8220; custom_margin_tablet=&#8220;0px||||false|false&#8220; custom_margin_phone=&#8220;-14px||||false|false&#8220; custom_margin_last_edited=&#8220;on|phone&#8220; locked=&#8220;off&#8220; global_colors_info=&#8220;{}&#8220;]<\/p>\n<p>Bildmaterial \u00a9 \u00d6GVT<\/p>\n<p>[\/et_pb_text][\/et_pb_column][\/et_pb_row][\/et_pb_section]<\/p>\n","protected":false},"excerpt":{"rendered":"<p>\u00d6sterreichische Gesellschaft f\u00fcr Verhaltenstherapie Die\u00a0\u00d6sterreichische Gesellschaft f\u00fcr Verhaltenstherapie (\u00d6GVT)\u00a0ist eine wissenschaftliche Fachgesellschaft und Ausbildungseinrichtung, die sich der Entwicklung, Vermittlung und Qualit\u00e4tssicherung verhaltenstherapeutischer Methoden in Psychotherapie und klinischer Praxis widmet. Die Gesellschaft organisiert Ausbildungsprogramme, Fortbildungen und wissenschaftliche Aktivit\u00e4ten und f\u00f6rdert damit die kontinuierliche Weiterentwicklung evidenzbasierter psychotherapeutischer Verfahren in \u00d6sterreich.\u00a0Im Rahmen ihrer Ausbildungen vermittelt die \u00d6GVT ein [&hellip;]<\/p>\n","protected":false},"author":4,"featured_media":260939,"parent":260890,"menu_order":0,"comment_status":"closed","ping_status":"closed","template":"","meta":{"_et_pb_use_builder":"on","_et_pb_old_content":"","_et_gb_content_width":"","footnotes":""},"class_list":["post-260967","page","type-page","status-publish","has-post-thumbnail","hentry"],"_links":{"self":[{"href":"https:\/\/biofeedback.co.at\/en\/wp-json\/wp\/v2\/pages\/260967","targetHints":{"allow":["GET"]}}],"collection":[{"href":"https:\/\/biofeedback.co.at\/en\/wp-json\/wp\/v2\/pages"}],"about":[{"href":"https:\/\/biofeedback.co.at\/en\/wp-json\/wp\/v2\/types\/page"}],"author":[{"embeddable":true,"href":"https:\/\/biofeedback.co.at\/en\/wp-json\/wp\/v2\/users\/4"}],"replies":[{"embeddable":true,"href":"https:\/\/biofeedback.co.at\/en\/wp-json\/wp\/v2\/comments?post=260967"}],"version-history":[{"count":6,"href":"https:\/\/biofeedback.co.at\/en\/wp-json\/wp\/v2\/pages\/260967\/revisions"}],"predecessor-version":[{"id":261076,"href":"https:\/\/biofeedback.co.at\/en\/wp-json\/wp\/v2\/pages\/260967\/revisions\/261076"}],"up":[{"embeddable":true,"href":"https:\/\/biofeedback.co.at\/en\/wp-json\/wp\/v2\/pages\/260890"}],"wp:featuredmedia":[{"embeddable":true,"href":"https:\/\/biofeedback.co.at\/en\/wp-json\/wp\/v2\/media\/260939"}],"wp:attachment":[{"href":"https:\/\/biofeedback.co.at\/en\/wp-json\/wp\/v2\/media?parent=260967"}],"curies":[{"name":"wp","href":"https:\/\/api.w.org\/{rel}","templated":true}]}}