{"id":261053,"date":"2026-02-19T19:08:36","date_gmt":"2026-02-19T18:08:36","guid":{"rendered":"https:\/\/biofeedback.co.at\/?page_id=261053"},"modified":"2026-02-25T16:26:40","modified_gmt":"2026-02-25T15:26:40","slug":"dgbfb","status":"publish","type":"page","link":"https:\/\/biofeedback.co.at\/en\/partner\/dgbfb\/","title":{"rendered":"German Society for Biofeedback"},"content":{"rendered":"<p>[et_pb_section fb_built=&#8220;1&#8243; _builder_version=&#8220;4.23.1&#8243; _module_preset=&#8220;default&#8220; min_height=&#8220;50vh&#8220; custom_margin=&#8220;||||false|false&#8220; custom_padding=&#8220;0px|0px|0px|0px|false|false&#8220; custom_css_main_element=&#8220;||&#8220; locked=&#8220;off&#8220; global_colors_info=&#8220;{}&#8220; custom_css_main_element_last_edited=&#8220;on|desktop&#8220; custom_css_main_element_tablet=&#8220;display: block;  ||&#8220; custom_css_main_element_phone=&#8220;display: block;  ||&#8220;][et_pb_row column_structure=&#8220;1_2,1_2&#8243; make_equal=&#8220;on&#8220; _builder_version=&#8220;4.27.5&#8243; _module_preset=&#8220;eacf5457-1c55-4ef4-8898-3f9dff87d96b&#8220; background_color=&#8220;#004363&#8243; width=&#8220;100%&#8220; width_tablet=&#8220;100%&#8220; width_phone=&#8220;100%&#8220; max_width=&#8220;100%&#8220; module_alignment=&#8220;center&#8220; min_height=&#8220;62vh&#8220; min_height_tablet=&#8220;50vh&#8220; min_height_phone=&#8220;&#8220; min_height_last_edited=&#8220;on|phone&#8220; custom_margin=&#8220;0px|0px|0px|0px|false|false&#8220; custom_padding=&#8220;0px||0px||true|false&#8220; hover_enabled=&#8220;0&#8243; global_colors_info=&#8220;{}&#8220; custom_css_main_element_last_edited=&#8220;on|desktop&#8220; sticky_enabled=&#8220;0&#8243;][et_pb_column type=&#8220;1_2&#8243; _builder_version=&#8220;4.27.5&#8243; _module_preset=&#8220;default&#8220; background_color=&#8220;#FFFFFF&#8220; background_image=&#8220;https:\/\/biofeedback.co.at\/wp-content\/uploads\/2026\/02\/dgbfb.webp&#8220; background_blend=&#8220;darken&#8220; custom_padding=&#8220;0px|0px|0px|0px|true|false&#8220; custom_padding_tablet=&#8220;250px|0px|250px|0px|false|false&#8220; custom_padding_phone=&#8220;170px||150px||false|false&#8220; custom_padding_last_edited=&#8220;on|desktop&#8220; global_colors_info=&#8220;{}&#8220; custom_css_main_element_last_edited=&#8220;on|tablet&#8220; alt=&#8220;dgbfb&#8220; title_text=&#8220;dgbfb&#8220;][\/et_pb_column][et_pb_column type=&#8220;1_2&#8243; _builder_version=&#8220;4.23.1&#8243; _module_preset=&#8220;default&#8220; custom_padding_tablet=&#8220;5%|3%|8%|3%|false|true&#8220; custom_padding_phone=&#8220;|5%||5%|false|true&#8220; custom_padding_last_edited=&#8220;on|phone&#8220; custom_css_main_element=&#8220;\t||display: flex; flex-direction: column; justify-content: center;&#8220; global_colors_info=&#8220;{}&#8220;][et_pb_heading title=&#8220;Deutsche Gesellschaft f\u00fcr Biofeedback (DGBFB)&#8220; _builder_version=&#8220;4.27.5&#8243; _module_preset=&#8220;default&#8220; title_font=&#8220;|700|||||||&#8220; title_text_color=&#8220;#FFFFFF&#8220; title_font_size=&#8220;50px&#8220; title_line_height=&#8220;1.1em&#8220; width=&#8220;80%&#8220; custom_margin=&#8220;||30px||false|false&#8220; title_font_size_tablet=&#8220;40px&#8220; title_font_size_phone=&#8220;36px&#8220; title_font_size_last_edited=&#8220;on|phone&#8220; global_colors_info=&#8220;{}&#8220;][\/et_pb_heading][et_pb_text _builder_version=&#8220;4.27.5&#8243; _module_preset=&#8220;357c6e82-ed5e-4ae8-acbe-49a08da06e05&#8243; text_text_color=&#8220;#FFFFFF&#8220; text_font_size=&#8220;17px&#8220; width=&#8220;80%&#8220; width_tablet=&#8220;80%&#8220; width_phone=&#8220;80%&#8220; width_last_edited=&#8220;on|phone&#8220; max_width=&#8220;100%&#8220; max_width_tablet=&#8220;100%&#8220; max_width_phone=&#8220;100%&#8220; max_width_last_edited=&#8220;on|tablet&#8220; custom_margin=&#8220;|8%|15px||false|false&#8220; custom_margin_tablet=&#8220;|0%|||false|false&#8220; custom_margin_phone=&#8220;|0%|||false|false&#8220; custom_margin_last_edited=&#8220;on|desktop&#8220; text_font_size_tablet=&#8220;16px&#8220; text_font_size_phone=&#8220;16px&#8220; text_font_size_last_edited=&#8220;on|phone&#8220; locked=&#8220;off&#8220; global_colors_info=&#8220;{}&#8220;]<\/p>\n<p><strong>Fachgesellschaft f\u00fcr Biofeedback im deutschsprachigen Raum<\/strong><\/p>\n<p>Die Deutsche Gesellschaft f\u00fcr Biofeedback e.V. (DGBFB) ist eine Fachgesellschaft zur F\u00f6rderung und fachlichen Vernetzung von Biofeedback-Anwender:innen im deutschsprachigen Raum. Sie engagiert sich f\u00fcr den wissenschaftlichen Austausch, die Weiterentwicklung biofeedbackbasierter Verfahren sowie f\u00fcr Qualit\u00e4tsstandards in der praktischen Anwendung.<\/p>\n<p>[\/et_pb_text][\/et_pb_column][\/et_pb_row][\/et_pb_section][et_pb_section fb_built=&#8220;1&#8243; _builder_version=&#8220;4.27.5&#8243; _module_preset=&#8220;default&#8220; global_colors_info=&#8220;{}&#8220;][et_pb_row column_structure=&#8220;1_2,1_2&#8243; use_custom_gutter=&#8220;on&#8220; gutter_width=&#8220;2&#8243; _builder_version=&#8220;4.27.5&#8243; _module_preset=&#8220;eacf5457-1c55-4ef4-8898-3f9dff87d96b&#8220; width_tablet=&#8220;100%&#8220; width_phone=&#8220;100%&#8220; max_width=&#8220;100%&#8220; module_alignment=&#8220;center&#8220; min_height_tablet=&#8220;50vh&#8220; min_height_phone=&#8220;&#8220; min_height_last_edited=&#8220;on|phone&#8220; custom_margin=&#8220;0px|0px|0px|0px|false|false&#8220; custom_padding=&#8220;0px||0px||true|false&#8220; locked=&#8220;off&#8220; global_colors_info=&#8220;{}&#8220; custom_css_main_element_last_edited=&#8220;on|desktop&#8220;][et_pb_column type=&#8220;1_2&#8243; _builder_version=&#8220;4.27.5&#8243; _module_preset=&#8220;default&#8220; custom_padding=&#8220;|0px||8%|false|false&#8220; custom_padding_tablet=&#8220;5%|3%|8%|3%|false|true&#8220; custom_padding_phone=&#8220;|5%||5%|false|true&#8220; custom_padding_last_edited=&#8220;on|phone&#8220; custom_css_main_element=&#8220;\t&#8220; global_colors_info=&#8220;{}&#8220;][et_pb_text _builder_version=&#8220;4.27.5&#8243; _module_preset=&#8220;357c6e82-ed5e-4ae8-acbe-49a08da06e05&#8243; text_font_size=&#8220;17px&#8220; width=&#8220;100%&#8220; width_tablet=&#8220;100%&#8220; width_phone=&#8220;100%&#8220; width_last_edited=&#8220;on|phone&#8220; max_width=&#8220;100%&#8220; max_width_tablet=&#8220;100%&#8220; max_width_phone=&#8220;100%&#8220; max_width_last_edited=&#8220;on|tablet&#8220; custom_margin=&#8220;||15px||false|false&#8220; custom_margin_tablet=&#8220;|0%|||false|false&#8220; custom_margin_phone=&#8220;|0%|||false|false&#8220; custom_margin_last_edited=&#8220;on|desktop&#8220; text_font_size_tablet=&#8220;16px&#8220; text_font_size_phone=&#8220;16px&#8220; text_font_size_last_edited=&#8220;on|phone&#8220; locked=&#8220;off&#8220; global_colors_info=&#8220;{}&#8220;]<\/p>\n<p>Die DGBFB bietet ein Forum f\u00fcr Therapeut:innen, \u00c4rzt:innen, Psycholog:innen und weitere Fachpersonen, die Biofeedback in unterschiedlichen klinischen und gesundheitsbezogenen Kontexten einsetzen. Durch Veranstaltungen, fachliche Informationen und interdisziplin\u00e4ren Austausch tr\u00e4gt die Gesellschaft zur Sichtbarkeit und Weiterentwicklung psychophysiologischer Methoden bei.<\/p>\n<p>Im Rahmen unserer Kooperation ist Insight Instruments F\u00f6rdermitglied der DGBFB. Teilnehmer:innen von DGBFB-Veranstaltungen haben die M\u00f6glichkeit,\u00a0<strong>Neuromaster-Leihger\u00e4te<\/strong>\u00a0f\u00fcr Seminarzwecke zu nutzen, um praktische Anwendungen mit moderner Biofeedback-Technologie umzusetzen. Informationen dazu finden Sie hier:<br \/>&#x1f449;\u00a0<a href=\"https:\/\/biofeedback.co.at\/leihgeraete-fuer-teilnehmerinnen-an-dgbfb-ausbildungseminaren\/\">https:\/\/biofeedback.co.at\/leihgeraete-fuer-teilnehmerinnen-an-dgbfb-ausbildungseminaren\/<\/a><\/p>\n<p>Dar\u00fcber hinaus profitieren DGBFB-Mitglieder von Sonderkonditionen beim Erwerb des\u00a0<strong>Neuromaster-Systems<\/strong>. Die Zusammenarbeit unterst\u00fctzt den fachlichen Austausch und erleichtert Anwender:innen den Zugang zu moderner Bio- und Neurofeedback-Technologie. Fragen sie jetzt hier eine Beratung an.<\/p>\n<p>[\/et_pb_text][et_pb_text _builder_version=&#8220;4.27.5&#8243; _module_preset=&#8220;default&#8220; custom_margin=&#8220;||||false|false&#8220; custom_margin_tablet=&#8220;0px||||false|false&#8220; custom_margin_phone=&#8220;-14px||||false|false&#8220; custom_margin_last_edited=&#8220;on|phone&#8220; locked=&#8220;off&#8220; global_colors_info=&#8220;{}&#8220;]<\/p>\n<p>Bildmaterial \u00a9 DGBFB<\/p>\n<p>[\/et_pb_text][\/et_pb_column][et_pb_column type=&#8220;1_2&#8243; _builder_version=&#8220;4.27.5&#8243; _module_preset=&#8220;default&#8220; background_color=&#8220;rgba(144,249,213,0.43)&#8220; background_enable_image=&#8220;off&#8220; background_size=&#8220;contain&#8220; background_blend=&#8220;darken&#8220; custom_padding=&#8220;30px|0px|30px|30px|true|false&#8220; custom_padding_tablet=&#8220;20px|20px|20px|20px|false|false&#8220; custom_padding_phone=&#8220;2px|20px|20px|20px|false|true&#8220; custom_padding_last_edited=&#8220;on|desktop&#8220; border_radii=&#8220;on|10px|10px|10px|10px&#8220; global_colors_info=&#8220;{}&#8220; custom_css_main_element_last_edited=&#8220;on|tablet&#8220;][et_pb_text _builder_version=&#8220;4.27.5&#8243; _module_preset=&#8220;default&#8220; global_colors_info=&#8220;{}&#8220;]<\/p>\n<h3>Kontakt zur DGBFB<\/h3>\n<p>[\/et_pb_text][et_pb_blurb title=&#8220;+49 (0)8052 6779425-0&#8243; use_icon=&#8220;on&#8220; font_icon=&#8220;&#xf095;||fa||900&#8243; icon_color=&#8220;#004363&#8243; icon_placement=&#8220;left&#8220; image_icon_width=&#8220;18px&#8220; content_max_width=&#8220;1100px&#8220; content_max_width_tablet=&#8220;1100px&#8220; content_max_width_phone=&#8220;1100px&#8220; content_max_width_last_edited=&#8220;on|phone&#8220; _builder_version=&#8220;4.27.5&#8243; _module_preset=&#8220;default&#8220; header_text_align=&#8220;left&#8220; header_text_color=&#8220;#004363&#8243; header_font_size=&#8220;16px&#8220; body_text_color=&#8220;#FFFFFF&#8220; background_layout=&#8220;dark&#8220; width=&#8220;50%&#8220; custom_margin=&#8220;||20px||false|false&#8220; custom_padding=&#8220;||||false|false&#8220; link_option_url=&#8220;tel:+49805267794250&#8243; link_option_url_new_window=&#8220;on&#8220; global_colors_info=&#8220;{}&#8220; icon_color__hover=&#8220;#FFA85B&#8220; icon_color__hover_enabled=&#8220;on|desktop&#8220; body_text_color__hover=&#8220;#FFA85B&#8220; body_text_color__hover_enabled=&#8220;on|desktop&#8220;][\/et_pb_blurb][et_pb_blurb title=&#8220;sekretariat@dgbfb.de&#8220; use_icon=&#8220;on&#8220; font_icon=&#8220;&#xe010;||divi||400&#8243; icon_color=&#8220;#004363&#8243; icon_placement=&#8220;left&#8220; image_icon_width=&#8220;18px&#8220; content_max_width=&#8220;1100px&#8220; content_max_width_tablet=&#8220;1100px&#8220; content_max_width_phone=&#8220;1100px&#8220; content_max_width_last_edited=&#8220;on|phone&#8220; _builder_version=&#8220;4.27.5&#8243; _module_preset=&#8220;default&#8220; header_text_align=&#8220;left&#8220; header_text_color=&#8220;#004363&#8243; header_font_size=&#8220;16px&#8220; body_text_color=&#8220;#FFFFFF&#8220; background_layout=&#8220;dark&#8220; width=&#8220;50%&#8220; custom_margin=&#8220;||20px||false|false&#8220; custom_padding=&#8220;||||false|false&#8220; link_option_url=&#8220;mailto:sekretariat@dgbfb.de&#8220; global_colors_info=&#8220;{}&#8220; icon_color__hover=&#8220;#FFA85B&#8220; icon_color__hover_enabled=&#8220;on|desktop&#8220; body_text_color__hover=&#8220;#FFA85B&#8220; body_text_color__hover_enabled=&#8220;on|desktop&#8220;][\/et_pb_blurb][et_pb_blurb title=&#8220;www.dgbfb.de&#8220; use_icon=&#8220;on&#8220; font_icon=&#8220;&#xe0e3;||divi||400&#8243; icon_color=&#8220;#004363&#8243; icon_placement=&#8220;left&#8220; image_icon_width=&#8220;18px&#8220; content_max_width=&#8220;1100px&#8220; content_max_width_tablet=&#8220;1100px&#8220; content_max_width_phone=&#8220;1100px&#8220; content_max_width_last_edited=&#8220;on|phone&#8220; _builder_version=&#8220;4.27.5&#8243; _module_preset=&#8220;default&#8220; header_text_align=&#8220;left&#8220; header_text_color=&#8220;#004363&#8243; header_font_size=&#8220;16px&#8220; body_text_color=&#8220;#FFFFFF&#8220; background_layout=&#8220;dark&#8220; width=&#8220;50%&#8220; custom_margin=&#8220;||20px||false|false&#8220; custom_padding=&#8220;||||false|false&#8220; link_option_url=&#8220;https:\/\/dgbfb.de\/&#8220; link_option_url_new_window=&#8220;on&#8220; global_colors_info=&#8220;{}&#8220; icon_color__hover=&#8220;#FFA85B&#8220; icon_color__hover_enabled=&#8220;on|desktop&#8220; body_text_color__hover=&#8220;#FFA85B&#8220; body_text_color__hover_enabled=&#8220;on|desktop&#8220;][\/et_pb_blurb][\/et_pb_column][\/et_pb_row][\/et_pb_section]<\/p>\n","protected":false},"excerpt":{"rendered":"<p>Fachgesellschaft f\u00fcr Biofeedback im deutschsprachigen Raum Die Deutsche Gesellschaft f\u00fcr Biofeedback e.V. (DGBFB) ist eine Fachgesellschaft zur F\u00f6rderung und fachlichen Vernetzung von Biofeedback-Anwender:innen im deutschsprachigen Raum. Sie engagiert sich f\u00fcr den wissenschaftlichen Austausch, die Weiterentwicklung biofeedbackbasierter Verfahren sowie f\u00fcr Qualit\u00e4tsstandards in der praktischen Anwendung.Die DGBFB bietet ein Forum f\u00fcr Therapeut:innen, \u00c4rzt:innen, Psycholog:innen und weitere Fachpersonen, [&hellip;]<\/p>\n","protected":false},"author":4,"featured_media":261051,"parent":260890,"menu_order":0,"comment_status":"closed","ping_status":"closed","template":"","meta":{"_et_pb_use_builder":"on","_et_pb_old_content":"","_et_gb_content_width":"","footnotes":""},"class_list":["post-261053","page","type-page","status-publish","has-post-thumbnail","hentry"],"_links":{"self":[{"href":"https:\/\/biofeedback.co.at\/en\/wp-json\/wp\/v2\/pages\/261053","targetHints":{"allow":["GET"]}}],"collection":[{"href":"https:\/\/biofeedback.co.at\/en\/wp-json\/wp\/v2\/pages"}],"about":[{"href":"https:\/\/biofeedback.co.at\/en\/wp-json\/wp\/v2\/types\/page"}],"author":[{"embeddable":true,"href":"https:\/\/biofeedback.co.at\/en\/wp-json\/wp\/v2\/users\/4"}],"replies":[{"embeddable":true,"href":"https:\/\/biofeedback.co.at\/en\/wp-json\/wp\/v2\/comments?post=261053"}],"version-history":[{"count":5,"href":"https:\/\/biofeedback.co.at\/en\/wp-json\/wp\/v2\/pages\/261053\/revisions"}],"predecessor-version":[{"id":261102,"href":"https:\/\/biofeedback.co.at\/en\/wp-json\/wp\/v2\/pages\/261053\/revisions\/261102"}],"up":[{"embeddable":true,"href":"https:\/\/biofeedback.co.at\/en\/wp-json\/wp\/v2\/pages\/260890"}],"wp:featuredmedia":[{"embeddable":true,"href":"https:\/\/biofeedback.co.at\/en\/wp-json\/wp\/v2\/media\/261051"}],"wp:attachment":[{"href":"https:\/\/biofeedback.co.at\/en\/wp-json\/wp\/v2\/media?parent=261053"}],"curies":[{"name":"wp","href":"https:\/\/api.w.org\/{rel}","templated":true}]}}