{"id":3022,"date":"2015-05-16T12:46:08","date_gmt":"2015-05-16T10:46:08","guid":{"rendered":""},"modified":"2024-08-14T17:00:23","modified_gmt":"2024-08-14T15:00:23","slug":"entspannungstraining","status":"publish","type":"page","link":"https:\/\/biofeedback.co.at\/en\/was-ist-biofeedback\/entspannungstraining\/","title":{"rendered":"Entspannungstraining mit Biofeedback"},"content":{"rendered":"<p>[et_pb_section admin_label=&#8220;section&#8220;]<br \/>\n\t\t\t[et_pb_row admin_label=&#8220;row&#8220;]<br \/>\n\t\t\t\t[et_pb_column type=&#8220;4_4&#8243;][et_pb_text admin_label=&#8220;Text&#8220;]Auch ohne klinische Beschwerden kann es \u00e4u\u00dferst sinnvoll und bereichernd sein, gezielt Entspannungs\u00fcbungen in den Alltag zu integrieren. Regelm\u00e4\u00dfige Ruhephasen sind essenziell f\u00fcr die Erhaltung von k\u00f6rperlicher und geistiger Gesundheit.<\/p>\n<h2 align=\"left\">Biofeedback als effektives Entspannungstraining<\/h2>\n<p><img decoding=\"async\" class=\"alignright\" src=\"https:\/\/biofeedback.co.at\/wp-content\/uploads\/2019\/04\/Biofeedback_als_Entspannungstraining.jpg\" alt=\"\">Beim Biofeedback-gest\u00fctzten Entspannungstraining werden physiologische Parameter wie Herzfrequenz, Hautleitwert oder Muskelspannung kontinuierlich erfasst und direkt auf einem Bildschirm r\u00fcckgemeldet. Diese visuelle oder akustische R\u00fcckmeldung hilft Therapeut:innen und Klient:innen, den Grad der Entspannung in Echtzeit zu beurteilen und zu steuern.<\/p>\n<p>Im Wellnessbereich kann Biofeedback beispielsweise verwendet werden, um Klient:innen Entspannungstechniken n\u00e4herzubringen. So kann etwa eine tiefe Atmung trainiert werden, um ein Gef\u00fchl der k\u00f6rperlichen Entspannung zu erzeugen. Aber auch andere Methoden (z.B <b><a href=\"https:\/\/biofeedback.co.at\/index.php?id=491\">HRV-Biofeedback<\/a><\/b> oder Durchblutung) k\u00f6nnen angewandt werden<sup>1<\/sup>. Auch in der Pr\u00e4vention wird Biofeedback genutzt, um Klient:innen ein grundlegendes Verst\u00e4ndnis der psycho-physiologischen Zusammenh\u00e4nge zu vermitteln<sup>1<\/sup>.<\/p>\n<h3>Gestaltung des Trainings<\/h3>\n<p><img decoding=\"async\" class=\"alignright\" src=\"https:\/\/biofeedback.co.at\/wp-content\/uploads\/2019\/04\/Biofeedback-als-Entspannungstraining2.png\" alt=\"\">Meist gibt es verschiedene M\u00f6glichkeiten f\u00fcr die Gestaltung des Trainings. So dienen zum Beispiel Videos, Bilderfolgen oder Musik mit gleichzeitiger R\u00fcckmeldung des Entspannungszustandes der Induktion eines Grundlevels an Entspannung. Aktive Feedback-\u00dcbungen erm\u00f6glichen es dann, das vegetative Nervensystem bewusst steuern zu lernen.<\/p>\n<p>Viele Menschen nehmen ihren Stress nicht bewusst wahr oder ignorieren ihn. Biofeedback hilft hier als Diagnosewerkzeug: Die sichtbare R\u00fcckmeldung am Bildschirm erm\u00f6glicht ein rechtzeitiges Erkennen eines erh\u00f6hten Bedarfs nach Entspannung.<\/p>\n<h3 align=\"left\">Kombination mit anderen Entspannungstechniken<\/h3>\n<p>Die Anzahl an Entspannungstechniken ist mittlerweile immens geworden. Aber sei es nun Yoga, Meditation oder Autogenes Training, gemein ist all diesen Techniken, dass Sie oft fr\u00fchzeitig abgebrochen werden, weil die Probanden den Fortschritt anfangs nicht konkret wahrnehmen.<\/p>\n<p>Hier kann die Kombination mit Biofeedback helfen, die es erm\u00f6glicht, den Erfolg von Entspannungs\u00fcbungen sofort am Bildschirm zu sehen und damit zu akzeptieren, dass diese eine positive entspannende Wirkung auf den K\u00f6rper haben &#8211; auch wenn man sie selbst noch nicht wahrnehmen kann.<\/p>\n<h2 align=\"left\">Wirksamkeit, Tipps und Quellen<\/h2>\n<p>Biofeedback kann mit anderen Entspannungstechniken kombiniert werden und so die Effektivit\u00e4t der Behandlung verbessern<sup>23<\/sup>. Die Effekte der \u201eklassischen Entspannungsverfahren\u201c wie die Erw\u00e4rmung der H\u00e4nde beim Autogenen Training oder die An- und Entspannung der Muskulatur k\u00f6nnen mittels Biofeedback (in diesem Fall Temperatur- und EMG-Biofeedback) sichtbar gemacht werden. Biofeedback kann die Selbstwahrnehmung gezielt schulen und bessern und viele Klienten erlernen eine allgemeine Entspannung auch au\u00dferhalb der trainierten Modalit\u00e4t<sup>4<\/sup>.<br \/>\n<b><img decoding=\"async\" style=\"float: right;\" src=\"https:\/\/biofeedback.co.at\/wp-content\/uploads\/2019\/04\/RTEmagicC_Erfahrungen_zu_Biofeedback_als_Entspannungstraining.jpg.jpg\" alt=\"\" width=\"190\" height=\"198\"><\/b><\/p>\n<p><b>Frau Diana Sicher-Fritsch berichtet aus Ihrer Praxis:<\/b> <i>&#8222;In unserem Mental-Zentrum wird das Biofeedback-System Comfort erfolgreich bei der Arbeit mit Hotelg\u00e4sten und externen Kunden eingesetzt. Hauptaufgaben im Mental-Zentrum ist die Arbeit mit Kunden im Bereich Stress-Pr\u00e4vention, zumeist bei bereits bestehenden Stress-Symptomen. Sehr gute Erfahrungen haben wir zum Beispiel bei Tinnitus-Kunden erzielen k\u00f6nnen. Durch die Biofeedback-Erfassungen sehen unsere Kunden selbst, wie sie auf An- und Entspannung reagieren um dem entgegensteuern zu k\u00f6nnen. (\u2026) <\/i><br \/>\n<i> <\/i><\/p>\n<p><i>Biofeedback ist im Mental Zentrum unseres ****Mental Spa Hotel ein Instrument zur Qualit\u00e4tssicherung geworden. Erst wissenschaftliche Auswertungen zeigen dem Kunden objektiv die Ver\u00e4nderungen, die ein Training bzw. ein Coaching bewirken. Dadurch ist man als Coach auch nicht mehr nur auf die subjektive Wahrnehmung angewiesen.&#8220;<\/i><br \/>\n<b><a href=\"https:\/\/biofeedback.co.at\/index.php?id=27\">Anwender, welche ebenfalls \u00fcberlegen Biofeedback in ihr Angebot zu integrieren, k\u00f6nnen hier Informationen anfordern.<\/a><\/b><b><\/b><\/p>\n<p><b>Tipp aus der Praxis<br \/>\n<\/b>Nicht f\u00fcr jeden sind die gleichen Entspannungsmethoden zielf\u00fchrend. Setzen Sie Biofeedback als objektive Methode ein, um herauszufinden, welche Entspannungsmethode am besten zur Person passt. Nutzen Sie Musik, Bilder oder Videos, die der Proband selbst mitbringt und integrieren Sie diese in die Biofeedbacksoftware. Pers\u00f6nliche Urlaubsfotos oder das Lieblingslied f\u00f6rdern durch den pers\u00f6nlichen Bezug h\u00e4ufig den Lernerfolg noch zus\u00e4tzlich.<\/p>\n<h2 align=\"left\">Stress-Studien im Biofeedback-Blog<\/h2>\n<p><b>Immense Kosten<br \/>\n<\/b>Am h\u00f6chsten ist der Schaden von \u00fcberm\u00e4\u00dfigem Stress nat\u00fcrlich immer f\u00fcr den Probanden selbst doch auch Unternehmen und die Volkswirtschaft als gesamtes leiden darunter. In unserem Artikel <b><a href=\"https:\/\/biofeedback.co.at\/weniger-stress-geringere-kosten\/\">\u201eWeniger Stress \u2013 geringere Kosten\u201c<\/a><\/b> berichten wir \u00fcber die Kosten von psychischen Erkrankungen f\u00fcr die Volkswirtschaft und welche Rolle Biofeedback in diesem Bereich einnehmen k\u00f6nnte. Mit solchen Ma\u00dfnahmen w\u00e4ren wohl immense Kosteneinsparungen zu realisieren.<\/p>\n<p><b>Besonders Betroffene<br \/>\n<\/b>Verschiedenste Bev\u00f6lkerungsgruppen sind regelm\u00e4\u00dfig besonders von Stress betroffen. Unter dem Titel <b><a href=\"https:\/\/biofeedback.co.at\/managementstress-oder-stressmanagement\/\">\u201eManagementstress oder Stressmanagement\u201c<\/a><\/b> berichten wir beispielsweise \u00fcber die extremen Belastungen die auf Top-Managern lasten und berichten \u00fcber eine Studie welche positive Effekte einer Biofeedbackbehandlung auf Stress bei dieser Berufsgruppe zeigen konnte.<\/p>\n<p>Doch nur nur das Top-Mangement leidet unter Stress, auch Industriearbeiter k\u00f6nnen \u00fcber ihre physische Arbeitsumgebung, sowie \u00fcber monotone T\u00e4tigkeiten mit geringer Kontrolle belastet sein. In <b><a href=\"https:\/\/biofeedback.co.at\/stress-bei-industriearbeitern\/\">\u201eStress bei Industriearbeitern\u201c<\/a><\/b> besch\u00e4ftigen wir uns mit einem Unternehmen welches gegen diesen Stress mit Biofeedback anging und nach bereits 5 Wochen geringere Werte f\u00fcr Depression, Angst und Stress feststellen konnte.<\/p>\n<p>Im Artikel <b><a href=\"https:\/\/biofeedback.co.at\/der-gestresste-student\/\">\u201eDer gestresste Student\u201c<\/a><\/b> berichten wir \u00fcber die ernsten Konsequenzen von Stress bei Studenten. Diese stehen ja aufgrund der neuartigen Situation im Studium oft besonders unter Druck. Die Studie \u00fcber die im Artikel berichtet wird, bezieht Biofeedback und die progressive Muskelentspannung in die Behandlung ein und stellt fest, dass diese Methoden bei Studentenstress sehr wirksam sind.<\/p>\n<p><b>Die perfekte Synthese<br \/>\n<\/b>Auf Techniken wie die eben gennante \u201eProgressive Muskelrelaxation\u201c haben wir uns auch im Artikel <b><a href=\"https:\/\/biofeedback.co.at\/biofeedback-und-bekannte-entspannungstechniken\/\">\u201eBiofeedback und bekannte Entspannungstechniken\u201c<\/a><\/b> bezogen. Dort stellen wir fest, dass diese Methoden sich nicht gegenseit ausschlie\u00dfen. Vielmehr arbeiten Sie durch die sichtbare R\u00fcckmeldung des Erfolgs von Entspannungstechniken mit Biofeedback und die daraus folgenden Vorteile ideal zusammen.<\/p>\n<p><b>Allt\u00e4glicher Stress<br \/>\n<\/b>Doch nicht nur extremer chronischer Stress stellt eine Belastung und eine Gefahr dar. Auch die sogennanten \u201edaily hassles\u201c (t\u00e4gliche \u00c4rgerlichkeiten) wirken sich negativ auf unsere Gesundheit aus. Im Bericht <b><a href=\"https:\/\/biofeedback.co.at\/taeglicher-stress\/\">\u201eT\u00e4glicher Stress\u201c<\/a><\/b> besch\u00e4ftigen wir uns mit dieser Art von Stress und berichten \u00fcber eine Studie die die positiven Auswirkungen von Biofeedback auf diesen Stress auf unterschiedlichen Ebenen (MRI, psychologische Tests und Cortisollevel) darstellt.<\/p>\n<p><b>Quellen:<\/b><br \/>\n<i>1 <\/i>Haus, K., Held, C., Kowalski, A., Krombholz, A., Nowak, M., Schneider, E., Strau\u00df, G. &amp; Wiedemann, M. (2016). Praxisbuch Biofeedback und Neurofeedback. In <i>Springer eBooks<\/i>.<a href=\"https:\/\/doi.org\/10.1007\/978-3-662-47748-9\" target=\"_blank\" rel=\"noopener\"> <span class=\"url\">https:\/\/doi.org\/10.1007\/978-3-662-47748-9<\/span><\/a><\/p>\n<p><i>2 \u00a0<\/i>Diener H.-C., Fo\u0308rderreuther S, Kropp P. et al., Therapie der Migra\u0308neattacke und Prophylaxeder Migra\u0308ne, S1-Leitlinie,2022, DGNundDMKG, in:DeutscheGesellschaftfu\u0308rNeurologie(Hrsg.), <a href=\"https:\/\/register.awmf.org\/assets\/guidelines\/030-057l_S1_Therapie-der-Migraeneattacke-Prophylaxe-der-Migraene_2024-06.pdf\" target=\"_blank\" rel=\"nofollow noopener\">Leitlinien fu\u0308r Diagnostik und Therapie in der Neurologie.\u00a0<\/a><\/p>\n<p><i>3 Cott, A., Parkinson, W., Fabich, M., B\u00e9dard, M., &amp; Marlin, R. (1992). Long-term efficacy of combined relaxation: biofeedback treatments for chronic headache. Pain, 51(1), 49-56.<\/i><\/p>\n<p><i>4 Bruns, T., &amp; Praun, N. (2002). Biofeedback: ein Handbuch f\u00fcr die therapeutische Praxis; mit 15 Tabellen. Vandenhoeck &amp; Ruprecht.<\/i>[\/et_pb_text][\/et_pb_column]<br \/>\n\t\t\t[\/et_pb_row]<br \/>\n\t\t[\/et_pb_section]<\/p>\n","protected":false},"excerpt":{"rendered":"<p>Auch ohne klinische Beschwerden kann es \u00e4u\u00dferst sinnvoll und bereichernd sein, gezielt Entspannungs\u00fcbungen in den Alltag zu integrieren. Regelm\u00e4\u00dfige Ruhephasen sind essenziell f\u00fcr die Erhaltung von k\u00f6rperlicher und geistiger Gesundheit. Biofeedback als effektives Entspannungstraining Beim Biofeedback-gest\u00fctzten Entspannungstraining werden physiologische Parameter wie Herzfrequenz, Hautleitwert oder Muskelspannung kontinuierlich erfasst und direkt auf einem Bildschirm r\u00fcckgemeldet. Diese visuelle [&hellip;]<\/p>\n","protected":false},"author":4,"featured_media":0,"parent":2559,"menu_order":0,"comment_status":"open","ping_status":"closed","template":"","meta":{"_et_pb_use_builder":"on","_et_pb_old_content":"Auch ohne klinische Beschwerden kann es \u00e4u\u00dferst sinnvoll und bereichernd sein, gezielt Entspannungs\u00fcbungen in den Alltag zu integrieren. Regelm\u00e4\u00dfige Ruhephasen sind essenziell f\u00fcr die Erhaltung von k\u00f6rperlicher und geistiger Gesundheit.\r\n<h2 align=\"left\">Biofeedback als effektives Entspannungstraining<\/h2>\r\n<img class=\"alignright\" src=\"https:\/\/biofeedback.co.at\/wp-content\/uploads\/2019\/04\/Biofeedback_als_Entspannungstraining.jpg\" \/>Beim Biofeedback-gest\u00fctzten Entspannungstraining werden physiologische Parameter wie Herzfrequenz, Hautleitwert oder Muskelspannung kontinuierlich erfasst und direkt auf einem Bildschirm r\u00fcckgemeldet. Diese visuelle oder akustische R\u00fcckmeldung hilft Therapeut:innen und Klient:innen, den Grad der Entspannung in Echtzeit zu beurteilen und zu steuern.\r\n\r\nIm Wellnessbereich kann Biofeedback beispielsweise verwendet werden, um Klient:innen Entspannungstechniken n\u00e4herzubringen. So kann etwa eine tiefe Atmung trainiert werden, um ein Gef\u00fchl der k\u00f6rperlichen Entspannung zu erzeugen. Aber auch andere Methoden (z.B <b><a href=\"https:\/\/biofeedback.co.at\/index.php?id=491\">HRV-Biofeedback<\/a><\/b> oder Durchblutung) k\u00f6nnen angewandt werden<sup>1<\/sup>. Auch in der Pr\u00e4vention wird Biofeedback genutzt, um Klient:innen ein grundlegendes Verst\u00e4ndnis der psycho-physiologischen Zusammenh\u00e4nge zu vermitteln<sup>1<\/sup>.\r\n<h3>Gestaltung des Trainings<\/h3>\r\n<img class=\"alignright\" src=\"https:\/\/biofeedback.co.at\/wp-content\/uploads\/2019\/04\/Biofeedback-als-Entspannungstraining2.png\" \/>Meist gibt es verschiedene M\u00f6glichkeiten f\u00fcr die Gestaltung des Trainings. So dienen zum Beispiel Videos, Bilderfolgen oder Musik mit gleichzeitiger R\u00fcckmeldung des Entspannungszustandes der Induktion eines Grundlevels an Entspannung. Aktive Feedback-\u00dcbungen erm\u00f6glichen es dann, das vegetative Nervensystem bewusst steuern zu lernen.\r\n\r\nViele Menschen nehmen ihren Stress nicht bewusst wahr oder ignorieren ihn. Biofeedback hilft hier als Diagnosewerkzeug: Die sichtbare R\u00fcckmeldung am Bildschirm erm\u00f6glicht ein rechtzeitiges Erkennen eines erh\u00f6hten Bedarfs nach Entspannung.\r\n<h3 align=\"left\">Kombination mit anderen Entspannungstechniken<\/h3>\r\nDie Anzahl an Entspannungstechniken ist mittlerweile immens geworden. Aber sei es nun Yoga, Meditation oder Autogenes Training, gemein ist all diesen Techniken, dass Sie oft fr\u00fchzeitig abgebrochen werden, weil die Probanden den Fortschritt anfangs nicht konkret wahrnehmen.\r\n\r\nHier kann die Kombination mit Biofeedback helfen, die es erm\u00f6glicht, den Erfolg von Entspannungs\u00fcbungen sofort am Bildschirm zu sehen und damit zu akzeptieren, dass diese eine positive entspannende Wirkung auf den K\u00f6rper haben - auch wenn man sie selbst noch nicht wahrnehmen kann.\r\n<h2 align=\"left\">Wirksamkeit, Tipps und Quellen<\/h2>\r\nBiofeedback kann mit anderen Entspannungstechniken kombiniert werden und so die Effektivit\u00e4t der Behandlung verbessern<sup>23<\/sup>. Die Effekte der \u201eklassischen Entspannungsverfahren\u201c wie die Erw\u00e4rmung der H\u00e4nde beim Autogenen Training oder die An- und Entspannung der Muskulatur k\u00f6nnen mittels Biofeedback (in diesem Fall Temperatur- und EMG-Biofeedback) sichtbar gemacht werden. Biofeedback kann die Selbstwahrnehmung gezielt schulen und bessern und viele Klienten erlernen eine allgemeine Entspannung auch au\u00dferhalb der trainierten Modalit\u00e4t<sup>4<\/sup>.\r\n<b><img style=\"float: right;\" src=\"https:\/\/biofeedback.co.at\/wp-content\/uploads\/2019\/04\/RTEmagicC_Erfahrungen_zu_Biofeedback_als_Entspannungstraining.jpg.jpg\" alt=\"\" width=\"190\" height=\"198\" \/><\/b>\r\n\r\n<b>Frau Diana Sicher-Fritsch berichtet aus Ihrer Praxis:<\/b> <i>\"In unserem Mental-Zentrum wird das Biofeedback-System Comfort erfolgreich bei der Arbeit mit Hotelg\u00e4sten und externen Kunden eingesetzt. Hauptaufgaben im Mental-Zentrum ist die Arbeit mit Kunden im Bereich Stress-Pr\u00e4vention, zumeist bei bereits bestehenden Stress-Symptomen. Sehr gute Erfahrungen haben wir zum Beispiel bei Tinnitus-Kunden erzielen k\u00f6nnen. Durch die Biofeedback-Erfassungen sehen unsere Kunden selbst, wie sie auf An- und Entspannung reagieren um dem entgegensteuern zu k\u00f6nnen. (\u2026) <\/i>\r\n<i> <\/i>\r\n\r\n<i>Biofeedback ist im Mental Zentrum unseres ****Mental Spa Hotel ein Instrument zur Qualit\u00e4tssicherung geworden. Erst wissenschaftliche Auswertungen zeigen dem Kunden objektiv die Ver\u00e4nderungen, die ein Training bzw. ein Coaching bewirken. Dadurch ist man als Coach auch nicht mehr nur auf die subjektive Wahrnehmung angewiesen.\"<\/i>\r\n<b><a href=\"https:\/\/biofeedback.co.at\/index.php?id=27\">Anwender, welche ebenfalls \u00fcberlegen Biofeedback in ihr Angebot zu integrieren, k\u00f6nnen hier Informationen anfordern.<\/a><\/b><b><\/b>\r\n\r\n<b>Tipp aus der Praxis\r\n<\/b>Nicht f\u00fcr jeden sind die gleichen Entspannungsmethoden zielf\u00fchrend. Setzen Sie Biofeedback als objektive Methode ein, um herauszufinden, welche Entspannungsmethode am besten zur Person passt. Nutzen Sie Musik, Bilder oder Videos, die der Proband selbst mitbringt und integrieren Sie diese in die Biofeedbacksoftware. Pers\u00f6nliche Urlaubsfotos oder das Lieblingslied f\u00f6rdern durch den pers\u00f6nlichen Bezug h\u00e4ufig den Lernerfolg noch zus\u00e4tzlich.\r\n<h2 align=\"left\">Stress-Studien im Biofeedback-Blog<\/h2>\r\n<b>Immense Kosten\r\n<\/b>Am h\u00f6chsten ist der Schaden von \u00fcberm\u00e4\u00dfigem Stress nat\u00fcrlich immer f\u00fcr den Probanden selbst doch auch Unternehmen und die Volkswirtschaft als gesamtes leiden darunter. In unserem Artikel <b><a href=\"https:\/\/biofeedback.co.at\/weniger-stress-geringere-kosten\/\">\u201eWeniger Stress \u2013 geringere Kosten\u201c<\/a><\/b> berichten wir \u00fcber die Kosten von psychischen Erkrankungen f\u00fcr die Volkswirtschaft und welche Rolle Biofeedback in diesem Bereich einnehmen k\u00f6nnte. Mit solchen Ma\u00dfnahmen w\u00e4ren wohl immense Kosteneinsparungen zu realisieren.\r\n\r\n<b>Besonders Betroffene\r\n<\/b>Verschiedenste Bev\u00f6lkerungsgruppen sind regelm\u00e4\u00dfig besonders von Stress betroffen. Unter dem Titel <b><a href=\"https:\/\/biofeedback.co.at\/managementstress-oder-stressmanagement\/\">\u201eManagementstress oder Stressmanagement\u201c<\/a><\/b> berichten wir beispielsweise \u00fcber die extremen Belastungen die auf Top-Managern lasten und berichten \u00fcber eine Studie welche positive Effekte einer Biofeedbackbehandlung auf Stress bei dieser Berufsgruppe zeigen konnte.\r\n\r\nDoch nur nur das Top-Mangement leidet unter Stress, auch Industriearbeiter k\u00f6nnen \u00fcber ihre physische Arbeitsumgebung, sowie \u00fcber monotone T\u00e4tigkeiten mit geringer Kontrolle belastet sein. In <b><a href=\"https:\/\/biofeedback.co.at\/stress-bei-industriearbeitern\/\">\u201eStress bei Industriearbeitern\u201c<\/a><\/b> besch\u00e4ftigen wir uns mit einem Unternehmen welches gegen diesen Stress mit Biofeedback anging und nach bereits 5 Wochen geringere Werte f\u00fcr Depression, Angst und Stress feststellen konnte.\r\n\r\nIm Artikel <b><a href=\"https:\/\/biofeedback.co.at\/der-gestresste-student\/\">\u201eDer gestresste Student\u201c<\/a><\/b> berichten wir \u00fcber die ernsten Konsequenzen von Stress bei Studenten. Diese stehen ja aufgrund der neuartigen Situation im Studium oft besonders unter Druck. Die Studie \u00fcber die im Artikel berichtet wird, bezieht Biofeedback und die progressive Muskelentspannung in die Behandlung ein und stellt fest, dass diese Methoden bei Studentenstress sehr wirksam sind.\r\n\r\n<b>Die perfekte Synthese\r\n<\/b>Auf Techniken wie die eben gennante \u201eProgressive Muskelrelaxation\u201c haben wir uns auch im Artikel <b><a href=\"https:\/\/biofeedback.co.at\/biofeedback-und-bekannte-entspannungstechniken\/\">\u201eBiofeedback und bekannte Entspannungstechniken\u201c<\/a><\/b> bezogen. Dort stellen wir fest, dass diese Methoden sich nicht gegenseit ausschlie\u00dfen. Vielmehr arbeiten Sie durch die sichtbare R\u00fcckmeldung des Erfolgs von Entspannungstechniken mit Biofeedback und die daraus folgenden Vorteile ideal zusammen.\r\n\r\n<b>Allt\u00e4glicher Stress\r\n<\/b>Doch nicht nur extremer chronischer Stress stellt eine Belastung und eine Gefahr dar. Auch die sogennanten \u201edaily hassles\u201c (t\u00e4gliche \u00c4rgerlichkeiten) wirken sich negativ auf unsere Gesundheit aus. Im Bericht <b><a href=\"https:\/\/biofeedback.co.at\/taeglicher-stress\/\">\u201eT\u00e4glicher Stress\u201c<\/a><\/b> besch\u00e4ftigen wir uns mit dieser Art von Stress und berichten \u00fcber eine Studie die die positiven Auswirkungen von Biofeedback auf diesen Stress auf unterschiedlichen Ebenen (MRI, psychologische Tests und Cortisollevel) darstellt.\r\n\r\n<b>Quellen:<\/b>\r\n<i>1 <\/i>Haus, K., Held, C., Kowalski, A., Krombholz, A., Nowak, M., Schneider, E., Strau\u00df, G. &amp; Wiedemann, M. (2016). Praxisbuch Biofeedback und Neurofeedback. In <i>Springer eBooks<\/i>.<a href=\"https:\/\/doi.org\/10.1007\/978-3-662-47748-9\" target=\"_blank\" rel=\"noopener\"> <span class=\"url\">https:\/\/doi.org\/10.1007\/978-3-662-47748-9<\/span><\/a>\r\n\r\n<i>2 \u00a0<\/i>Diener H.-C., Fo\u0308rderreuther S, Kropp P. et al., Therapie der Migra\u0308neattacke und Prophylaxeder Migra\u0308ne, S1-Leitlinie,2022, DGNundDMKG, in:DeutscheGesellschaftfu\u0308rNeurologie(Hrsg.), <a href=\"https:\/\/register.awmf.org\/assets\/guidelines\/030-057l_S1_Therapie-der-Migraeneattacke-Prophylaxe-der-Migraene_2024-06.pdf\" target=\"_blank\" rel=\"nofollow noopener\">Leitlinien fu\u0308r Diagnostik und Therapie in der Neurologie.\u00a0<\/a>\r\n\r\n<i>3 Cott, A., Parkinson, W., Fabich, M., B\u00e9dard, M., &amp; Marlin, R. (1992). Long-term efficacy of combined relaxation: biofeedback treatments for chronic headache. Pain, 51(1), 49-56.<\/i>\r\n\r\n<i>4 Bruns, T., &amp; Praun, N. (2002). Biofeedback: ein Handbuch f\u00fcr die therapeutische Praxis; mit 15 Tabellen. Vandenhoeck &amp; Ruprecht.<\/i>","_et_gb_content_width":"","footnotes":""},"class_list":["post-3022","page","type-page","status-publish","hentry"],"_links":{"self":[{"href":"https:\/\/biofeedback.co.at\/en\/wp-json\/wp\/v2\/pages\/3022","targetHints":{"allow":["GET"]}}],"collection":[{"href":"https:\/\/biofeedback.co.at\/en\/wp-json\/wp\/v2\/pages"}],"about":[{"href":"https:\/\/biofeedback.co.at\/en\/wp-json\/wp\/v2\/types\/page"}],"author":[{"embeddable":true,"href":"https:\/\/biofeedback.co.at\/en\/wp-json\/wp\/v2\/users\/4"}],"replies":[{"embeddable":true,"href":"https:\/\/biofeedback.co.at\/en\/wp-json\/wp\/v2\/comments?post=3022"}],"version-history":[{"count":4,"href":"https:\/\/biofeedback.co.at\/en\/wp-json\/wp\/v2\/pages\/3022\/revisions"}],"predecessor-version":[{"id":258626,"href":"https:\/\/biofeedback.co.at\/en\/wp-json\/wp\/v2\/pages\/3022\/revisions\/258626"}],"up":[{"embeddable":true,"href":"https:\/\/biofeedback.co.at\/en\/wp-json\/wp\/v2\/pages\/2559"}],"wp:attachment":[{"href":"https:\/\/biofeedback.co.at\/en\/wp-json\/wp\/v2\/media?parent=3022"}],"curies":[{"name":"wp","href":"https:\/\/api.w.org\/{rel}","templated":true}]}}