{"id":3053,"date":"2015-05-25T10:42:52","date_gmt":"2015-05-25T08:42:52","guid":{"rendered":""},"modified":"2024-08-14T18:38:36","modified_gmt":"2024-08-14T16:38:36","slug":"biofeedback-blog","status":"publish","type":"page","link":"https:\/\/biofeedback.co.at\/en\/biofeedback-blog\/","title":{"rendered":"Biofeedback-Blog"},"content":{"rendered":"<p>[et_pb_section fb_built=&#8220;1&#8243; _builder_version=&#8220;4.23.1&#8243; background_color=&#8220;#004363&#8243; global_colors_info=&#8220;{}&#8220;][et_pb_row _builder_version=&#8220;4.16&#8243; global_colors_info=&#8220;{}&#8220;][et_pb_column type=&#8220;4_4&#8243; _builder_version=&#8220;4.16&#8243; custom_padding=&#8220;|||&#8220; global_colors_info=&#8220;{}&#8220; custom_padding__hover=&#8220;|||&#8220;][et_pb_text _builder_version=&#8220;4.25.1&#8243; text_text_color=&#8220;#FFFFFF&#8220; header_text_color=&#8220;#FFFFFF&#8220; global_colors_info=&#8220;{}&#8220;]<\/p>\n<h1>Der Biofeedback-Blog<\/h1>\n<p>Willkommen auf dem Biofeedback-Blog von Insight Instruments! Hier finden Sie umfassende Informationen rund um die Bereiche <a href=\"https:\/\/biofeedback.co.at\/was-ist-biofeedback\/\" target=\"_blank\" rel=\"noopener\">Biofeedback<\/a> und <a href=\"https:\/\/biofeedback.co.at\/was-ist-biofeedback\/was-ist-neurofeedback\/\" target=\"_blank\" rel=\"noopener\">Neurofeedback<\/a>. Unsere Beitr\u00e4ge bieten Einblicke in Therapiemethoden, <a href=\"https:\/\/biofeedback.co.at\/was-ist-biofeedback\/anwendungsgebiete\/\" target=\"_blank\" rel=\"noopener\">Anwendungsgebiete<\/a>, neueste Forschungsergebnisse und die Verwendung modernster Ger\u00e4te. Egal, ob Sie sich als Laie informieren oder als Fachperson weiterbilden m\u00f6chten \u2013 unser Blog ist die ideale Quelle f\u00fcr Wissen und Neuigkeiten aus der Welt des Biofeedbacks.<\/p>\n<p>[\/et_pb_text][\/et_pb_column][\/et_pb_row][\/et_pb_section][et_pb_section fb_built=&#8220;1&#8243; _builder_version=&#8220;4.23.1&#8243; _module_preset=&#8220;default&#8220; locked=&#8220;off&#8220; global_colors_info=&#8220;{}&#8220;][et_pb_row column_structure=&#8220;2_3,1_3&#8243; _builder_version=&#8220;4.23.1&#8243; _module_preset=&#8220;default&#8220; width_phone=&#8220;90%&#8220; global_colors_info=&#8220;{}&#8220;][et_pb_column type=&#8220;2_3&#8243; _builder_version=&#8220;4.23.1&#8243; _module_preset=&#8220;default&#8220; global_colors_info=&#8220;{}&#8220;][et_pb_blog fullwidth=&#8220;off&#8220; posts_number=&#8220;8&#8243; include_categories=&#8220;all&#8220; meta_date=&#8220;j. F Y&#8220; use_manual_excerpt=&#8220;off&#8220; excerpt_length=&#8220;150&#8243; show_more=&#8220;on&#8220; show_author=&#8220;off&#8220; show_date=&#8220;off&#8220; show_categories=&#8220;off&#8220; _builder_version=&#8220;4.25.1&#8243; _module_preset=&#8220;default&#8220; header_font=&#8220;|700|||||||&#8220; header_text_color=&#8220;#004363&#8243; body_font=&#8220;|300|||||||&#8220; body_text_color=&#8220;#004363&#8243; meta_font=&#8220;||||||||&#8220; meta_text_color=&#8220;#000000&#8243; meta_font_size=&#8220;14px&#8220; read_more_font=&#8220;|600|||||||&#8220; read_more_text_color=&#8220;#FFA85B&#8220; global_colors_info=&#8220;{}&#8220;][\/et_pb_blog][\/et_pb_column][et_pb_column type=&#8220;1_3&#8243; _builder_version=&#8220;4.23.1&#8243; _module_preset=&#8220;default&#8220; background_color=&#8220;#f7f7f7&#8243; custom_padding=&#8220;20px|15px|20px|15px|true|true&#8220; border_radii=&#8220;on|5px|5px|5px|5px&#8220; global_colors_info=&#8220;{}&#8220;][et_pb_text _builder_version=&#8220;4.25.1&#8243; _module_preset=&#8220;default&#8220; custom_margin=&#8220;||20px||false|false&#8220; custom_padding=&#8220;||||false|false&#8220; border_width_bottom=&#8220;1px&#8220; border_color_bottom=&#8220;#FFA85B&#8220; border_color_left=&#8220;#FFA85B&#8220; global_colors_info=&#8220;{}&#8220;]<\/p>\n<h4>Kategorien<\/h4>\n<p>[\/et_pb_text][et_pb_sidebar area=&#8220;et_pb_widget_area_2&#8243; show_border=&#8220;off&#8220; _builder_version=&#8220;4.23.1&#8243; _module_preset=&#8220;default&#8220; header_text_color=&#8220;#004363&#8243; body_font=&#8220;|300|||||||&#8220; body_text_color=&#8220;#004363&#8243; custom_margin=&#8220;||||false|false&#8220; custom_css_free_form=&#8220;.selector .widgettitle {||  display: none;||}||#categories-2{||  margin-bottom:20px!important;||}||.cat-item-1{display:none;}&#8220; global_colors_info=&#8220;{}&#8220;][\/et_pb_sidebar][et_pb_text _builder_version=&#8220;4.25.1&#8243; _module_preset=&#8220;default&#8220; custom_margin=&#8220;||20px||false|false&#8220; custom_padding=&#8220;||||false|false&#8220; border_width_bottom=&#8220;1px&#8220; border_color_bottom=&#8220;#FFA85B&#8220; border_color_left=&#8220;#FFA85B&#8220; global_colors_info=&#8220;{}&#8220;]<\/p>\n<h4>Schlagw\u00f6rter<\/h4>\n<p>[\/et_pb_text][et_pb_sidebar area=&#8220;et_pb_widget_area_4&#8243; show_border=&#8220;off&#8220; _builder_version=&#8220;4.25.1&#8243; _module_preset=&#8220;default&#8220; header_text_color=&#8220;#004363&#8243; body_font=&#8220;|300|||||||&#8220; body_text_color=&#8220;#004363&#8243; custom_margin=&#8220;||||false|false&#8220; custom_css_free_form=&#8220;.selector .widgettitle {||  display: none;||}||#archives-2.et_pb_widget.widget_catgories {margin-bottom:20px!important;}&#8220; global_colors_info=&#8220;{}&#8220;][\/et_pb_sidebar][et_pb_text _builder_version=&#8220;4.25.1&#8243; _module_preset=&#8220;default&#8220; custom_margin=&#8220;||20px||false|false&#8220; custom_padding=&#8220;||||false|false&#8220; border_width_bottom=&#8220;1px&#8220; border_color_bottom=&#8220;#FFA85B&#8220; border_color_left=&#8220;#FFA85B&#8220; global_colors_info=&#8220;{}&#8220;]<\/p>\n<h4>Archiv<\/h4>\n<p>[\/et_pb_text][et_pb_sidebar area=&#8220;et_pb_widget_area_3&#8243; show_border=&#8220;off&#8220; _builder_version=&#8220;4.23.1&#8243; _module_preset=&#8220;default&#8220; header_text_color=&#8220;#004363&#8243; body_font=&#8220;|300|||||||&#8220; body_text_color=&#8220;#004363&#8243; custom_css_free_form=&#8220;.selector .widgettitle {||  display: none;||}&#8220; global_colors_info=&#8220;{}&#8220;][\/et_pb_sidebar][et_pb_sidebar _builder_version=&#8220;4.25.1&#8243; _module_preset=&#8220;default&#8220; global_colors_info=&#8220;{}&#8220;][\/et_pb_sidebar][\/et_pb_column][\/et_pb_row][\/et_pb_section]<\/p>\n","protected":false},"excerpt":{"rendered":"<p>Der Biofeedback-Blog Willkommen auf dem Biofeedback-Blog von Insight Instruments! Hier finden Sie umfassende Informationen rund um die Bereiche Biofeedback und Neurofeedback. Unsere Beitr\u00e4ge bieten Einblicke in Therapiemethoden, Anwendungsgebiete, neueste Forschungsergebnisse und die Verwendung modernster Ger\u00e4te. Egal, ob Sie sich als Laie informieren oder als Fachperson weiterbilden m\u00f6chten \u2013 unser Blog ist die ideale Quelle f\u00fcr [&hellip;]<\/p>\n","protected":false},"author":4,"featured_media":3054,"parent":0,"menu_order":0,"comment_status":"open","ping_status":"closed","template":"","meta":{"_et_pb_use_builder":"on","_et_pb_old_content":"<h1 align=\"left\">Der Biofeedback-Blog: News und Artikel<\/h1><div>Im unternehmenseigenen <b>Biofeedback-Blog<\/b> finden Sie unsere Artikel zum Thema Biofeedback und Neurofeedback. Von Forschungsergebnissen, \u00fcber Tipps aus der Praxis bis hin zu Multimedia-Material (f\u00fcr Kunden auch f\u00fcr das Marketing verwendbar) finden Sie hier alles, was das Biofeedback-Herz begehrt!<br \/>Um immer auf dem neuesten Stand zu bleiben empfehlen wir Ihnen unseren <b><a href=\"https:\/\/biofeedback.co.at\/index.php?id=327\">Newsletter<\/a><\/b> zu abonnieren!<br \/>Auch eine Suche in unser umfangreiches Archiv zahlt sich aus. Nutzen Sie hierf\u00fcr einfach unsere Stichwortsuche!<\/div><h1 align=\"left\">(copy 1)<\/h1><div><div class=\"news-search\"><form action=\"index.php?id=405\" method=\"post\"><div class=\"csc-header csc-header-n2\">\u00a0<\/div><p><input name=\"tx_wfqbe_pi1[key]\" type=\"text\" placeholder=\"news search\" \/><br \/><input src=\"fileadmin\/templates\/Theme2015\/images\/search.png\" type=\"image\" \/><\/p><div style=\"clear: both;\">\u00a0<\/div><\/form><\/div><\/div><div style=\"display: none;\"><iframe src=\"https:\/\/www.youtube.com\/embed\/zVIBVIi8PHk\" width=\"560\" height=\"315\" frameborder=\"0\" allowfullscreen=\"allowfullscreen\"><\/iframe><\/div><div style=\"display: none;\"><header><h2>Der Biofeedback Newsletter<\/h2><\/header><p><!-- Begin MailChimp Signup Form --><\/p><style type=\"text\/css\">\r\n\t#mc_embed_signup{background:#fff; clear:left; font:14px Helvetica,Arial,sans-serif; }<br \/>\t\/* Add your own MailChimp form style overrides in your site stylesheet or in this style block.<br \/>\t   We recommend moving this block and the preceding CSS link to the HEAD of your HTML file. *\/<br \/><\/style><div id=\"mc_embed_signup\"><form id=\"mc-embedded-subscribe-form\" class=\"validate\" action=\"\/\/biofeedback.us5.list-manage.com\/subscribe\/post?u=70b510a74a31186db1884cc05&id=d11f43268c\" method=\"post\" name=\"mc-embedded-subscribe-form\" novalidate=\"\" target=\"_blank\"><div id=\"mc_embed_signup_scroll\"><label for=\"mce-EMAIL\">Melden Sie sich f\u00fcr unseren Newsletter an<\/label><br \/><input id=\"mce-EMAIL\" class=\"email\" name=\"EMAIL\" required=\"\" type=\"email\" value=\"\" placeholder=\"Email\" \/><br \/><!-- real people should not fill this in and expect good things - do not remove this or risk form bot signups--><div style=\"position: absolute; left: -5000px;\"><input tabindex=\"-1\" name=\"b_70b510a74a31186db1884cc05_d11f43268c\" type=\"text\" value=\"\" \/><\/div><div class=\"clear\"><input id=\"mc-embedded-subscribe\" class=\"button\" name=\"subscribe\" type=\"submit\" value=\"Anmelden\" \/><\/div><\/div><\/form><\/div><p><!--End mc_embed_signup--><\/p><header><h3>Unsere letzten Newsletter<\/h3><\/header><style type=\"text\/css\">\r\n<!-- .display_archive {font-family: arial,verdana; font-size: 12px;} .campaign {line-height: 125%; margin: 5px;} \/\/--><br \/><\/style><p><script language=\"javascript\" src=\"http:\/\/us5.campaign-archive1.com\/generate-js\/?u=70b510a74a31186db1884cc05&fid=1&show=10\" type=\"text\/javascript\"><\/script><\/p><\/div><div><img src=\"https:\/\/biofeedback.co.at\/wp-content\/uploads\/2019\/04\/internal_link.gif\" alt=\"Opens internal link in current window\" \/>sdsdsdsdsd<\/div>","_et_gb_content_width":"","footnotes":""},"class_list":["post-3053","page","type-page","status-publish","has-post-thumbnail","hentry"],"_links":{"self":[{"href":"https:\/\/biofeedback.co.at\/en\/wp-json\/wp\/v2\/pages\/3053","targetHints":{"allow":["GET"]}}],"collection":[{"href":"https:\/\/biofeedback.co.at\/en\/wp-json\/wp\/v2\/pages"}],"about":[{"href":"https:\/\/biofeedback.co.at\/en\/wp-json\/wp\/v2\/types\/page"}],"author":[{"embeddable":true,"href":"https:\/\/biofeedback.co.at\/en\/wp-json\/wp\/v2\/users\/4"}],"replies":[{"embeddable":true,"href":"https:\/\/biofeedback.co.at\/en\/wp-json\/wp\/v2\/comments?post=3053"}],"version-history":[{"count":5,"href":"https:\/\/biofeedback.co.at\/en\/wp-json\/wp\/v2\/pages\/3053\/revisions"}],"predecessor-version":[{"id":258400,"href":"https:\/\/biofeedback.co.at\/en\/wp-json\/wp\/v2\/pages\/3053\/revisions\/258400"}],"wp:featuredmedia":[{"embeddable":true,"href":"https:\/\/biofeedback.co.at\/en\/wp-json\/wp\/v2\/media\/3054"}],"wp:attachment":[{"href":"https:\/\/biofeedback.co.at\/en\/wp-json\/wp\/v2\/media?parent=3053"}],"curies":[{"name":"wp","href":"https:\/\/api.w.org\/{rel}","templated":true}]}}