{"id":5587,"date":"2019-12-06T11:47:18","date_gmt":"2019-12-06T10:47:18","guid":{"rendered":"https:\/\/biofeedback.co.at\/?page_id=5587"},"modified":"2025-09-05T08:59:09","modified_gmt":"2025-09-05T06:59:09","slug":"garantiebestimmungen","status":"publish","type":"page","link":"https:\/\/biofeedback.co.at\/en\/garantiebestimmungen\/","title":{"rendered":"Garantiebestimmungen"},"content":{"rendered":"<p>[et_pb_section fb_built=&#8220;1&#8243; _builder_version=&#8220;4.24.0&#8243; _module_preset=&#8220;default&#8220; background_color=&#8220;#004363&#8243; locked=&#8220;off&#8220; global_colors_info=&#8220;{}&#8220;][et_pb_row _builder_version=&#8220;4.24.0&#8243; _module_preset=&#8220;default&#8220; global_colors_info=&#8220;{}&#8220;][et_pb_column type=&#8220;4_4&#8243; _builder_version=&#8220;4.24.0&#8243; _module_preset=&#8220;default&#8220; global_colors_info=&#8220;{}&#8220;][et_pb_text _builder_version=&#8220;4.24.0&#8243; _module_preset=&#8220;default&#8220; header_text_color=&#8220;#FFFFFF&#8220; global_colors_info=&#8220;{}&#8220;]<\/p>\n<h1>Garantiebestimmungen<\/h1>\n<p>[\/et_pb_text][\/et_pb_column][\/et_pb_row][\/et_pb_section][et_pb_section fb_built=&#8220;1&#8243; _builder_version=&#8220;4.24.0&#8243; _module_preset=&#8220;default&#8220; global_colors_info=&#8220;{}&#8220;][et_pb_row _builder_version=&#8220;4.24.0&#8243; _module_preset=&#8220;default&#8220; global_colors_info=&#8220;{}&#8220;][et_pb_column type=&#8220;4_4&#8243; _builder_version=&#8220;4.24.0&#8243; _module_preset=&#8220;default&#8220; global_colors_info=&#8220;{}&#8220;][et_pb_text _builder_version=&#8220;4.24.0&#8243; _module_preset=&#8220;default&#8220; text_font_size=&#8220;17px&#8220; ul_font_size=&#8220;17px&#8220; global_colors_info=&#8220;{}&#8220;]<\/p>\n<h2>Garantie f\u00fcr das Neuromaster-System von INSIGHT INSTRUMENTS<\/h2>\n<p>Das Neuromaster-System von Insight Instruments zeichnet sich durch h\u00f6chste Verarbeitungs- und Entwicklungsqualit\u00e4t aus. Damit Sie die Sicherheit haben Ihr System auch lange im Einsatz zu haben, geben wir Ihnen eine 3-j\u00e4hrige Garantie auf diese Qualit\u00e4t und die verwendeten Materialien.<\/p>\n<p><strong>Garantie (2021): 3 Jahre auf Neuromaster-Ger\u00e4t ; 1 Jahr f\u00fcr Sensoren (Neuromodule) und andere Produkte.<\/strong><\/p>\n<p>Als Kunde haben Sie auch eine gesetzliche Gew\u00e4hrleistung auf das System, diese wird durch die Garantie nicht eingeschr\u00e4nkt, die Garantie r\u00e4umt zus\u00e4tzliche Rechte ein.<\/p>\n<p><strong>Die Garantie unterliegt den folgenden Bedingungen.<\/strong><\/p>\n<p>1. Wir haften daf\u00fcr, dass das System zum Zeitpunkt der Herstellung die in unseren Produktbeschreibungen aufgef\u00fchrten Eigenschaften aufweist. Ein Mangel liegt nur dann vor, wenn der Wert oder die Gebrauchstauglichkeit des Systems erheblich gemindert ist.<\/p>\n<p>2. Diese Garantie wird kostenlos gew\u00e4hrt durch:<\/p>\n<p>INSIGHT INSTRUMENTS<\/p>\n<p>Steglandweg 5<\/p>\n<p>5400 \u2013 Hallein<\/p>\n<p>\u00d6sterreich<\/p>\n<p>3. Die Garantie gilt f\u00fcr alle Neuromaster-Systeme, welche nach dem 01.10.2018 erworben wurden. Die Dauer betr\u00e4gt 3 Jahre ab Kaufdatum. Voraussetzung ist ein Kauf von Insight Instruments in Deutschland, \u00d6sterreich oder der Schweiz.<\/p>\n<p>4. Das System f\u00e4llt nur dann unter die Garantie wenn es bei Auftreten des Mangels in Deutschland \u00d6sterreich oder der Schweiz betrieben wird und die Garantieleistungen dort erbracht werden k\u00f6nnen. Sie ist nicht g\u00fcltig f\u00fcr Produkte, die au\u00dferhalb von Deutschland, \u00d6sterreich oder der Schweiz erworben wurden.<\/p>\n<p>5. M\u00e4ngel m\u00fcssen uns innerhalb von einem (1) Monat nach Kenntnis angezeigt werden.<\/p>\n<p>6. Die Garantie ist nicht \u00fcbertragbar, die Person des K\u00e4ufers und der Besitzers bei dem der Mangel auftrifft m\u00fcssen ident sein. \u00dcbernommene Gebrauchtger\u00e4te fallen nicht unter die Garantie.<\/p>\n<p>7. Bei der Anmeldung von Garantieanspr\u00fcchen m\u00fcssen Sie als Kunde Insight Instruments die Rechnungsnummer sowie eine deutliche Beschreibung des Mangels vorlegen.<\/p>\n<p>8. Wir werden das Produkt durch das eigene technische Personal pr\u00fcfen. Dazu wird das System an uns versandt. Der Kunde ist nicht dazu berechtigt, das Produkt durch einen, von INSIGHT INSTRUMENTS nicht autorisierten, Dritten reparieren zu lassen. F\u00fcr diesen Fall bestehen keine weiteren Garantieanspr\u00fcche.<\/p>\n<p>9. INSIGHT INSTRUMENTS wird beliebige Komponenten nach eigener Ma\u00dfgabe reparieren oder ersetzen. INSIGHT INSTRUMENTS kann nach eigenem Ererfassen entscheiden, das System durch ein \u00e4hnliches Modell mit einem \u00e4hnlichen Alter und Zustand zu ersetzen. Garantieleistungen bewirken weder eine Verl\u00e4ngerung noch einen Neubeginn der Garantiezeit; ausgewechselte Teile gehen in das Eigentum von INSIGHT INSTRUMENTS \u00fcber \u00fcber. Weitere Anspr\u00fcche sind ausgeschlossen.<\/p>\n<p>10.Die dreij\u00e4hrige Garantie gilt nicht in folgenden F\u00e4llen:<\/p>\n<ul>\n<li>Bei Sch\u00e4den am Geh\u00e4use infolge einer Ver\u00e4nderung der Luftfeuchtigkeit, Temperatur, Sonneneinstrahlung, Feuchtigkeit, Brand oder sonstiger mechanischer Einfl\u00fcsse, die durch Nutzung des Ger\u00e4tes au\u00dferhalb der vorgegebenen Spezifikationen entstanden sind.<\/li>\n<li>Bei Sch\u00e4den, die durch Blitzschlag, Wasser, Feuer, h\u00f6here Gewalt, Krieg, falsche Netzspannung, Unfall, Missbrauch, unsachgem\u00e4\u00dfe Verwendung oder andere von INSIGHT INSTRUMENTS nicht zu verantwortende Gr\u00fcnde entstanden sind.<\/li>\n<li>Bei Sch\u00e4den infolge von Besch\u00e4digung, Korrosion oder Rostbefall von Komponenten, die durch Luftfeuchtigkeit, Temperatur oder Feuchtigkeit verursacht wurden, insbesondere Fl\u00fcssigkeiten oder Salze und S\u00e4uren aus K\u00f6rperausd\u00fcnstungen.<\/li>\n<li>Bei Verschlei\u00df aufgrund nat\u00fcrlicher Abnutzung durch die Nutzung. Ebenso bei Beeintr\u00e4chtigung durch Feuchtigkeit, Fl\u00fcssigkeiten oder Salze und S\u00e4uren aus K\u00f6rperausd\u00fcnstungen.<\/li>\n<li>Bei Kabelbruch in den Sensorkabeln<\/li>\n<li>F\u00fcr USB-Kabel<\/li>\n<li>Bei zweckentfremdeter Verwendung des Ger\u00e4tes sowie falscher Installation bzw. bei falschem unsachgem\u00e4\u00dfem Betrieb oder Betrieb mit anderen Ger\u00e4ten.<\/li>\n<li>Bei Sch\u00e4den, die durch einen Fremdeingriff (\u00d6ffnung, Modifikation oder Reparatur) entstehen, der nicht durch einen autorisierten Vertreter von INSIGHT INSTRUMENTS durchgef\u00fchrt wurde.<\/li>\n<li>Bei Sch\u00e4den, die nachweislich durch nicht originale Verbrauchs- oder Verschlei\u00dfmaterialien entstanden sind.<\/li>\n<li>F\u00fcr Transport- und Fahrtkosten sowie durch Auf- und Abbau entstandene Kosten.<\/li>\n<\/ul>\n<p>[\/et_pb_text][\/et_pb_column][\/et_pb_row][\/et_pb_section]<\/p>\n","protected":false},"excerpt":{"rendered":"<p>GarantiebestimmungenGarantie f\u00fcr das Neuromaster-System von INSIGHT INSTRUMENTS Das Neuromaster-System von Insight Instruments zeichnet sich durch h\u00f6chste Verarbeitungs- und Entwicklungsqualit\u00e4t aus. Damit Sie die Sicherheit haben Ihr System auch lange im Einsatz zu haben, geben wir Ihnen eine 3-j\u00e4hrige Garantie auf diese Qualit\u00e4t und die verwendeten Materialien. Garantie (2021): 3 Jahre auf Neuromaster-Ger\u00e4t ; 1 Jahr [&hellip;]<\/p>\n","protected":false},"author":4,"featured_media":0,"parent":0,"menu_order":0,"comment_status":"closed","ping_status":"closed","template":"","meta":{"_et_pb_use_builder":"on","_et_pb_old_content":"<div class=\"csc-header csc-header-n2\"><h1 class=\"csc-header-n2\">Garantie f\u00fcr das Neuromaster-System von INSIGHT INSTRUMENTS<\/h1><p>Das Neuromaster-System von Insight Instruments zeichnet sich durch h\u00f6chste Verarbeitungs- und Entwicklungsqualit\u00e4t aus. Damit Sie die Sicherheit haben Ihr System auch lange im Einsatz zu haben, geben wir Ihnen eine 3-j\u00e4hrige Garantie auf diese Qualit\u00e4t und die verwendeten Materialien.<\/p><p>Garantie (2021): 3 Jahre auf Neuromaster-Ger\u00e4t ; 1 Jahr f\u00fcr Sensoren (Neuromodule) und andere Produkte.<\/p><p>Als Kunde haben Sie auch eine gesetzliche Gew\u00e4hrleistung auf das System, diese wird durch die Garantie nicht eingeschr\u00e4nkt, die Garantie r\u00e4umt zus\u00e4tzliche Rechte ein.<\/p><p>Die Garantie unterliegt den folgenden Bedingungen.<\/p><p>1. Wir haften daf\u00fcr, dass das System zum Zeitpunkt der Herstellung die in unsereren Produktbeschreibungen aufgef\u00fchrten Eigenschaften aufweist. Ein Mangel liegt nur dann vor wenn der Wert oder die Gebrauchstauglichkeit des Systems erheblich gemindert ist.<\/p><p>2. Diese Garantie wird kostenlos gew\u00e4hrt durch:<\/p><p>INSIGHT INSTRUMENTS<\/p><p>Steglandweg 5<\/p><p>5400 \u2013 Hallein<\/p><p>\u00d6sterreich<\/p><p>3. Die Garantie gilt f\u00fcr alle Neuromaster-Systeme, welche nach dem 01.10.2018 erworben wurden. Die Dauer betr\u00e4gt 3 Jahre ab Kaufdatum. Voraussetzung ist ein Kauf von Insight Instruments in Deutschland, \u00d6sterreich oder der Schweiz.<\/p><p>4. Das System f\u00e4llt nur dann unter die Garantie wenn es bei Auftreten des Mangels in Deutschland \u00d6sterreich oder der Schweiz betrieben wird und die Garantieleistungen dort erbracht werden k\u00f6nnen. Sie ist nicht g\u00fcltig f\u00fcr Produkte, die au\u00dferhalb von Deutschland, \u00d6sterreich oder der Schweiz erworben wurden.<\/p><p>5. M\u00e4ngel m\u00fcssen uns innerhalb von einem (1) Monat nach Kenntnis angezeigt werden.<\/p><p>6. Die Garantie ist nicht \u00fcbertragbar, die Person des K\u00e4ufers und der Besitzers bei dem der Mangel auftrifft m\u00fcssen ident sein. \u00dcbernommene Gebrauchtger\u00e4te fallen nicht unter die Garantie.<\/p><p>7. Bei der Anmeldung von Garantieanspr\u00fcchen m\u00fcssen Sie als Kunde Insight Instruments die Rechnungsnummer sowie eine deutliche Beschreibung des Mangels vorlegen.<\/p><p>8. Wir werden das Produkt durch das eigene technische Personal pr\u00fcfen. Dazu wird das System an uns versandt. Der Kunde ist nicht dazu berechtigt, das Produkt durch einen, von INSIGHT INSTRUMENTS nicht autorisierten, Dritten reparieren zu lassen. F\u00fcr diesen Fall bestehen keine weiteren Garantieanspr\u00fcche.<\/p><p>9. INSIGHT INSTRUMENTS wird beliebige Komponenten nach eigener Ma\u00dfgabe reparieren oder ersetzen. INSIGHT INSTRUMENTS kann nach eigenem Ererfassen entscheiden, das System durch ein \u00e4hnliches Modell mit einem \u00e4hnlichen Alter und Zustand zu ersetzen. Garantieleistungen bewirken weder eine Verl\u00e4ngerung noch einen Neubeginn der Garantiezeit; ausgewechselte Teile gehen in das Eigentum von INSIGHT INSTRUMENTS \u00fcber \u00fcber. Weitere Anspr\u00fcche sind ausgeschlossen.<\/p><p>10.Die dreij\u00e4hrige Garantie gilt nicht in folgenden F\u00e4llen:<\/p><p>Bei Sch\u00e4den am Geh\u00e4use infolge einer Ver\u00e4nderung der Luftfeuchtigkeit, Temperatur Sonneneinstrahlung, Feuchtigkeit, Brand oder sonstiger mechanischer Einfl\u00fcsse, die durch Nutzung des Ger\u00e4tes au\u00dferhalb der vorgegebenen Spezifikationen entstanden sind.<br \/>Bei Sch\u00e4den die durch Blitzschlag, Wasser, Feuer, h\u00f6here Gewalt, Krieg, falsche Netzspannung, Unfall, Missbrauch, unsachgem\u00e4\u00dfe Verwendung oder andere von INSIGHT INSTRUMENTS nicht zu verantwortende Gr\u00fcnde entstanden sind.<br \/>Bei Sch\u00e4den infolge von Besch\u00e4digung, Korrosion oder Rostbefall von Komponenten, die durch Luftfeuchtigkeit, Temperatur oder Feuchtigkeit verursacht wurden, insbesondere Fl\u00fcssigkeiten oder Salze und S\u00e4uren aus K\u00f6rperausd\u00fcnstungen.<br \/>Bei Verschlei\u00df aufgrund nat\u00fcrlicher Abnutzung durch die Nutzung. Ebenso bei Beeintr\u00e4chtigung durch Feuchtigkeit, Fl\u00fcssigkeiten oder Salze und S\u00e4uren aus K\u00f6rperausd\u00fcnstungen.<br \/>Bei Kabelbruch in den Sensorkabeln<br \/>F\u00fcr USB-Kabel<br \/>Bei zweckentfremdeter Verwendung des Ger\u00e4tes sowie falscher Installation bzw. bei falschem unsachgem\u00e4\u00dfem Betrieb oder Betrieb mit anderen Ger\u00e4ten.<br \/>Bei Sch\u00e4den, die durch einen Fremdeingriff (\u00d6ffnung, Modifikation oder Reparatur) entstehen, der nicht durch einen autorisierten Vertreter von INSIGHT INSTRUMENTS durchgef\u00fchrt wurde.<br \/>Bei Sch\u00e4den, die nachweislich durch nicht originale Verbrauchs- oder Verschlei\u00dfmaterialien entstanden sind.<br \/>F\u00fcr Transport- und Fahrtkosten sowie durch Auf- und Abbau entstandene Kosten.<\/p><\/div>","_et_gb_content_width":"","footnotes":""},"class_list":["post-5587","page","type-page","status-publish","hentry"],"_links":{"self":[{"href":"https:\/\/biofeedback.co.at\/en\/wp-json\/wp\/v2\/pages\/5587","targetHints":{"allow":["GET"]}}],"collection":[{"href":"https:\/\/biofeedback.co.at\/en\/wp-json\/wp\/v2\/pages"}],"about":[{"href":"https:\/\/biofeedback.co.at\/en\/wp-json\/wp\/v2\/types\/page"}],"author":[{"embeddable":true,"href":"https:\/\/biofeedback.co.at\/en\/wp-json\/wp\/v2\/users\/4"}],"replies":[{"embeddable":true,"href":"https:\/\/biofeedback.co.at\/en\/wp-json\/wp\/v2\/comments?post=5587"}],"version-history":[{"count":10,"href":"https:\/\/biofeedback.co.at\/en\/wp-json\/wp\/v2\/pages\/5587\/revisions"}],"predecessor-version":[{"id":260665,"href":"https:\/\/biofeedback.co.at\/en\/wp-json\/wp\/v2\/pages\/5587\/revisions\/260665"}],"wp:attachment":[{"href":"https:\/\/biofeedback.co.at\/en\/wp-json\/wp\/v2\/media?parent=5587"}],"curies":[{"name":"wp","href":"https:\/\/api.w.org\/{rel}","templated":true}]}}