{"id":5965,"date":"2020-02-03T16:17:17","date_gmt":"2020-02-03T15:17:17","guid":{"rendered":"https:\/\/biofeedback.co.at\/?page_id=5965"},"modified":"2024-08-14T18:38:21","modified_gmt":"2024-08-14T16:38:21","slug":"anmeldung-zum-newsletter","status":"publish","type":"page","link":"https:\/\/biofeedback.co.at\/en\/anmeldung-zum-newsletter\/","title":{"rendered":"Anmeldung zum Newsletter"},"content":{"rendered":"<p>[et_pb_section fb_built=&#8220;1&#8243; _builder_version=&#8220;4.23.1&#8243; _module_preset=&#8220;default&#8220; background_color=&#8220;#004363&#8243; locked=&#8220;off&#8220; global_colors_info=&#8220;{}&#8220;][et_pb_row _builder_version=&#8220;4.23.1&#8243; _module_preset=&#8220;default&#8220; global_colors_info=&#8220;{}&#8220;][et_pb_column type=&#8220;4_4&#8243; _builder_version=&#8220;4.23.1&#8243; _module_preset=&#8220;default&#8220; global_colors_info=&#8220;{}&#8220;][et_pb_heading title=&#8220;Der Biofeedback-Newsletter&#8220; _builder_version=&#8220;4.24.3&#8243; _module_preset=&#8220;default&#8220; title_font=&#8220;|700|||||||&#8220; title_text_color=&#8220;#FFFFFF&#8220; title_font_size=&#8220;40px&#8220; hover_enabled=&#8220;0&#8243; title_font_size_tablet=&#8220;40px&#8220; title_font_size_phone=&#8220;30px&#8220; title_font_size_last_edited=&#8220;on|phone&#8220; global_colors_info=&#8220;{}&#8220; sticky_enabled=&#8220;0&#8243;][\/et_pb_heading][\/et_pb_column][\/et_pb_row][\/et_pb_section][et_pb_section fb_built=&#8220;1&#8243; _builder_version=&#8220;4.16&#8243; global_colors_info=&#8220;{}&#8220;][et_pb_row column_structure=&#8220;3_5,2_5&#8243; _builder_version=&#8220;4.16&#8243; background_size=&#8220;initial&#8220; background_position=&#8220;top_left&#8220; background_repeat=&#8220;repeat&#8220; global_colors_info=&#8220;{}&#8220;][et_pb_column type=&#8220;3_5&#8243; _builder_version=&#8220;4.16&#8243; custom_padding=&#8220;|||&#8220; global_colors_info=&#8220;{}&#8220; custom_padding__hover=&#8220;|||&#8220;][et_pb_text _builder_version=&#8220;4.25.1&#8243; hover_enabled=&#8220;0&#8243; global_colors_info=&#8220;{}&#8220; sticky_enabled=&#8220;0&#8243;]<\/p>\n<p>Abonnieren Sie unseren Biofeedback-Newsletter und erhalten Sie 2x im Monat alle wichtigen News aus der Welt des Biofeedbacks und Neurofeedbacks. In unserem Newsletter finden Sie:\u00a0<\/p>\n<ul>\n<li>Aktuelle Hinweise zur Gestaltung von Trainingseinheiten\u00a0<\/li>\n<li>Neueste Studien und Forschungsergebnisse<\/li>\n<li>Presseberichte und relevante Zeitungsberichte<\/li>\n<li>Sonderangebote und exklusive Rabatte<\/li>\n<\/ul>\n<p><span style=\"font-size: x-large;\"><strong><br \/>Kostenlos f\u00fcr Sie: <\/strong><\/span><\/p>\n<p><strong>Biofeedback und Neurofeedback in Training und Training<br \/><\/strong>Ein umfassendes Grundlagenwerk f\u00fcr Anwender und Forscher &#8211; <em style=\"font-size: 16px;\">Kropfreiter, Brunner, Stefka &#8211;\u00a0<\/em><em style=\"font-size: 16px;\">ISBN: 978-3-200-05819-4<\/em><\/p>\n<p>im Wert von \u20ac49. Auf \u00fcber 120 Seiten erfahren Sie alles Wichtige zu Biofeedback und Neurofeedback<\/p>\n<p><strong>Webinar: Biofeedback in der Psychologie, Psychotherapie und Medizin<\/strong> der Europ\u00e4schen Biofeedback-Akademie.<\/p>\n<p>1 1\/2 Stunden voller Information, Fragen und Vorf\u00fchrungen im Wert von \u20ac72.<\/p>\n<p><strong>Abmeldung jederzeit m\u00f6glich.<\/strong> Melden Sie sich jetzt an, um nichts zu verpassen!<\/p>\n<p>&nbsp;<\/p>\n<p>[\/et_pb_text][\/et_pb_column][et_pb_column type=&#8220;2_5&#8243; _builder_version=&#8220;4.16&#8243; custom_padding=&#8220;|||&#8220; global_colors_info=&#8220;{}&#8220; custom_padding__hover=&#8220;|||&#8220;][et_pb_text _builder_version=&#8220;4.24.3&#8243; header_2_text_color=&#8220;#ffffff&#8220; background_color=&#8220;#004363&#8243; background_size=&#8220;initial&#8220; background_position=&#8220;top_left&#8220; background_repeat=&#8220;repeat&#8220; custom_padding=&#8220;2em|2em|2em|2em|true|true&#8220; hover_enabled=&#8220;0&#8243; global_colors_info=&#8220;{}&#8220; sticky_enabled=&#8220;0&#8243;]<\/p>\n<h2>Zum Newsletter anmelden<\/h2>\n\n<div class=\"wpcf7 no-js\" id=\"wpcf7-f5964-o1\" lang=\"de-DE\" dir=\"ltr\" data-wpcf7-id=\"5964\">\n<div class=\"screen-reader-response\"><p role=\"status\" aria-live=\"polite\" aria-atomic=\"true\"><\/p> <ul><\/ul><\/div>\n<form action=\"\/en\/wp-json\/wp\/v2\/pages\/5965#wpcf7-f5964-o1\" method=\"post\" class=\"wpcf7-form init\" aria-label=\"Kontaktformular\" novalidate=\"novalidate\" data-status=\"init\">\n<fieldset class=\"hidden-fields-container\"><input type=\"hidden\" name=\"_wpcf7\" value=\"5964\" \/><input type=\"hidden\" name=\"_wpcf7_version\" value=\"6.1.5\" \/><input type=\"hidden\" name=\"_wpcf7_locale\" value=\"de_DE\" \/><input type=\"hidden\" name=\"_wpcf7_unit_tag\" value=\"wpcf7-f5964-o1\" \/><input type=\"hidden\" name=\"_wpcf7_container_post\" value=\"0\" \/><input type=\"hidden\" name=\"_wpcf7_posted_data_hash\" value=\"\" \/><input type=\"hidden\" name=\"_wpcf7cf_hidden_group_fields\" value=\"[]\" \/><input type=\"hidden\" name=\"_wpcf7cf_hidden_groups\" value=\"[]\" \/><input type=\"hidden\" name=\"_wpcf7cf_visible_groups\" value=\"[]\" \/><input type=\"hidden\" name=\"_wpcf7cf_repeaters\" value=\"[]\" \/><input type=\"hidden\" name=\"_wpcf7cf_steps\" value=\"{}\" \/><input type=\"hidden\" name=\"_wpcf7cf_options\" value=\"{&quot;form_id&quot;:5964,&quot;conditions&quot;:[],&quot;settings&quot;:{&quot;animation&quot;:&quot;yes&quot;,&quot;animation_intime&quot;:200,&quot;animation_outtime&quot;:200,&quot;conditions_ui&quot;:&quot;normal&quot;,&quot;notice_dismissed&quot;:false}}\" \/><input type=\"hidden\" name=\"_wpcf7_recaptcha_response\" value=\"\" \/>\n<\/fieldset>\n<p><label> Name (Pflichtfeld)<br \/>\n<span class=\"wpcf7-form-control-wrap\" data-name=\"your-name\"><input size=\"40\" maxlength=\"400\" class=\"wpcf7-form-control wpcf7-text wpcf7-validates-as-required\" aria-required=\"true\" aria-invalid=\"false\" value=\"\" type=\"text\" name=\"your-name\" \/><\/span> <\/label>\n<\/p>\n<p><label>E-Mail-Adresse (Pflichtfeld)<br \/>\n<span class=\"wpcf7-form-control-wrap\" data-name=\"your-email\"><input size=\"40\" maxlength=\"400\" class=\"wpcf7-form-control wpcf7-email wpcf7-validates-as-required wpcf7-text wpcf7-validates-as-email\" aria-required=\"true\" aria-invalid=\"false\" value=\"\" type=\"email\" name=\"your-email\" \/><\/span> <\/label>\n<\/p>\n<div style=\"font-size:10px; line-height:100%;\">\n\t<p>Wir verwenden MailChimp f\u00fcr unsere Aussendungen. Mit dem Klick unten, best\u00e4tigen Sie, dass Ihre Informationen an MailChimp zur Verarbeitung in \u00dcbereinstimmung mit deren <a href=\"https:\/\/mailchimp.com\/legal\/privacy\/\" target=\"_blank\" rel=\"noopener\">Datenschutzrichtlinien <\/a>.und <a href=\"https:\/\/mailchimp.com\/legal\/privacy\/\" target=\"_blank\" rel=\"noopener\">Bedingungen <\/a> weitergegeben werden. Insight Instruments nutzt die Daten um mit Ihnen in Kontakt zu treten und Sie \u00fcber Biofeedback zu informieren. Da E-Mails zeitweise Versandprobleme zeigen, werden die Daten auch bei uns auf dem Server gespeichert. Mit Nutzung des Formulars erkl\u00e4ren Sie sich damit einverstanden. Sie k\u00f6nnen bei uns jederzeit die L\u00f6schung Ihrer Daten beantragen. Weitere Informationen finden Sie in unserer <a href=\"https:\/\/biofeedback-akademie.com\/datenschutzerklaerung\/\" target=\"_blank\" rel=\"noopener\">Datenschutzerkl\u00e4rung<\/a>.\n\t<\/p>\n<\/div>\n<p><span class=\"wpcf7-form-control-wrap\" data-name=\"Datenschutz\"><span class=\"wpcf7-form-control wpcf7-checkbox wpcf7-validates-as-required\"><span class=\"wpcf7-list-item first last\"><label><input type=\"checkbox\" name=\"Datenschutz[]\" value=\"Datenschutzbestimmungen akzeptieren\" \/><span class=\"wpcf7-list-item-label\">Datenschutzbestimmungen akzeptieren<\/span><\/label><\/span><\/span><\/span>\n<\/p>\n<p><input class=\"wpcf7-form-control wpcf7-submit has-spinner\" type=\"submit\" value=\"Anmelden\" \/>\n<\/p><p style=\"display: none !important;\" class=\"akismet-fields-container\" data-prefix=\"_wpcf7_ak_\"><label>&#916;<textarea name=\"_wpcf7_ak_hp_textarea\" cols=\"45\" rows=\"8\" maxlength=\"100\"><\/textarea><\/label><input type=\"hidden\" id=\"ak_js_1\" name=\"_wpcf7_ak_js\" value=\"108\"\/><script type=\"text\/javascript\">\n\/* <![CDATA[ *\/\ndocument.getElementById( \"ak_js_1\" ).setAttribute( \"value\", ( new Date() ).getTime() );\n\/* ]]> *\/\n<\/script>\n<\/p><div class=\"wpcf7-response-output\" aria-hidden=\"true\"><\/div>\n<\/form>\n<\/div>\n\n<p>[\/et_pb_text][\/et_pb_column][\/et_pb_row][et_pb_row _builder_version=&#8220;4.16&#8243; min_height=&#8220;158px&#8220; custom_padding=&#8220;||50px|||&#8220; global_colors_info=&#8220;{}&#8220;][et_pb_column type=&#8220;4_4&#8243; _builder_version=&#8220;4.16&#8243; global_colors_info=&#8220;{}&#8220;][et_pb_text _builder_version=&#8220;4.24.3&#8243; hover_enabled=&#8220;0&#8243; global_colors_info=&#8220;{}&#8220; sticky_enabled=&#8220;0&#8243;]<\/p>\n<h2 style=\"text-align: center;\">Stimmen zum Newsletter<\/h2>\n<p>[\/et_pb_text][\/et_pb_column][\/et_pb_row][et_pb_row column_structure=&#8220;1_3,1_3,1_3&#8243; make_equal=&#8220;on&#8220; _builder_version=&#8220;4.24.3&#8243; _module_preset=&#8220;default&#8220; global_colors_info=&#8220;{}&#8220;][et_pb_column type=&#8220;1_3&#8243; _builder_version=&#8220;4.24.3&#8243; _module_preset=&#8220;default&#8220; background_color=&#8220;rgba(144,249,213,0.21)&#8220; custom_padding=&#8220;2em|2em|2em|2em|true|true&#8220; border_radii=&#8220;on|20px|20px|20px|20px&#8220; global_colors_info=&#8220;{}&#8220;][ba_testimonial name=&#8220;Christine Weiss&#8220; title=&#8220;Familienberatung, Coaching&#8220; use_rating=&#8220;off&#8220; testimonial=&#8220;\u201eIch finde Newsletter oft l\u00e4stig, aber Ihren lese ich gerne, weil er brauchbare Informationen und Neuigkeiten enth\u00e4lt!\u201c&#8220; selected_icon=&#8220;1&#8243; icon_color=&#8220;#FFA85B&#8220; _builder_version=&#8220;4.24.3&#8243; _module_preset=&#8220;default&#8220; name_font=&#8220;|700|||||||&#8220; name_text_color=&#8220;#004363&#8243; title_font=&#8220;||||||||&#8220; title_text_color=&#8220;#004363&#8243; review_font=&#8220;|300|||||||&#8220; review_font_size=&#8220;16px&#8220; hover_enabled=&#8220;0&#8243; global_colors_info=&#8220;{}&#8220; sticky_enabled=&#8220;0&#8243;][\/ba_testimonial][\/et_pb_column][et_pb_column type=&#8220;1_3&#8243; _builder_version=&#8220;4.24.3&#8243; _module_preset=&#8220;default&#8220; background_color=&#8220;rgba(144,249,213,0.21)&#8220; custom_padding=&#8220;2em|2em|2em|2em|true|true&#8220; border_radii=&#8220;on|20px|20px|20px|20px&#8220; global_colors_info=&#8220;{}&#8220;][ba_testimonial name=&#8220;Dr.med. Klaus-J\u00f6rg M\u00fcnzer, MSc&#8220; title=&#8220;Facharzt f\u00fcr An\u00e4sthesiologie, Interdisziplin\u00e4re Schmerzmedizin&#8220; use_rating=&#8220;off&#8220; testimonial=&#8220;\u201eIch lese den Newsletter sehr gern, weil aktuelle Forschungsergebnisse zu den Themen Bio- und Neurofeedback kurz und pr\u00e4gnant dargestellt werden. Hinzu kommt, dass der interessante Fortbildungskalender auf dem neuesten Stand ist und neben Pr\u00e4senz- auch E- Learning- Veranstaltungen beinhaltet.\u201c&#8220; selected_icon=&#8220;1&#8243; icon_color=&#8220;#FFA85B&#8220; _builder_version=&#8220;4.24.3&#8243; _module_preset=&#8220;default&#8220; name_font=&#8220;|700|||||||&#8220; name_text_color=&#8220;#004363&#8243; title_font=&#8220;||||||||&#8220; title_text_color=&#8220;#004363&#8243; review_font=&#8220;|300|||||||&#8220; review_font_size=&#8220;16px&#8220; global_colors_info=&#8220;{}&#8220;][\/ba_testimonial][\/et_pb_column][et_pb_column type=&#8220;1_3&#8243; _builder_version=&#8220;4.24.3&#8243; _module_preset=&#8220;default&#8220; background_color=&#8220;rgba(144,249,213,0.21)&#8220; custom_padding=&#8220;2em|2em|2em|2em|true|true&#8220; border_radii=&#8220;on|20px|20px|20px|20px&#8220; global_colors_info=&#8220;{}&#8220;][ba_testimonial name=&#8220;Anonyme R\u00fcckmeldung&#8220; title=&#8220;Psychotherapeutin&#8220; use_rating=&#8220;off&#8220; testimonial=&#8220;\u201eDer Newsletter informiert \u00fcber aktuelle Biolife-Seminare und Anwendungsm\u00f6glichkeiten von Biofeedback. Zudem gibt er interessante Forschungsergebnisse wieder. So bekommt man ganz nebenbei weitere Anregungen f\u00fcr die vielf\u00e4ltigen Einsatzm\u00f6glichkeiten des Systems.\u201c&#8220; selected_icon=&#8220;1&#8243; icon_color=&#8220;#FFA85B&#8220; _builder_version=&#8220;4.24.3&#8243; _module_preset=&#8220;default&#8220; name_font=&#8220;|700|||||||&#8220; name_text_color=&#8220;#004363&#8243; title_font=&#8220;||||||||&#8220; title_text_color=&#8220;#004363&#8243; review_font=&#8220;|300|||||||&#8220; review_font_size=&#8220;16px&#8220; global_colors_info=&#8220;{}&#8220;][\/ba_testimonial][\/et_pb_column][\/et_pb_row][et_pb_row column_structure=&#8220;3_5,2_5&#8243; _builder_version=&#8220;4.16&#8243; custom_padding=&#8220;||0px|||&#8220; global_colors_info=&#8220;{}&#8220;][et_pb_column type=&#8220;3_5&#8243; _builder_version=&#8220;4.16&#8243; global_colors_info=&#8220;{}&#8220;][et_pb_text _builder_version=&#8220;4.24.3&#8243; hover_enabled=&#8220;0&#8243; global_colors_info=&#8220;{}&#8220; sticky_enabled=&#8220;0&#8243;]<\/p>\n<h2>Buch: Biofeedback und Neurofeedback in Therapie und Training<\/h2>\n<p>Vor Kurzem konnten Insight Instruments und die europ\u00e4ische Biofeedback-Akademie ein Kern- und Herzensprojekt der letzten Jahre zum Abschluss bringen: ein eigenes, leicht zug\u00e4ngliches und \u00fcbersichtliches Buch \u00fcber Biofeedback und Neurofeedback.<\/p>\n<p><strong>Warum dieses Buch?<\/strong><\/p>\n<p>Biofeedback und Neurofeedback werden immer popul\u00e4rer und regelm\u00e4\u00dfig werden neue Anwendungsgebiete und Vorgehensweisen erforscht. Dar\u00fcber freuen wir uns nat\u00fcrlich, doch kann die Menge an Information, welche sich in verschiedensten Quellen (B\u00fccher, Journals, Internet) findet, un\u00fcbersichtlich werden. Ein Grundlagenwerk, welches leicht zug\u00e4nglich ist, war daher die nat\u00fcrliche Konsequenz.<\/p>\n<p>Das Buch eignet sich f\u00fcr Einsteiger, welche einen fundierten \u00dcberblick suchen, aber auch f\u00fcr Fortgeschrittene zum Auffrischen oder Erg\u00e4nzen Ihres Wissens.<\/p>\n<p>Das Buch kostet \u00fcblicherweise \u20ac49 exkl. Mwst., ist aber f\u00fcr Abonnenten des Biofeedback-Newsletters (das sind dann Sie) kostenlos downloadbar. Wir hoffen, Sie haben viel Freude damit und freuen uns \u00fcber Ihr Feedback!<\/p>\n<p>Viel Spa\u00df beim Lesen!<\/p>\n<p>[\/et_pb_text][\/et_pb_column][et_pb_column type=&#8220;2_5&#8243; _builder_version=&#8220;4.16&#8243; global_colors_info=&#8220;{}&#8220;][et_pb_image src=&#8220;https:\/\/biofeedback.co.at\/wp-content\/uploads\/2020\/02\/Biofeedback-Buch.jpg&#8220; title_text=&#8220;Biofeedback-Buch&#8220; _builder_version=&#8220;4.16&#8243; global_colors_info=&#8220;{}&#8220;][\/et_pb_image][\/et_pb_column][\/et_pb_row][\/et_pb_section]<\/p>\n","protected":false},"excerpt":{"rendered":"<p>Abonnieren Sie unseren Biofeedback-Newsletter und erhalten Sie 2x im Monat alle wichtigen News aus der Welt des Biofeedbacks und Neurofeedbacks. In unserem Newsletter finden Sie:\u00a0 Aktuelle Hinweise zur Gestaltung von Trainingseinheiten\u00a0 Neueste Studien und Forschungsergebnisse Presseberichte und relevante Zeitungsberichte Sonderangebote und exklusive Rabatte Kostenlos f\u00fcr Sie: Biofeedback und Neurofeedback in Training und TrainingEin umfassendes Grundlagenwerk [&hellip;]<\/p>\n","protected":false},"author":4,"featured_media":0,"parent":0,"menu_order":0,"comment_status":"closed","ping_status":"closed","template":"","meta":{"_et_pb_use_builder":"on","_et_pb_old_content":"<p>[contact-form-7 id=\"5964\" title=\"NL\"]<\/p>","_et_gb_content_width":"","footnotes":""},"class_list":["post-5965","page","type-page","status-publish","hentry"],"_links":{"self":[{"href":"https:\/\/biofeedback.co.at\/en\/wp-json\/wp\/v2\/pages\/5965","targetHints":{"allow":["GET"]}}],"collection":[{"href":"https:\/\/biofeedback.co.at\/en\/wp-json\/wp\/v2\/pages"}],"about":[{"href":"https:\/\/biofeedback.co.at\/en\/wp-json\/wp\/v2\/types\/page"}],"author":[{"embeddable":true,"href":"https:\/\/biofeedback.co.at\/en\/wp-json\/wp\/v2\/users\/4"}],"replies":[{"embeddable":true,"href":"https:\/\/biofeedback.co.at\/en\/wp-json\/wp\/v2\/comments?post=5965"}],"version-history":[{"count":1,"href":"https:\/\/biofeedback.co.at\/en\/wp-json\/wp\/v2\/pages\/5965\/revisions"}],"predecessor-version":[{"id":258447,"href":"https:\/\/biofeedback.co.at\/en\/wp-json\/wp\/v2\/pages\/5965\/revisions\/258447"}],"wp:attachment":[{"href":"https:\/\/biofeedback.co.at\/en\/wp-json\/wp\/v2\/media?parent=5965"}],"curies":[{"name":"wp","href":"https:\/\/api.w.org\/{rel}","templated":true}]}}